{"id":9826,"date":"2026-03-12T15:29:01","date_gmt":"2026-03-12T20:29:01","guid":{"rendered":"https:\/\/northforest-equipement.com\/produit\/nf350-dumpbox"},"modified":"2026-03-12T15:29:01","modified_gmt":"2026-03-12T20:29:01","slug":"nf350-dumpbox","status":"publish","type":"product","link":"https:\/\/northforest-equipement.com\/fr\/produit\/nf350-dumpbox","title":{"rendered":"NF350-DumpBox"},"content":{"rendered":"<h1 class=\"tE7R7 indIKd q23Yce fA1vYb pb3iw\">Accessoire de remorque basculante hydraulique<\/h1>\n<p>TRANSFORMEZ VOTRE NF-350 EN REMORQUE BASCULANTE \u00c0 CHARGEMENT AUTOMATIQUE<\/p>\n<p>CECI EST CON\u00c7U POUR \u00caTRE FACILEMENT INSTALL\u00c9 SUR LE NF350W-N<\/p>\n<p>-INCLUS : -SYST\u00c8ME HYDRAULIQUE ET RACCORDS RAPIDES<\/p>\n<p>-PANNEAUX LAT\u00c9RAUX AMOVIBLES<\/p>\n<p>-PORTE ARRI\u00c8RE BASCULANTE<\/p>\n<p>-SUPPORT DE BARRE FIXE POUR D\u00c9CHARGER FACILEMENT LUNIT\u00c9<\/p>\n<p>-REV\u00caTEMENT EN POUDRE<\/p>\n<p>DIMENSIONS EMBALL\u00c9ES POUR LE TRANSPORT.<\/p>\n<p>HAUTEUR : 20 POUCES<\/p>\n<p>LONGUEUR : 80 POUCES<\/p>\n<p>LARGEUR : 45 POUCES<\/p>\n<p>POIDS TOTAL 500 LB<\/p>\n","protected":false},"excerpt":{"rendered":"<p>Accessoire de remorque basculante hydraulique TRANSFORMEZ VOTRE NF-350 EN REMORQUE BASCULANTE \u00c0 CHARGEMENT AUTOMATIQUE CECI EST CON\u00c7U POUR \u00caTRE FACILEMENT INSTALL\u00c9 SUR LE NF350W-N -INCLUS : -SYST\u00c8ME HYDRAULIQUE ET RACCORDS RAPIDES -PANNEAUX LAT\u00c9RAUX AMOVIBLES -PORTE ARRI\u00c8RE BASCULANTE -SUPPORT DE BARRE FIXE POUR D\u00c9CHARGER FACILEMENT LUNIT\u00c9 -REV\u00caTEMENT EN POUDRE DIMENSIONS EMBALL\u00c9ES POUR LE TRANSPORT. HAUTEUR : [&hellip;]<\/p>\n","protected":false},"featured_media":9896,"comment_status":"closed","ping_status":"closed","template":"","meta":{"ocean_post_layout":"","ocean_both_sidebars_style":"","ocean_both_sidebars_content_width":0,"ocean_both_sidebars_sidebars_width":0,"ocean_sidebar":"0","ocean_second_sidebar":"0","ocean_disable_margins":"enable","ocean_add_body_class":"","ocean_shortcode_before_top_bar":"","ocean_shortcode_after_top_bar":"","ocean_shortcode_before_header":"","ocean_shortcode_after_header":"","ocean_has_shortcode":"","ocean_shortcode_after_title":"","ocean_shortcode_before_footer_widgets":"","ocean_shortcode_after_footer_widgets":"","ocean_shortcode_before_footer_bottom":"","ocean_shortcode_after_footer_bottom":"","ocean_display_top_bar":"default","ocean_display_header":"default","ocean_header_style":"","ocean_center_header_left_menu":"0","ocean_custom_header_template":"0","ocean_custom_logo":0,"ocean_custom_retina_logo":0,"ocean_custom_logo_max_width":0,"ocean_custom_logo_tablet_max_width":0,"ocean_custom_logo_mobile_max_width":0,"ocean_custom_logo_max_height":0,"ocean_custom_logo_tablet_max_height":0,"ocean_custom_logo_mobile_max_height":0,"ocean_header_custom_menu":"0","ocean_menu_typo_font_family":"0","ocean_menu_typo_font_subset":"","ocean_menu_typo_font_size":0,"ocean_menu_typo_font_size_tablet":0,"ocean_menu_typo_font_size_mobile":0,"ocean_menu_typo_font_size_unit":"px","ocean_menu_typo_font_weight":"","ocean_menu_typo_font_weight_tablet":"","ocean_menu_typo_font_weight_mobile":"","ocean_menu_typo_transform":"","ocean_menu_typo_transform_tablet":"","ocean_menu_typo_transform_mobile":"","ocean_menu_typo_line_height":0,"ocean_menu_typo_line_height_tablet":0,"ocean_menu_typo_line_height_mobile":0,"ocean_menu_typo_line_height_unit":"","ocean_menu_typo_spacing":0,"ocean_menu_typo_spacing_tablet":0,"ocean_menu_typo_spacing_mobile":0,"ocean_menu_typo_spacing_unit":"","ocean_menu_link_color":"","ocean_menu_link_color_hover":"","ocean_menu_link_color_active":"","ocean_menu_link_background":"","ocean_menu_link_hover_background":"","ocean_menu_link_active_background":"","ocean_menu_social_links_bg":"","ocean_menu_social_hover_links_bg":"","ocean_menu_social_links_color":"","ocean_menu_social_hover_links_color":"","ocean_disable_title":"on","ocean_disable_heading":"default","ocean_post_title":"","ocean_post_subheading":"","ocean_post_title_style":"","ocean_post_title_background_color":"","ocean_post_title_background":0,"ocean_post_title_bg_image_position":"","ocean_post_title_bg_image_attachment":"","ocean_post_title_bg_image_repeat":"","ocean_post_title_bg_image_size":"","ocean_post_title_height":0,"ocean_post_title_bg_overlay":0.5,"ocean_post_title_bg_overlay_color":"","ocean_disable_breadcrumbs":"default","ocean_breadcrumbs_color":"","ocean_breadcrumbs_separator_color":"","ocean_breadcrumbs_links_color":"","ocean_breadcrumbs_links_hover_color":"","ocean_display_footer_widgets":"default","ocean_display_footer_bottom":"default","ocean_custom_footer_template":"0"},"product_brand":[94],"product_cat":[174,187],"product_tag":[242],"class_list":{"0":"post-9826","1":"product","2":"type-product","3":"status-publish","4":"has-post-thumbnail","6":"product_brand-north-forest-power-equipement","7":"product_cat-accessoires","8":"product_cat-chargeuse-a-bois","9":"product_tag-nf-350-dumpbox","10":"product_shipping_class-palette-4x4","12":"entry","13":"has-media","15":"first","16":"instock","17":"taxable","18":"shipping-taxable","19":"purchasable","20":"product-type-simple","21":"has-product-nav","22":"col","23":"span_1_of_5","24":"owp-content-center","25":"item-entry","26":"owp-thumbs-layout-horizontal","27":"owp-btn-normal","28":"owp-tabs-layout-horizontal","30":"circle-sale"},"jetpack_sharing_enabled":true,"_links":{"self":[{"href":"https:\/\/northforest-equipement.com\/fr\/wp-json\/wp\/v2\/product\/9826","targetHints":{"allow":["GET"]}}],"collection":[{"href":"https:\/\/northforest-equipement.com\/fr\/wp-json\/wp\/v2\/product"}],"about":[{"href":"https:\/\/northforest-equipement.com\/fr\/wp-json\/wp\/v2\/types\/product"}],"replies":[{"embeddable":true,"href":"https:\/\/northforest-equipement.com\/fr\/wp-json\/wp\/v2\/comments?post=9826"}],"wp:featuredmedia":[{"embeddable":true,"href":"https:\/\/northforest-equipement.com\/fr\/wp-json\/wp\/v2\/media\/9896"}],"wp:attachment":[{"href":"https:\/\/northforest-equipement.com\/fr\/wp-json\/wp\/v2\/media?parent=9826"}],"wp:term":[{"taxonomy":"product_brand","embeddable":true,"href":"https:\/\/northforest-equipement.com\/fr\/wp-json\/wp\/v2\/product_brand?post=9826"},{"taxonomy":"product_cat","embeddable":true,"href":"https:\/\/northforest-equipement.com\/fr\/wp-json\/wp\/v2\/product_cat?post=9826"},{"taxonomy":"product_tag","embeddable":true,"href":"https:\/\/northforest-equipement.com\/fr\/wp-json\/wp\/v2\/product_tag?post=9826"}],"curies":[{"name":"wp","href":"https:\/\/api.w.org\/{rel}","templated":true}]}}