{"id":9686,"date":"2026-03-04T15:59:42","date_gmt":"2026-03-04T20:59:42","guid":{"rendered":"https:\/\/northforest-equipement.com\/produit\/nf-ldhd"},"modified":"2026-03-30T14:27:12","modified_gmt":"2026-03-30T19:27:12","slug":"nf-ldhd","status":"publish","type":"product","link":"https:\/\/northforest-equipement.com\/fr\/produit\/nf-ldhd","title":{"rendered":"NF-LDHD"},"content":{"rendered":"<h3>Plateforme d\u2019alimentation mobile renforc\u00e9e North Forest (version allong\u00e9e)<\/h3>\n<ul>\n<li> Plateforme mobile d\u2019alimentation en grumes La plateforme d\u2019alimentation mobile renforc\u00e9e North Forest (version allong\u00e9e) est con\u00e7ue pour am\u00e9liorer l\u2019efficacit\u00e9 de votre activit\u00e9 de transformation du bois de chauffage.<\/li>\n<li>Dot\u00e9e d\u2019une structure en acier robuste et d\u2019une grande capacit\u00e9 de charge, elle r\u00e9duit la manutention manuelle et assure une alimentation fluide des grumes vers votre processeur T29FHC.<\/li>\n<li>Construction renforc\u00e9e jusqu\u2019\u00e0 13\u202f000 lbs de charge utile<\/li>\n<li>Ch\u00e2ssis en acier enti\u00e8rement soud\u00e9 pour une r\u00e9sistance et une durabilit\u00e9 maximales<\/li>\n<li>Table de chargement hydraulique con\u00e7ue pour les grumes lourdes<\/li>\n<li>Structure renforc\u00e9e con\u00e7ue pour les op\u00e9rations professionnelles de bois de chauffage Capacit\u00e9 de chargement La zone de chargement de 60\u2033 \u00d7 120\u2033 permet de charger plusieurs grumes et de les traiter efficacement.<\/li>\n<li>Charge statique maximale : 13\u202f000 lbs, offrant une excellente stabilit\u00e9 m\u00eame sous forte charge.<\/li>\n<li>Syst\u00e8me d\u2019alimentation efficace La cha\u00eene d\u2019alimentation autonettoyante 667(16) assure un d\u00e9placement continu des grumes vers le processeur tout en r\u00e9duisant la maintenance. Capacit\u00e9 du convoyeur : <\/li>\n<li> Convoyeur \u00e0 cha\u00eene : 4\u202f000 lbs et convoyeur \u00e0 rouleaux : 1\u202f800 lbs<\/li>\n<li>Mobile et polyvalente Mont\u00e9e sur roues avec pieds stabilisateurs, la plateforme se d\u00e9place et se positionne facilement l\u00e0 o\u00f9 vous en avez besoin dans votre cour, votre parc \u00e0 bois ou sur votre chantier.<\/li>\n<\/ul>\n<h2 id=\"elementor-tab-title-1802\" class=\"elementor-tab-title elementor-active\" tabindex=\"0\" role=\"button\" data-tab=\"2\" aria-controls=\"elementor-tab-content-1802\" aria-expanded=\"true\" aria-selected=\"true\"><a class=\"elementor-accordion-title\" tabindex=\"0\">Sp\u00e9cifications techniques<\/a><\/h2>\n<div id=\"elementor-tab-content-1802\" class=\"elementor-tab-content elementor-clearfix elementor-active\" role=\"region\" data-tab=\"2\" aria-labelledby=\"elementor-tab-title-1802\">\n<h2><span class=\"a_GcMg font-feature-liga-off font-feature-clig-off font-feature-calt-off text-decoration-none text-strikethrough-none\">Zone de chargement : 60\u2033 x 120\u2033 <\/span><\/h2>\n<h2><span class=\"a_GcMg font-feature-liga-off font-feature-clig-off font-feature-calt-off text-decoration-none text-strikethrough-none\">Cha\u00eene d\u2019alimentation : 667(16)<\/span><\/h2>\n<h2><span class=\"a_GcMg font-feature-liga-off font-feature-clig-off font-feature-calt-off text-decoration-none text-strikethrough-none\">Charge statique max. : 13\u202f000 lbs<\/span><\/h2>\n<h2><span class=\"a_GcMg font-feature-liga-off font-feature-clig-off font-feature-calt-off text-decoration-none text-strikethrough-none\">Charge max. du convoyeur \u00e0 cha\u00eene : 4\u202f000 lbs<\/span><\/h2>\n<h2><span class=\"a_GcMg font-feature-liga-off font-feature-clig-off font-feature-calt-off text-decoration-none text-strikethrough-none\">Charge max. du convoyeur \u00e0 rouleaux : 1800 lbs<\/span><\/h2>\n<\/div>\n","protected":false},"excerpt":{"rendered":"<figure id=\"attachment_10127\" aria-describedby=\"caption-attachment-10127\" style=\"width: 300px\" class=\"wp-caption alignnone\"><img fetchpriority=\"high\" decoding=\"async\" class=\"size-medium wp-image-10127\" src=\"http:\/\/northforest-equipement.com\/wp-content\/uploads\/2026\/03\/PROMO-LDHD-ENGLAIG-300x200.jpg\" alt=\"{%ALT_TEXT%}\" width=\"300\" height=\"200\" srcset=\"https:\/\/i0.wp.com\/northforest-equipement.com\/wp-content\/uploads\/2026\/03\/PROMO-LDHD-ENGLAIG.jpg?resize=300%2C200&amp;ssl=1 300w, https:\/\/i0.wp.com\/northforest-equipement.com\/wp-content\/uploads\/2026\/03\/PROMO-LDHD-ENGLAIG.jpg?resize=1024%2C683&amp;ssl=1 1024w, https:\/\/i0.wp.com\/northforest-equipement.com\/wp-content\/uploads\/2026\/03\/PROMO-LDHD-ENGLAIG.jpg?resize=768%2C512&amp;ssl=1 768w, https:\/\/i0.wp.com\/northforest-equipement.com\/wp-content\/uploads\/2026\/03\/PROMO-LDHD-ENGLAIG.jpg?resize=400%2C267&amp;ssl=1 400w, https:\/\/i0.wp.com\/northforest-equipement.com\/wp-content\/uploads\/2026\/03\/PROMO-LDHD-ENGLAIG.jpg?w=1248&amp;ssl=1 1248w\" sizes=\"(max-width: 300px) 100vw, 300px\" \/><figcaption id=\"caption-attachment-10127\" class=\"wp-caption-text\">{%CAPTION%}<\/figcaption><\/figure>\n<h1 data-start=\"157\" data-end=\"181\">TABLE D\u2019ALIMENTATION \u00c0 CHA\u00ceNES RENFORC\u00c9E<\/h1>\n","protected":false},"featured_media":10128,"comment_status":"closed","ping_status":"closed","template":"","meta":{"ocean_post_layout":"","ocean_both_sidebars_style":"","ocean_both_sidebars_content_width":0,"ocean_both_sidebars_sidebars_width":0,"ocean_sidebar":"0","ocean_second_sidebar":"0","ocean_disable_margins":"enable","ocean_add_body_class":"","ocean_shortcode_before_top_bar":"","ocean_shortcode_after_top_bar":"","ocean_shortcode_before_header":"","ocean_shortcode_after_header":"","ocean_has_shortcode":"","ocean_shortcode_after_title":"","ocean_shortcode_before_footer_widgets":"","ocean_shortcode_after_footer_widgets":"","ocean_shortcode_before_footer_bottom":"","ocean_shortcode_after_footer_bottom":"","ocean_display_top_bar":"default","ocean_display_header":"default","ocean_header_style":"","ocean_center_header_left_menu":"0","ocean_custom_header_template":"0","ocean_custom_logo":0,"ocean_custom_retina_logo":0,"ocean_custom_logo_max_width":0,"ocean_custom_logo_tablet_max_width":0,"ocean_custom_logo_mobile_max_width":0,"ocean_custom_logo_max_height":0,"ocean_custom_logo_tablet_max_height":0,"ocean_custom_logo_mobile_max_height":0,"ocean_header_custom_menu":"0","ocean_menu_typo_font_family":"0","ocean_menu_typo_font_subset":"","ocean_menu_typo_font_size":0,"ocean_menu_typo_font_size_tablet":0,"ocean_menu_typo_font_size_mobile":0,"ocean_menu_typo_font_size_unit":"px","ocean_menu_typo_font_weight":"","ocean_menu_typo_font_weight_tablet":"","ocean_menu_typo_font_weight_mobile":"","ocean_menu_typo_transform":"","ocean_menu_typo_transform_tablet":"","ocean_menu_typo_transform_mobile":"","ocean_menu_typo_line_height":0,"ocean_menu_typo_line_height_tablet":0,"ocean_menu_typo_line_height_mobile":0,"ocean_menu_typo_line_height_unit":"","ocean_menu_typo_spacing":0,"ocean_menu_typo_spacing_tablet":0,"ocean_menu_typo_spacing_mobile":0,"ocean_menu_typo_spacing_unit":"","ocean_menu_link_color":"","ocean_menu_link_color_hover":"","ocean_menu_link_color_active":"","ocean_menu_link_background":"","ocean_menu_link_hover_background":"","ocean_menu_link_active_background":"","ocean_menu_social_links_bg":"","ocean_menu_social_hover_links_bg":"","ocean_menu_social_links_color":"","ocean_menu_social_hover_links_color":"","ocean_disable_title":"on","ocean_disable_heading":"default","ocean_post_title":"","ocean_post_subheading":"","ocean_post_title_style":"","ocean_post_title_background_color":"","ocean_post_title_background":0,"ocean_post_title_bg_image_position":"","ocean_post_title_bg_image_attachment":"","ocean_post_title_bg_image_repeat":"","ocean_post_title_bg_image_size":"","ocean_post_title_height":0,"ocean_post_title_bg_overlay":0.5,"ocean_post_title_bg_overlay_color":"","ocean_disable_breadcrumbs":"default","ocean_breadcrumbs_color":"","ocean_breadcrumbs_separator_color":"","ocean_breadcrumbs_links_color":"","ocean_breadcrumbs_links_hover_color":"","ocean_display_footer_widgets":"default","ocean_display_footer_bottom":"default","ocean_custom_footer_template":"0"},"product_brand":[],"product_cat":[177],"product_tag":[228],"class_list":{"0":"post-9686","1":"product","2":"type-product","3":"status-publish","4":"has-post-thumbnail","6":"product_cat-accessoires-pour-processeur-de-bois","7":"product_tag-nf-ldhd","8":"product_shipping_class-machinerie-lourde","10":"entry","11":"has-media","13":"first","14":"instock","15":"sale","16":"taxable","17":"shipping-taxable","18":"purchasable","19":"product-type-simple","20":"has-product-nav","21":"col","22":"span_1_of_5","23":"owp-content-center","24":"item-entry","25":"owp-thumbs-layout-horizontal","26":"owp-btn-normal","27":"owp-tabs-layout-horizontal","29":"circle-sale"},"jetpack_sharing_enabled":true,"_links":{"self":[{"href":"https:\/\/northforest-equipement.com\/fr\/wp-json\/wp\/v2\/product\/9686","targetHints":{"allow":["GET"]}}],"collection":[{"href":"https:\/\/northforest-equipement.com\/fr\/wp-json\/wp\/v2\/product"}],"about":[{"href":"https:\/\/northforest-equipement.com\/fr\/wp-json\/wp\/v2\/types\/product"}],"replies":[{"embeddable":true,"href":"https:\/\/northforest-equipement.com\/fr\/wp-json\/wp\/v2\/comments?post=9686"}],"wp:featuredmedia":[{"embeddable":true,"href":"https:\/\/northforest-equipement.com\/fr\/wp-json\/wp\/v2\/media\/10128"}],"wp:attachment":[{"href":"https:\/\/northforest-equipement.com\/fr\/wp-json\/wp\/v2\/media?parent=9686"}],"wp:term":[{"taxonomy":"product_brand","embeddable":true,"href":"https:\/\/northforest-equipement.com\/fr\/wp-json\/wp\/v2\/product_brand?post=9686"},{"taxonomy":"product_cat","embeddable":true,"href":"https:\/\/northforest-equipement.com\/fr\/wp-json\/wp\/v2\/product_cat?post=9686"},{"taxonomy":"product_tag","embeddable":true,"href":"https:\/\/northforest-equipement.com\/fr\/wp-json\/wp\/v2\/product_tag?post=9686"}],"curies":[{"name":"wp","href":"https:\/\/api.w.org\/{rel}","templated":true}]}}