{"id":9631,"date":"2026-02-12T14:47:18","date_gmt":"2026-02-12T19:47:18","guid":{"rendered":"https:\/\/northforest-equipement.com\/produit\/fendeuse-a-bois-verticale-nf-hd533"},"modified":"2026-03-31T07:43:03","modified_gmt":"2026-03-31T12:43:03","slug":"fendeuse-a-bois-verticale-nf-hd533","status":"publish","type":"product","link":"https:\/\/northforest-equipement.com\/fr\/produit\/fendeuse-a-bois-verticale-nf-hd533","title":{"rendered":"Fendeuse \u00e0 bois verticale NF-HD533"},"content":{"rendered":"<h4>Comprend un l\u00e8ve-b\u00fbche pour les b\u00fbches lourdes.<\/h4>\n<h4>Se replie facilement pour le transport routier.<\/h4>\n<h4>\u00c9quip\u00e9e d\u2019un moteur DUCAR de 14 hp.<\/h4>\n<h4>D\u00e9marrage par lanceur et d\u00e9marrage \u00e0 cl\u00e9.<\/h4>\n<h4>roues routi\u00e8res 12&Prime; avec feux et garde-boue<\/h4>\n<h4>Longueur max. des b\u00fbches 610 mm (21&Prime;)<\/h4>\n<h4>Commande hydraulique au pied, mains libres pour une manipulation facile<\/h4>\n<h4>Pompe hydraulique : mono-\u00e9tage haute vitesse.<\/h4>\n<h4>Temps de cycle : 7 secondes de fendage<\/h4>\n<h4>Jauge de temp\u00e9rature d\u2019huile hydraulique et indicateur de levier<\/h4>\n<h4>Distributeur hydraulique : retour automatique<\/h4>\n<h4>Capacit\u00e9 du r\u00e9servoir hydraulique : env. 7 gallons.<\/h4>\n<h4>Poids : 799 lb<\/h4>\n<h4>Attelage \u00e0 boule de 2 pouces.<\/h4>\n<h4>Double plateau de r\u00e9ception apr\u00e8s fendage.<\/h4>\n<h4>commande au pied pour la s\u00e9curit\u00e9 de l&rsquo;op\u00e9rateur.<\/h4>\n<h4>R\u00e9glage en hauteur tr\u00e8s pratique<\/h4>\n<h4>  feux.<\/h4>\n<h4>Garde-boue.<\/h4>\n<h4>Manom\u00e8tres de pression d\u2019huile.<\/h4>\n<h4>Voyant de niveau d\u2019huile.<\/h4>\n<h4>D\u00e9placement facile sur roue jockey.<\/h4>\n<h4>Garantie de 12 mois.<\/h4>\n<h4>Livraison possible sur tout le territoire<\/h4>\n<h4><\/h4>\n<h4><\/h4>\n","protected":false},"excerpt":{"rendered":"<h3>La NF-HD533 offre une puissance de fendage brute et une robustesse industrielle<\/h3>\n<p><img fetchpriority=\"high\" decoding=\"async\" class=\"size-medium wp-image-10148\" src=\"http:\/\/northforest-equipement.com\/wp-content\/uploads\/2026\/02\/grok-image-bfd7f601-1c96-41f3-ad8f-8b8f48945238-200x300.jpg\" alt=\"\" width=\"200\" height=\"300\" srcset=\"https:\/\/i0.wp.com\/northforest-equipement.com\/wp-content\/uploads\/2026\/02\/grok-image-bfd7f601-1c96-41f3-ad8f-8b8f48945238.jpg?resize=200%2C300&amp;ssl=1 200w, https:\/\/i0.wp.com\/northforest-equipement.com\/wp-content\/uploads\/2026\/02\/grok-image-bfd7f601-1c96-41f3-ad8f-8b8f48945238.jpg?resize=683%2C1024&amp;ssl=1 683w, https:\/\/i0.wp.com\/northforest-equipement.com\/wp-content\/uploads\/2026\/02\/grok-image-bfd7f601-1c96-41f3-ad8f-8b8f48945238.jpg?resize=768%2C1152&amp;ssl=1 768w, https:\/\/i0.wp.com\/northforest-equipement.com\/wp-content\/uploads\/2026\/02\/grok-image-bfd7f601-1c96-41f3-ad8f-8b8f48945238.jpg?resize=400%2C600&amp;ssl=1 400w, https:\/\/i0.wp.com\/northforest-equipement.com\/wp-content\/uploads\/2026\/02\/grok-image-bfd7f601-1c96-41f3-ad8f-8b8f48945238.jpg?w=832&amp;ssl=1 832w\" sizes=\"(max-width: 200px) 100vw, 200px\" \/><\/p>\n","protected":false},"featured_media":10149,"comment_status":"closed","ping_status":"closed","template":"","meta":{"ocean_post_layout":"","ocean_both_sidebars_style":"","ocean_both_sidebars_content_width":0,"ocean_both_sidebars_sidebars_width":0,"ocean_sidebar":"0","ocean_second_sidebar":"0","ocean_disable_margins":"enable","ocean_add_body_class":"","ocean_shortcode_before_top_bar":"","ocean_shortcode_after_top_bar":"","ocean_shortcode_before_header":"","ocean_shortcode_after_header":"","ocean_has_shortcode":"","ocean_shortcode_after_title":"","ocean_shortcode_before_footer_widgets":"","ocean_shortcode_after_footer_widgets":"","ocean_shortcode_before_footer_bottom":"","ocean_shortcode_after_footer_bottom":"","ocean_display_top_bar":"default","ocean_display_header":"default","ocean_header_style":"","ocean_center_header_left_menu":"0","ocean_custom_header_template":"0","ocean_custom_logo":0,"ocean_custom_retina_logo":0,"ocean_custom_logo_max_width":0,"ocean_custom_logo_tablet_max_width":0,"ocean_custom_logo_mobile_max_width":0,"ocean_custom_logo_max_height":0,"ocean_custom_logo_tablet_max_height":0,"ocean_custom_logo_mobile_max_height":0,"ocean_header_custom_menu":"0","ocean_menu_typo_font_family":"0","ocean_menu_typo_font_subset":"","ocean_menu_typo_font_size":0,"ocean_menu_typo_font_size_tablet":0,"ocean_menu_typo_font_size_mobile":0,"ocean_menu_typo_font_size_unit":"px","ocean_menu_typo_font_weight":"","ocean_menu_typo_font_weight_tablet":"","ocean_menu_typo_font_weight_mobile":"","ocean_menu_typo_transform":"","ocean_menu_typo_transform_tablet":"","ocean_menu_typo_transform_mobile":"","ocean_menu_typo_line_height":0,"ocean_menu_typo_line_height_tablet":0,"ocean_menu_typo_line_height_mobile":0,"ocean_menu_typo_line_height_unit":"","ocean_menu_typo_spacing":0,"ocean_menu_typo_spacing_tablet":0,"ocean_menu_typo_spacing_mobile":0,"ocean_menu_typo_spacing_unit":"","ocean_menu_link_color":"","ocean_menu_link_color_hover":"","ocean_menu_link_color_active":"","ocean_menu_link_background":"","ocean_menu_link_hover_background":"","ocean_menu_link_active_background":"","ocean_menu_social_links_bg":"","ocean_menu_social_hover_links_bg":"","ocean_menu_social_links_color":"","ocean_menu_social_hover_links_color":"","ocean_disable_title":"on","ocean_disable_heading":"default","ocean_post_title":"","ocean_post_subheading":"","ocean_post_title_style":"","ocean_post_title_background_color":"","ocean_post_title_background":0,"ocean_post_title_bg_image_position":"","ocean_post_title_bg_image_attachment":"","ocean_post_title_bg_image_repeat":"","ocean_post_title_bg_image_size":"","ocean_post_title_height":0,"ocean_post_title_bg_overlay":0.5,"ocean_post_title_bg_overlay_color":"","ocean_disable_breadcrumbs":"default","ocean_breadcrumbs_color":"","ocean_breadcrumbs_separator_color":"","ocean_breadcrumbs_links_color":"","ocean_breadcrumbs_links_hover_color":"","ocean_display_footer_widgets":"default","ocean_display_footer_bottom":"default","ocean_custom_footer_template":"0"},"product_brand":[],"product_cat":[183,184],"product_tag":[221],"class_list":{"0":"post-9631","1":"product","2":"type-product","3":"status-publish","4":"has-post-thumbnail","6":"product_cat-fendeuse-a-bois","7":"product_cat-outils-forestiers","8":"product_tag-nf-hd533","9":"product_shipping_class-palette-4x4","11":"entry","12":"has-media","14":"first","15":"instock","16":"sale","17":"taxable","18":"shipping-taxable","19":"purchasable","20":"product-type-simple","21":"has-product-nav","22":"col","23":"span_1_of_5","24":"owp-content-center","25":"item-entry","26":"owp-thumbs-layout-horizontal","27":"owp-btn-normal","28":"owp-tabs-layout-horizontal","30":"circle-sale"},"jetpack_sharing_enabled":true,"_links":{"self":[{"href":"https:\/\/northforest-equipement.com\/fr\/wp-json\/wp\/v2\/product\/9631","targetHints":{"allow":["GET"]}}],"collection":[{"href":"https:\/\/northforest-equipement.com\/fr\/wp-json\/wp\/v2\/product"}],"about":[{"href":"https:\/\/northforest-equipement.com\/fr\/wp-json\/wp\/v2\/types\/product"}],"replies":[{"embeddable":true,"href":"https:\/\/northforest-equipement.com\/fr\/wp-json\/wp\/v2\/comments?post=9631"}],"wp:featuredmedia":[{"embeddable":true,"href":"https:\/\/northforest-equipement.com\/fr\/wp-json\/wp\/v2\/media\/10149"}],"wp:attachment":[{"href":"https:\/\/northforest-equipement.com\/fr\/wp-json\/wp\/v2\/media?parent=9631"}],"wp:term":[{"taxonomy":"product_brand","embeddable":true,"href":"https:\/\/northforest-equipement.com\/fr\/wp-json\/wp\/v2\/product_brand?post=9631"},{"taxonomy":"product_cat","embeddable":true,"href":"https:\/\/northforest-equipement.com\/fr\/wp-json\/wp\/v2\/product_cat?post=9631"},{"taxonomy":"product_tag","embeddable":true,"href":"https:\/\/northforest-equipement.com\/fr\/wp-json\/wp\/v2\/product_tag?post=9631"}],"curies":[{"name":"wp","href":"https:\/\/api.w.org\/{rel}","templated":true}]}}