{"id":9628,"date":"2026-02-13T11:53:03","date_gmt":"2026-02-13T16:53:03","guid":{"rendered":"https:\/\/northforest-equipement.com\/produit\/fendeuse-a-bois-cinetique-34-tonnes"},"modified":"2026-04-01T09:34:47","modified_gmt":"2026-04-01T14:34:47","slug":"fendeuse-a-bois-cinetique-34-tonnes","status":"publish","type":"product","link":"https:\/\/northforest-equipement.com\/fr\/produit\/fendeuse-a-bois-cinetique-34-tonnes","title":{"rendered":"Fendeuse \u00e0 bois cin\u00e9tique 34 tonnes"},"content":{"rendered":"<div class=\"product-section-container-header\">\n<p data-start=\"83\" data-end=\"487\">La <strong data-start=\"87\" data-end=\"132\">fendeuse \u00e0 bois tractable North Forest K34T<\/strong> offre une puissance de fendage mobile pour les propri\u00e9taires, les grands terrains, les exploitations agricoles et les activit\u00e9s commerciales. Anim\u00e9e par un moteur DUCAR fiable de 6,5 HP, elle d\u00e9veloppe jusqu\u2019\u00e0 <strong data-start=\"341\" data-end=\"371\">34 tonnes de force de fendage<\/strong>, transformant les b\u00fbches les plus dures en morceaux faciles \u00e0 manipuler gr\u00e2ce \u00e0 une commande par levier sans effort, tout en vous faisant gagner du temps et en r\u00e9duisant la fatigue physique. <\/p>\n<p data-start=\"489\" data-end=\"830\">Con\u00e7ue pour les travaux exigeants, cette fendeuse accepte des b\u00fbches jusqu\u2019\u00e0 <strong data-start=\"559\" data-end=\"591\">28&Prime; de diam\u00e8tre et 24&Prime; de longueur<\/strong>. Sa poutre en H sur\u00e9lev\u00e9e de 28&Prime; et sa table de travail en acier limitent les flexions, rendant le chargement et le d\u00e9chargement plus rapides et plus confortables. Un coin de fendage de 8&Prime; assure une coupe efficace, tandis que des chemises de cylindre en fonte renforcent la solidit\u00e9 et la durabilit\u00e9 \u00e0 long terme. <\/p>\n<p data-start=\"832\" data-end=\"1103\">Pens\u00e9 pour une utilisation r\u00e9ellement hors r\u00e9seau, le ch\u00e2ssis en acier robuste int\u00e8gre une <strong data-start=\"910\" data-end=\"927\">boule d\u2019attelage 2&Prime;<\/strong> pour un raccordement rapide \u00e0 votre VTT ou UTV. Le moteur \u00e0 essence autonome \u00e9limine le besoin d\u2019\u00e9lectricit\u00e9, et les pneus tout-terrain robustes vous permettent d\u2019atteindre facilement les sites de travail isol\u00e9s. <\/p>\n<h2> Caract\u00e9ristiques<\/h2>\n<\/div>\n<div class=\"product-section-container-unit\">\n<div class=\"product-section-text \">\n<ul>\n<li>Force : 34 tonnes<\/li>\n<li>Hauteur du coin : 8\u201d<\/li>\n<li>Diam\u00e8tre de b\u00fbche admissible : 28\u201d<\/li>\n<li>Longueur de b\u00fbche admissible : 24\u201d<\/li>\n<li>Pneu : 480-8<\/li>\n<li>Temps de cycle : 3 secondes<\/li>\n<li>Hauteur de la poutre en H : 25\u201d<\/li>\n<li>Dimensions hors tout : 84\u201d x 33\u201d x 38\u201d (L x l x H)<\/li>\n<li>R\u00e9cepteur \u00e0 boule 2\u201d<\/li>\n<\/ul>\n<p><b>Moteur :<\/b><\/p>\n<ul>\n<li>Mod\u00e8le : DUCAR DH212 gaz<\/li>\n<li>Type : 4 temps, OHV<\/li>\n<li>Puissance : 6,5 HP<\/li>\n<li>Type de d\u00e9marrage : lanceur<\/li>\n<li>Capacit\u00e9 d\u2019huile : 0,5 L<\/li>\n<li>Les chemises de cylindre en fonte assurent une durabilit\u00e9 \u00e0 long terme<\/li>\n<li>Oil Sentry\u2122 coupe automatiquement le moteur en cas de niveau d\u2019huile bas<\/li>\n<\/ul>\n<\/div>\n<\/div>\n","protected":false},"excerpt":{"rendered":"<h2>  Fendeuse de b\u00fbches cin\u00e9tique de 34 tonnes<\/h2>\n<figure id=\"attachment_10142\" aria-describedby=\"caption-attachment-10142\" style=\"width: 261px\" class=\"wp-caption alignnone\"><img fetchpriority=\"high\" decoding=\"async\" class=\" wp-image-10142\" src=\"http:\/\/northforest-equipement.com\/wp-content\/uploads\/2026\/02\/K34T-SPECS-200x300.jpg\" alt=\"NORTHFOREST Fendeuse \u00e0 bois cin\u00e9tique\" width=\"261\" height=\"392\" srcset=\"https:\/\/i0.wp.com\/northforest-equipement.com\/wp-content\/uploads\/2026\/02\/K34T-SPECS.jpg?resize=200%2C300&amp;ssl=1 200w, https:\/\/i0.wp.com\/northforest-equipement.com\/wp-content\/uploads\/2026\/02\/K34T-SPECS.jpg?resize=683%2C1024&amp;ssl=1 683w, https:\/\/i0.wp.com\/northforest-equipement.com\/wp-content\/uploads\/2026\/02\/K34T-SPECS.jpg?resize=768%2C1152&amp;ssl=1 768w, https:\/\/i0.wp.com\/northforest-equipement.com\/wp-content\/uploads\/2026\/02\/K34T-SPECS.jpg?resize=400%2C600&amp;ssl=1 400w, https:\/\/i0.wp.com\/northforest-equipement.com\/wp-content\/uploads\/2026\/02\/K34T-SPECS.jpg?w=832&amp;ssl=1 832w\" sizes=\"(max-width: 261px) 100vw, 261px\" \/><figcaption id=\"caption-attachment-10142\" class=\"wp-caption-text\">NORTHFOREST<br \/>Fendeuse \u00e0 bois cin\u00e9tique<\/figcaption><\/figure>\n","protected":false},"featured_media":10143,"comment_status":"closed","ping_status":"closed","template":"","meta":{"ocean_post_layout":"","ocean_both_sidebars_style":"","ocean_both_sidebars_content_width":0,"ocean_both_sidebars_sidebars_width":0,"ocean_sidebar":"0","ocean_second_sidebar":"0","ocean_disable_margins":"enable","ocean_add_body_class":"","ocean_shortcode_before_top_bar":"","ocean_shortcode_after_top_bar":"","ocean_shortcode_before_header":"","ocean_shortcode_after_header":"","ocean_has_shortcode":"","ocean_shortcode_after_title":"","ocean_shortcode_before_footer_widgets":"","ocean_shortcode_after_footer_widgets":"","ocean_shortcode_before_footer_bottom":"","ocean_shortcode_after_footer_bottom":"","ocean_display_top_bar":"default","ocean_display_header":"default","ocean_header_style":"","ocean_center_header_left_menu":"0","ocean_custom_header_template":"0","ocean_custom_logo":0,"ocean_custom_retina_logo":0,"ocean_custom_logo_max_width":0,"ocean_custom_logo_tablet_max_width":0,"ocean_custom_logo_mobile_max_width":0,"ocean_custom_logo_max_height":0,"ocean_custom_logo_tablet_max_height":0,"ocean_custom_logo_mobile_max_height":0,"ocean_header_custom_menu":"0","ocean_menu_typo_font_family":"0","ocean_menu_typo_font_subset":"","ocean_menu_typo_font_size":0,"ocean_menu_typo_font_size_tablet":0,"ocean_menu_typo_font_size_mobile":0,"ocean_menu_typo_font_size_unit":"px","ocean_menu_typo_font_weight":"","ocean_menu_typo_font_weight_tablet":"","ocean_menu_typo_font_weight_mobile":"","ocean_menu_typo_transform":"","ocean_menu_typo_transform_tablet":"","ocean_menu_typo_transform_mobile":"","ocean_menu_typo_line_height":0,"ocean_menu_typo_line_height_tablet":0,"ocean_menu_typo_line_height_mobile":0,"ocean_menu_typo_line_height_unit":"","ocean_menu_typo_spacing":0,"ocean_menu_typo_spacing_tablet":0,"ocean_menu_typo_spacing_mobile":0,"ocean_menu_typo_spacing_unit":"","ocean_menu_link_color":"","ocean_menu_link_color_hover":"","ocean_menu_link_color_active":"","ocean_menu_link_background":"","ocean_menu_link_hover_background":"","ocean_menu_link_active_background":"","ocean_menu_social_links_bg":"","ocean_menu_social_hover_links_bg":"","ocean_menu_social_links_color":"","ocean_menu_social_hover_links_color":"","ocean_disable_title":"on","ocean_disable_heading":"default","ocean_post_title":"","ocean_post_subheading":"","ocean_post_title_style":"","ocean_post_title_background_color":"","ocean_post_title_background":0,"ocean_post_title_bg_image_position":"","ocean_post_title_bg_image_attachment":"","ocean_post_title_bg_image_repeat":"","ocean_post_title_bg_image_size":"","ocean_post_title_height":0,"ocean_post_title_bg_overlay":0.5,"ocean_post_title_bg_overlay_color":"","ocean_disable_breadcrumbs":"default","ocean_breadcrumbs_color":"","ocean_breadcrumbs_separator_color":"","ocean_breadcrumbs_links_color":"","ocean_breadcrumbs_links_hover_color":"","ocean_display_footer_widgets":"default","ocean_display_footer_bottom":"default","ocean_custom_footer_template":"0"},"product_brand":[],"product_cat":[183,184],"product_tag":[220],"class_list":{"0":"post-9628","1":"product","2":"type-product","3":"status-publish","4":"has-post-thumbnail","6":"product_cat-fendeuse-a-bois","7":"product_cat-outils-forestiers","8":"product_tag-nf-k34t","9":"product_shipping_class-palette-4x4","11":"entry","12":"has-media","14":"first","15":"instock","16":"sale","17":"taxable","18":"shipping-taxable","19":"purchasable","20":"product-type-simple","21":"has-product-nav","22":"col","23":"span_1_of_5","24":"owp-content-center","25":"item-entry","26":"owp-thumbs-layout-horizontal","27":"owp-btn-normal","28":"owp-tabs-layout-horizontal","30":"circle-sale"},"jetpack_sharing_enabled":true,"_links":{"self":[{"href":"https:\/\/northforest-equipement.com\/fr\/wp-json\/wp\/v2\/product\/9628","targetHints":{"allow":["GET"]}}],"collection":[{"href":"https:\/\/northforest-equipement.com\/fr\/wp-json\/wp\/v2\/product"}],"about":[{"href":"https:\/\/northforest-equipement.com\/fr\/wp-json\/wp\/v2\/types\/product"}],"replies":[{"embeddable":true,"href":"https:\/\/northforest-equipement.com\/fr\/wp-json\/wp\/v2\/comments?post=9628"}],"wp:featuredmedia":[{"embeddable":true,"href":"https:\/\/northforest-equipement.com\/fr\/wp-json\/wp\/v2\/media\/10143"}],"wp:attachment":[{"href":"https:\/\/northforest-equipement.com\/fr\/wp-json\/wp\/v2\/media?parent=9628"}],"wp:term":[{"taxonomy":"product_brand","embeddable":true,"href":"https:\/\/northforest-equipement.com\/fr\/wp-json\/wp\/v2\/product_brand?post=9628"},{"taxonomy":"product_cat","embeddable":true,"href":"https:\/\/northforest-equipement.com\/fr\/wp-json\/wp\/v2\/product_cat?post=9628"},{"taxonomy":"product_tag","embeddable":true,"href":"https:\/\/northforest-equipement.com\/fr\/wp-json\/wp\/v2\/product_tag?post=9628"}],"curies":[{"name":"wp","href":"https:\/\/api.w.org\/{rel}","templated":true}]}}