{"id":9472,"date":"2026-02-23T17:02:41","date_gmt":"2026-02-23T22:02:41","guid":{"rendered":"https:\/\/northforest-equipement.com\/produit\/brise-roche-edt45"},"modified":"2026-02-23T17:02:41","modified_gmt":"2026-02-23T22:02:41","slug":"brise-roche-edt45","status":"publish","type":"product","link":"https:\/\/northforest-equipement.com\/fr\/produit\/brise-roche-edt45","title":{"rendered":"Brise-roche EDT45"},"content":{"rendered":"<p data-start=\"559\" data-end=\"708\">Con\u00e7u pour la durabilit\u00e9 et une performance fluide, ce brise-roche compact est id\u00e9al pour les mini-pelles exigeant une grande puissance d\u2019impact dans un format l\u00e9ger.<\/p>\n<hr data-start=\"710\" data-end=\"713\">\n<h3 data-start=\"715\" data-end=\"733\"><strong data-start=\"719\" data-end=\"733\">Dimensions<\/strong><\/h3>\n<ul data-start=\"735\" data-end=\"897\">\n<li data-start=\"735\" data-end=\"768\">\n<p data-start=\"737\" data-end=\"768\"><strong data-start=\"737\" data-end=\"758\">Poids op\u00e9rationnel :<\/strong> 154 lbs<\/p>\n<\/li>\n<li data-start=\"769\" data-end=\"817\">\n<p data-start=\"771\" data-end=\"817\"><strong data-start=\"771\" data-end=\"790\">Longueur totale :<\/strong> 26,6\u2033 (sans l\u2019outil)<\/p>\n<\/li>\n<li data-start=\"818\" data-end=\"837\">\n<p data-start=\"820\" data-end=\"837\"><strong data-start=\"820\" data-end=\"830\">Largeur :<\/strong> 8,5\u2033<\/p>\n<\/li>\n<li data-start=\"838\" data-end=\"859\">\n<p data-start=\"840\" data-end=\"859\"><strong data-start=\"840\" data-end=\"851\">Hauteur :<\/strong> 13,8\u2033<\/p>\n<\/li>\n<li data-start=\"860\" data-end=\"897\">\n<p data-start=\"862\" data-end=\"897\"><strong data-start=\"862\" data-end=\"889\">Diam\u00e8tre de l\u2019outil \/ burin :<\/strong> 1,57\u2033<\/p>\n<\/li>\n<\/ul>\n<hr data-start=\"899\" data-end=\"902\">\n<h3 data-start=\"904\" data-end=\"934\"><strong data-start=\"908\" data-end=\"934\">Sp\u00e9cifications hydrauliques<\/strong><\/h3>\n<ul data-start=\"936\" data-end=\"1062\">\n<li data-start=\"936\" data-end=\"975\">\n<p data-start=\"938\" data-end=\"975\"><strong data-start=\"938\" data-end=\"959\">D\u00e9bit recommand\u00e9 :<\/strong> 4,0 \u2013 6,6 GPM<\/p>\n<\/li>\n<li data-start=\"976\" data-end=\"1021\">\n<p data-start=\"978\" data-end=\"1021\"><strong data-start=\"978\" data-end=\"1001\">Pression de service :<\/strong> 1 275 \u2013 1 700 PSI<\/p>\n<\/li>\n<li data-start=\"1022\" data-end=\"1062\">\n<p data-start=\"1024\" data-end=\"1062\"><strong data-start=\"1024\" data-end=\"1045\">Fr\u00e9quence d\u2019impact :<\/strong> 800 \u2013 1 400 BPM<\/p>\n<\/li>\n<\/ul>\n","protected":false},"excerpt":{"rendered":"<h1 class=\"product_title entry-title\">Brise-roche pour mini-pelle<\/h1>\n<p><img fetchpriority=\"high\" decoding=\"async\" class=\" wp-image-9280\" src=\"http:\/\/northforest-equipement.com\/wp-content\/uploads\/2026\/02\/EDT45-excavator-2-200x300.png\" alt=\"Mini brise-roche marteau hydraulique excavatrice hydraulic jackhammer EDT45\/200\" width=\"302\" height=\"453\" srcset=\"https:\/\/i0.wp.com\/northforest-equipement.com\/wp-content\/uploads\/2026\/02\/EDT45-excavator-2.png?resize=200%2C300&amp;ssl=1 200w, https:\/\/i0.wp.com\/northforest-equipement.com\/wp-content\/uploads\/2026\/02\/EDT45-excavator-2.png?resize=683%2C1024&amp;ssl=1 683w, https:\/\/i0.wp.com\/northforest-equipement.com\/wp-content\/uploads\/2026\/02\/EDT45-excavator-2.png?resize=768%2C1152&amp;ssl=1 768w, https:\/\/i0.wp.com\/northforest-equipement.com\/wp-content\/uploads\/2026\/02\/EDT45-excavator-2.png?resize=400%2C600&amp;ssl=1 400w, https:\/\/i0.wp.com\/northforest-equipement.com\/wp-content\/uploads\/2026\/02\/EDT45-excavator-2.png?w=1024&amp;ssl=1 1024w\" sizes=\"(max-width: 302px) 100vw, 302px\" \/><\/p>\n","protected":false},"featured_media":9278,"comment_status":"closed","ping_status":"closed","template":"","meta":{"ocean_post_layout":"","ocean_both_sidebars_style":"","ocean_both_sidebars_content_width":0,"ocean_both_sidebars_sidebars_width":0,"ocean_sidebar":"0","ocean_second_sidebar":"0","ocean_disable_margins":"enable","ocean_add_body_class":"","ocean_shortcode_before_top_bar":"","ocean_shortcode_after_top_bar":"","ocean_shortcode_before_header":"","ocean_shortcode_after_header":"","ocean_has_shortcode":"","ocean_shortcode_after_title":"","ocean_shortcode_before_footer_widgets":"","ocean_shortcode_after_footer_widgets":"","ocean_shortcode_before_footer_bottom":"","ocean_shortcode_after_footer_bottom":"","ocean_display_top_bar":"default","ocean_display_header":"default","ocean_header_style":"","ocean_center_header_left_menu":"0","ocean_custom_header_template":"0","ocean_custom_logo":0,"ocean_custom_retina_logo":0,"ocean_custom_logo_max_width":0,"ocean_custom_logo_tablet_max_width":0,"ocean_custom_logo_mobile_max_width":0,"ocean_custom_logo_max_height":0,"ocean_custom_logo_tablet_max_height":0,"ocean_custom_logo_mobile_max_height":0,"ocean_header_custom_menu":"0","ocean_menu_typo_font_family":"0","ocean_menu_typo_font_subset":"","ocean_menu_typo_font_size":0,"ocean_menu_typo_font_size_tablet":0,"ocean_menu_typo_font_size_mobile":0,"ocean_menu_typo_font_size_unit":"px","ocean_menu_typo_font_weight":"","ocean_menu_typo_font_weight_tablet":"","ocean_menu_typo_font_weight_mobile":"","ocean_menu_typo_transform":"","ocean_menu_typo_transform_tablet":"","ocean_menu_typo_transform_mobile":"","ocean_menu_typo_line_height":0,"ocean_menu_typo_line_height_tablet":0,"ocean_menu_typo_line_height_mobile":0,"ocean_menu_typo_line_height_unit":"","ocean_menu_typo_spacing":0,"ocean_menu_typo_spacing_tablet":0,"ocean_menu_typo_spacing_mobile":0,"ocean_menu_typo_spacing_unit":"","ocean_menu_link_color":"","ocean_menu_link_color_hover":"","ocean_menu_link_color_active":"","ocean_menu_link_background":"","ocean_menu_link_hover_background":"","ocean_menu_link_active_background":"","ocean_menu_social_links_bg":"","ocean_menu_social_hover_links_bg":"","ocean_menu_social_links_color":"","ocean_menu_social_hover_links_color":"","ocean_disable_title":"on","ocean_disable_heading":"default","ocean_post_title":"","ocean_post_subheading":"","ocean_post_title_style":"","ocean_post_title_background_color":"","ocean_post_title_background":0,"ocean_post_title_bg_image_position":"","ocean_post_title_bg_image_attachment":"","ocean_post_title_bg_image_repeat":"","ocean_post_title_bg_image_size":"","ocean_post_title_height":0,"ocean_post_title_bg_overlay":0.5,"ocean_post_title_bg_overlay_color":"","ocean_disable_breadcrumbs":"default","ocean_breadcrumbs_color":"","ocean_breadcrumbs_separator_color":"","ocean_breadcrumbs_links_color":"","ocean_breadcrumbs_links_hover_color":"","ocean_display_footer_widgets":"default","ocean_display_footer_bottom":"default","ocean_custom_footer_template":"0"},"product_brand":[87],"product_cat":[174,175],"product_tag":[211],"class_list":{"0":"post-9472","1":"product","2":"type-product","3":"status-publish","4":"has-post-thumbnail","6":"product_brand-rhinoceros","7":"product_cat-accessoires","8":"product_cat-pelle","9":"product_tag-brise-roche-edt45","11":"entry","12":"has-media","14":"first","15":"instock","16":"sale","17":"taxable","18":"shipping-taxable","19":"purchasable","20":"product-type-simple","21":"has-product-nav","22":"col","23":"span_1_of_5","24":"owp-content-center","25":"item-entry","26":"owp-thumbs-layout-horizontal","27":"owp-btn-normal","28":"owp-tabs-layout-horizontal","30":"circle-sale"},"jetpack_sharing_enabled":true,"_links":{"self":[{"href":"https:\/\/northforest-equipement.com\/fr\/wp-json\/wp\/v2\/product\/9472","targetHints":{"allow":["GET"]}}],"collection":[{"href":"https:\/\/northforest-equipement.com\/fr\/wp-json\/wp\/v2\/product"}],"about":[{"href":"https:\/\/northforest-equipement.com\/fr\/wp-json\/wp\/v2\/types\/product"}],"replies":[{"embeddable":true,"href":"https:\/\/northforest-equipement.com\/fr\/wp-json\/wp\/v2\/comments?post=9472"}],"wp:featuredmedia":[{"embeddable":true,"href":"https:\/\/northforest-equipement.com\/fr\/wp-json\/wp\/v2\/media\/9278"}],"wp:attachment":[{"href":"https:\/\/northforest-equipement.com\/fr\/wp-json\/wp\/v2\/media?parent=9472"}],"wp:term":[{"taxonomy":"product_brand","embeddable":true,"href":"https:\/\/northforest-equipement.com\/fr\/wp-json\/wp\/v2\/product_brand?post=9472"},{"taxonomy":"product_cat","embeddable":true,"href":"https:\/\/northforest-equipement.com\/fr\/wp-json\/wp\/v2\/product_cat?post=9472"},{"taxonomy":"product_tag","embeddable":true,"href":"https:\/\/northforest-equipement.com\/fr\/wp-json\/wp\/v2\/product_tag?post=9472"}],"curies":[{"name":"wp","href":"https:\/\/api.w.org\/{rel}","templated":true}]}}