{"id":9461,"date":"2026-02-11T17:15:26","date_gmt":"2026-02-11T22:15:26","guid":{"rendered":"https:\/\/northforest-equipement.com\/produit\/attache-rapide-mecanique-pour-axes-de-25-mm"},"modified":"2026-03-11T16:52:45","modified_gmt":"2026-03-11T21:52:45","slug":"attache-rapide-mecanique-pour-axes-de-25-mm","status":"publish","type":"product","link":"https:\/\/northforest-equipement.com\/fr\/produit\/attache-rapide-mecanique-pour-axes-de-25-mm","title":{"rendered":"Attache rapide m\u00e9canique pour axes de 25 mm"},"content":{"rendered":"<p>Attache rapide pour mini-pelle (<strong data-start=\"25\" data-end=\"52\">axes de 25 mm \/ environ 1\u2033<\/strong>) :<br data-start=\"54\" data-end=\"57\">Conception de deuxi\u00e8me g\u00e9n\u00e9ration \u00e9quip\u00e9e de graisseurs pour un entretien facilit\u00e9 et une dur\u00e9e de vie prolong\u00e9e. L&rsquo;ouverture de la m\u00e2choire r\u00e9glable varie de <strong data-start=\"192\" data-end=\"222\">50 \u00e0 90 mm (environ 2\u2033\u20133,5\u2033)<\/strong>, permettant des changements d&rsquo;accessoires rapides, efficaces et s\u00e9curis\u00e9s. <\/p>\n<p>&nbsp;<\/p>\n","protected":false},"excerpt":{"rendered":"<p>Attache rapide pour mini-pelle (<strong data-start=\"25\" data-end=\"52\">axes de 25 mm \/ environ 1\u2033<\/strong>) :<br data-start=\"54\" data-end=\"57\">Conception de deuxi\u00e8me g\u00e9n\u00e9ration \u00e9quip\u00e9e de graisseurs pour un entretien facilit\u00e9 et une dur\u00e9e de vie prolong\u00e9e. L&rsquo;ouverture de la m\u00e2choire r\u00e9glable varie de <strong data-start=\"192\" data-end=\"222\">50 \u00e0 90 mm (environ 2\u2033\u20133,5\u2033)<\/strong>, permettant des changements d&rsquo;accessoires rapides, efficaces et s\u00e9curis\u00e9s. <\/p>\n<h2>Dimensions<\/h2>\n<p>Cette attache rapide est compatible avec les mini-pelles pr\u00e9sentant les dimensions suivantes :<\/p>\n<ul>\n<li><strong>Longueur d&rsquo;\u00e9cartement :<\/strong> 93 mm (3,66 pouces)<\/li>\n<li><strong>Axe central :<\/strong> 85 mm (3,35 pouces)<\/li>\n<li><strong>Diam\u00e8tre d&rsquo;axe :<\/strong> 25 mm (0,98 pouce)<\/li>\n<\/ul>\n<figure id=\"attachment_8976\" aria-describedby=\"caption-attachment-8976\" style=\"width: 134px\" class=\"wp-caption alignnone\"><img decoding=\"async\" class=\"size-medium wp-image-8976 lazyload\" data-src=\"http:\/\/northforest-equipement.com\/wp-content\/uploads\/2026\/02\/Capture-decran-2026-02-12-162108-134x300.png\" alt=\"R\u00c9GLAGE POUR AXES DE 25 MM\" width=\"134\" height=\"300\" data-srcset=\"https:\/\/i0.wp.com\/northforest-equipement.com\/wp-content\/uploads\/2026\/02\/Capture-decran-2026-02-12-162108.png?resize=134%2C300&amp;ssl=1 134w, https:\/\/i0.wp.com\/northforest-equipement.com\/wp-content\/uploads\/2026\/02\/Capture-decran-2026-02-12-162108.png?resize=458%2C1024&amp;ssl=1 458w, https:\/\/i0.wp.com\/northforest-equipement.com\/wp-content\/uploads\/2026\/02\/Capture-decran-2026-02-12-162108.png?resize=400%2C894&amp;ssl=1 400w, https:\/\/i0.wp.com\/northforest-equipement.com\/wp-content\/uploads\/2026\/02\/Capture-decran-2026-02-12-162108.png?resize=27%2C60&amp;ssl=1 27w, https:\/\/i0.wp.com\/northforest-equipement.com\/wp-content\/uploads\/2026\/02\/Capture-decran-2026-02-12-162108.png?resize=40%2C90&amp;ssl=1 40w, https:\/\/i0.wp.com\/northforest-equipement.com\/wp-content\/uploads\/2026\/02\/Capture-decran-2026-02-12-162108.png?w=461&amp;ssl=1 461w\" data-sizes=\"(max-width: 134px) 100vw, 134px\" src=\"data:image\/svg+xml;base64,PHN2ZyB3aWR0aD0iMSIgaGVpZ2h0PSIxIiB4bWxucz0iaHR0cDovL3d3dy53My5vcmcvMjAwMC9zdmciPjwvc3ZnPg==\" style=\"--smush-placeholder-width: 134px; --smush-placeholder-aspect-ratio: 134\/300;\" \/><figcaption id=\"caption-attachment-8976\" class=\"wp-caption-text\">R\u00c9GLAGE POUR AXES DE 25 MM<\/figcaption><\/figure>\n","protected":false},"featured_media":9465,"comment_status":"closed","ping_status":"closed","template":"","meta":{"ocean_post_layout":"","ocean_both_sidebars_style":"","ocean_both_sidebars_content_width":0,"ocean_both_sidebars_sidebars_width":0,"ocean_sidebar":"0","ocean_second_sidebar":"0","ocean_disable_margins":"enable","ocean_add_body_class":"","ocean_shortcode_before_top_bar":"","ocean_shortcode_after_top_bar":"","ocean_shortcode_before_header":"","ocean_shortcode_after_header":"","ocean_has_shortcode":"","ocean_shortcode_after_title":"","ocean_shortcode_before_footer_widgets":"","ocean_shortcode_after_footer_widgets":"","ocean_shortcode_before_footer_bottom":"","ocean_shortcode_after_footer_bottom":"","ocean_display_top_bar":"default","ocean_display_header":"default","ocean_header_style":"","ocean_center_header_left_menu":"0","ocean_custom_header_template":"0","ocean_custom_logo":0,"ocean_custom_retina_logo":0,"ocean_custom_logo_max_width":0,"ocean_custom_logo_tablet_max_width":0,"ocean_custom_logo_mobile_max_width":0,"ocean_custom_logo_max_height":0,"ocean_custom_logo_tablet_max_height":0,"ocean_custom_logo_mobile_max_height":0,"ocean_header_custom_menu":"0","ocean_menu_typo_font_family":"0","ocean_menu_typo_font_subset":"","ocean_menu_typo_font_size":0,"ocean_menu_typo_font_size_tablet":0,"ocean_menu_typo_font_size_mobile":0,"ocean_menu_typo_font_size_unit":"px","ocean_menu_typo_font_weight":"","ocean_menu_typo_font_weight_tablet":"","ocean_menu_typo_font_weight_mobile":"","ocean_menu_typo_transform":"","ocean_menu_typo_transform_tablet":"","ocean_menu_typo_transform_mobile":"","ocean_menu_typo_line_height":0,"ocean_menu_typo_line_height_tablet":0,"ocean_menu_typo_line_height_mobile":0,"ocean_menu_typo_line_height_unit":"","ocean_menu_typo_spacing":0,"ocean_menu_typo_spacing_tablet":0,"ocean_menu_typo_spacing_mobile":0,"ocean_menu_typo_spacing_unit":"","ocean_menu_link_color":"","ocean_menu_link_color_hover":"","ocean_menu_link_color_active":"","ocean_menu_link_background":"","ocean_menu_link_hover_background":"","ocean_menu_link_active_background":"","ocean_menu_social_links_bg":"","ocean_menu_social_hover_links_bg":"","ocean_menu_social_links_color":"","ocean_menu_social_hover_links_color":"","ocean_disable_title":"on","ocean_disable_heading":"default","ocean_post_title":"","ocean_post_subheading":"","ocean_post_title_style":"","ocean_post_title_background_color":"","ocean_post_title_background":0,"ocean_post_title_bg_image_position":"","ocean_post_title_bg_image_attachment":"","ocean_post_title_bg_image_repeat":"","ocean_post_title_bg_image_size":"","ocean_post_title_height":0,"ocean_post_title_bg_overlay":0.5,"ocean_post_title_bg_overlay_color":"","ocean_disable_breadcrumbs":"default","ocean_breadcrumbs_color":"","ocean_breadcrumbs_separator_color":"","ocean_breadcrumbs_links_color":"","ocean_breadcrumbs_links_hover_color":"","ocean_display_footer_widgets":"default","ocean_display_footer_bottom":"default","ocean_custom_footer_template":"0"},"product_brand":[87],"product_cat":[174,175],"product_tag":[],"class_list":{"0":"post-9461","1":"product","2":"type-product","3":"status-publish","4":"has-post-thumbnail","6":"product_brand-rhinoceros","7":"product_cat-accessoires","8":"product_cat-pelle","10":"entry","11":"has-media","13":"first","14":"instock","15":"taxable","16":"shipping-taxable","17":"purchasable","18":"product-type-simple","19":"has-product-nav","20":"col","21":"span_1_of_5","22":"owp-content-center","23":"item-entry","24":"owp-thumbs-layout-horizontal","25":"owp-btn-normal","26":"owp-tabs-layout-horizontal","28":"circle-sale"},"jetpack_sharing_enabled":true,"_links":{"self":[{"href":"https:\/\/northforest-equipement.com\/fr\/wp-json\/wp\/v2\/product\/9461","targetHints":{"allow":["GET"]}}],"collection":[{"href":"https:\/\/northforest-equipement.com\/fr\/wp-json\/wp\/v2\/product"}],"about":[{"href":"https:\/\/northforest-equipement.com\/fr\/wp-json\/wp\/v2\/types\/product"}],"replies":[{"embeddable":true,"href":"https:\/\/northforest-equipement.com\/fr\/wp-json\/wp\/v2\/comments?post=9461"}],"wp:featuredmedia":[{"embeddable":true,"href":"https:\/\/northforest-equipement.com\/fr\/wp-json\/wp\/v2\/media\/9465"}],"wp:attachment":[{"href":"https:\/\/northforest-equipement.com\/fr\/wp-json\/wp\/v2\/media?parent=9461"}],"wp:term":[{"taxonomy":"product_brand","embeddable":true,"href":"https:\/\/northforest-equipement.com\/fr\/wp-json\/wp\/v2\/product_brand?post=9461"},{"taxonomy":"product_cat","embeddable":true,"href":"https:\/\/northforest-equipement.com\/fr\/wp-json\/wp\/v2\/product_cat?post=9461"},{"taxonomy":"product_tag","embeddable":true,"href":"https:\/\/northforest-equipement.com\/fr\/wp-json\/wp\/v2\/product_tag?post=9461"}],"curies":[{"name":"wp","href":"https:\/\/api.w.org\/{rel}","templated":true}]}}