{"id":9450,"date":"2026-02-16T14:20:11","date_gmt":"2026-02-16T19:20:11","guid":{"rendered":"https:\/\/northforest-equipement.com\/produit\/attache-rapide-mecanique-axes-de-30-mm"},"modified":"2026-02-16T14:20:11","modified_gmt":"2026-02-16T19:20:11","slug":"attache-rapide-mecanique-axes-de-30-mm","status":"publish","type":"product","link":"https:\/\/northforest-equipement.com\/fr\/produit\/attache-rapide-mecanique-axes-de-30-mm","title":{"rendered":"Attache rapide m\u00e9canique, axes de 30 mm"},"content":{"rendered":"<p data-start=\"93\" data-end=\"380\">Une attache rapide m\u00e9canique sert de connecteur fix\u00e9 \u00e0 l&rsquo;extr\u00e9mit\u00e9 du balancier de votre excavatrice, vous permettant de changer les accessoires rapidement et efficacement. En \u00e9liminant le besoin de retirer et de remettre manuellement les axes et les bagues \u00e0 chaque fois, elle r\u00e9duit consid\u00e9rablement les temps d&rsquo;arr\u00eat entre les t\u00e2ches. <\/p>\n<p data-start=\"382\" data-end=\"633\">Cette attache rapide manuelle est une alternative \u00e9conomique aux syst\u00e8mes hydrauliques ou \u00e0 verrouillage automatique, tout en am\u00e9liorant la productivit\u00e9 et la polyvalence de votre machine. Une comparaison plus d\u00e9taill\u00e9e entre les options manuelles et automatiques est disponible s\u00e9par\u00e9ment. <\/p>\n<p data-start=\"635\" data-end=\"731\">Con\u00e7ue pour les <strong data-start=\"648\" data-end=\"678\">mini-pelles avec axes de 30 mm<\/strong>, cette attache rapide est compatible avec des mod\u00e8les tels que :<\/p>\n<ul data-start=\"733\" data-end=\"792\">\n<li data-start=\"733\" data-end=\"752\">\n<p data-start=\"735\" data-end=\"752\">Rhinoceros XN18<\/p>\n<\/li>\n<li data-start=\"753\" data-end=\"772\">\n<p data-start=\"755\" data-end=\"772\">Rhinoceros XN20<\/p>\n<\/li>\n<li data-start=\"773\" data-end=\"792\">\n<p data-start=\"775\" data-end=\"792\">Rhinoceros XN22<\/p>\n<\/li>\n<\/ul>\n<p data-start=\"794\" data-end=\"860\">Elle convient \u00e9galement \u00e0 de nombreuses micro-pelles de 1,8 \u00e0 3 tonnes utilisant des axes de 30 mm.<\/p>\n<p data-start=\"862\" data-end=\"1014\">Adapt\u00e9e \u00e0 l&rsquo;utilisation avec des godets, brise-roches, rippers, concasseurs, cisailles hydrauliques et autres accessoires, cette attache rapide maximise l&rsquo;efficacit\u00e9 sur site.<\/p>\n<h2 data-start=\"0\" data-end=\"32\">Autres sp\u00e9cifications (pouces)<\/h2>\n<ul data-start=\"34\" data-end=\"213\" data-is-last-node=\"\" data-is-only-node=\"\">\n<li data-start=\"34\" data-end=\"55\">\n<p data-start=\"36\" data-end=\"55\"><strong data-start=\"36\" data-end=\"47\">Poids :<\/strong> 16 kg<\/p>\n<\/li>\n<li data-start=\"56\" data-end=\"78\">\n<p data-start=\"58\" data-end=\"78\"><strong data-start=\"58\" data-end=\"68\">Largeur :<\/strong> 7,87 in<\/p>\n<\/li>\n<li data-start=\"79\" data-end=\"102\">\n<p data-start=\"81\" data-end=\"102\"><strong data-start=\"81\" data-end=\"92\">Hauteur :<\/strong> 9,06 in<\/p>\n<\/li>\n<li data-start=\"103\" data-end=\"127\">\n<p data-start=\"105\" data-end=\"127\"><strong data-start=\"105\" data-end=\"116\">Longueur :<\/strong> 11,42 in<\/p>\n<\/li>\n<li data-start=\"128\" data-end=\"213\" data-is-last-node=\"\">\n<p data-start=\"130\" data-end=\"151\"><strong data-start=\"130\" data-end=\"149\">Plage de serrage :<\/strong><\/p>\n<ul data-start=\"154\" data-end=\"213\" data-is-last-node=\"\">\n<li data-start=\"154\" data-end=\"182\">\n<p data-start=\"156\" data-end=\"182\">M\u00e2choires enti\u00e8rement ouvertes : 7,48 in<\/p>\n<\/li>\n<li data-start=\"185\" data-end=\"213\" data-is-last-node=\"\">\n<p data-start=\"187\" data-end=\"213\" data-is-last-node=\"\">M\u00e2choires enti\u00e8rement ferm\u00e9es : 3,94 in<\/p>\n<\/li>\n<\/ul>\n<\/li>\n<\/ul>\n","protected":false},"excerpt":{"rendered":"<p>Attache rapide m\u00e9canique 30 mm<\/p>\n","protected":false},"featured_media":9104,"comment_status":"closed","ping_status":"closed","template":"","meta":{"ocean_post_layout":"","ocean_both_sidebars_style":"","ocean_both_sidebars_content_width":0,"ocean_both_sidebars_sidebars_width":0,"ocean_sidebar":"0","ocean_second_sidebar":"0","ocean_disable_margins":"enable","ocean_add_body_class":"","ocean_shortcode_before_top_bar":"","ocean_shortcode_after_top_bar":"","ocean_shortcode_before_header":"","ocean_shortcode_after_header":"","ocean_has_shortcode":"","ocean_shortcode_after_title":"","ocean_shortcode_before_footer_widgets":"","ocean_shortcode_after_footer_widgets":"","ocean_shortcode_before_footer_bottom":"","ocean_shortcode_after_footer_bottom":"","ocean_display_top_bar":"default","ocean_display_header":"default","ocean_header_style":"","ocean_center_header_left_menu":"0","ocean_custom_header_template":"0","ocean_custom_logo":0,"ocean_custom_retina_logo":0,"ocean_custom_logo_max_width":0,"ocean_custom_logo_tablet_max_width":0,"ocean_custom_logo_mobile_max_width":0,"ocean_custom_logo_max_height":0,"ocean_custom_logo_tablet_max_height":0,"ocean_custom_logo_mobile_max_height":0,"ocean_header_custom_menu":"0","ocean_menu_typo_font_family":"0","ocean_menu_typo_font_subset":"","ocean_menu_typo_font_size":0,"ocean_menu_typo_font_size_tablet":0,"ocean_menu_typo_font_size_mobile":0,"ocean_menu_typo_font_size_unit":"px","ocean_menu_typo_font_weight":"","ocean_menu_typo_font_weight_tablet":"","ocean_menu_typo_font_weight_mobile":"","ocean_menu_typo_transform":"","ocean_menu_typo_transform_tablet":"","ocean_menu_typo_transform_mobile":"","ocean_menu_typo_line_height":0,"ocean_menu_typo_line_height_tablet":0,"ocean_menu_typo_line_height_mobile":0,"ocean_menu_typo_line_height_unit":"","ocean_menu_typo_spacing":0,"ocean_menu_typo_spacing_tablet":0,"ocean_menu_typo_spacing_mobile":0,"ocean_menu_typo_spacing_unit":"","ocean_menu_link_color":"","ocean_menu_link_color_hover":"","ocean_menu_link_color_active":"","ocean_menu_link_background":"","ocean_menu_link_hover_background":"","ocean_menu_link_active_background":"","ocean_menu_social_links_bg":"","ocean_menu_social_hover_links_bg":"","ocean_menu_social_links_color":"","ocean_menu_social_hover_links_color":"","ocean_disable_title":"on","ocean_disable_heading":"default","ocean_post_title":"","ocean_post_subheading":"","ocean_post_title_style":"","ocean_post_title_background_color":"","ocean_post_title_background":0,"ocean_post_title_bg_image_position":"","ocean_post_title_bg_image_attachment":"","ocean_post_title_bg_image_repeat":"","ocean_post_title_bg_image_size":"","ocean_post_title_height":0,"ocean_post_title_bg_overlay":0.5,"ocean_post_title_bg_overlay_color":"","ocean_disable_breadcrumbs":"default","ocean_breadcrumbs_color":"","ocean_breadcrumbs_separator_color":"","ocean_breadcrumbs_links_color":"","ocean_breadcrumbs_links_hover_color":"","ocean_display_footer_widgets":"default","ocean_display_footer_bottom":"default","ocean_custom_footer_template":"0"},"product_brand":[87],"product_cat":[174,175],"product_tag":[207],"class_list":{"0":"post-9450","1":"product","2":"type-product","3":"status-publish","4":"has-post-thumbnail","6":"product_brand-rhinoceros","7":"product_cat-accessoires","8":"product_cat-pelle","9":"product_tag-attache-rapide-mecanique-axes-de-30-mm","11":"entry","12":"has-media","14":"first","15":"instock","16":"taxable","17":"shipping-taxable","18":"purchasable","19":"product-type-simple","20":"has-product-nav","21":"col","22":"span_1_of_5","23":"owp-content-center","24":"item-entry","25":"owp-thumbs-layout-horizontal","26":"owp-btn-normal","27":"owp-tabs-layout-horizontal","29":"circle-sale"},"jetpack_sharing_enabled":true,"_links":{"self":[{"href":"https:\/\/northforest-equipement.com\/fr\/wp-json\/wp\/v2\/product\/9450","targetHints":{"allow":["GET"]}}],"collection":[{"href":"https:\/\/northforest-equipement.com\/fr\/wp-json\/wp\/v2\/product"}],"about":[{"href":"https:\/\/northforest-equipement.com\/fr\/wp-json\/wp\/v2\/types\/product"}],"replies":[{"embeddable":true,"href":"https:\/\/northforest-equipement.com\/fr\/wp-json\/wp\/v2\/comments?post=9450"}],"wp:featuredmedia":[{"embeddable":true,"href":"https:\/\/northforest-equipement.com\/fr\/wp-json\/wp\/v2\/media\/9104"}],"wp:attachment":[{"href":"https:\/\/northforest-equipement.com\/fr\/wp-json\/wp\/v2\/media?parent=9450"}],"wp:term":[{"taxonomy":"product_brand","embeddable":true,"href":"https:\/\/northforest-equipement.com\/fr\/wp-json\/wp\/v2\/product_brand?post=9450"},{"taxonomy":"product_cat","embeddable":true,"href":"https:\/\/northforest-equipement.com\/fr\/wp-json\/wp\/v2\/product_cat?post=9450"},{"taxonomy":"product_tag","embeddable":true,"href":"https:\/\/northforest-equipement.com\/fr\/wp-json\/wp\/v2\/product_tag?post=9450"}],"curies":[{"name":"wp","href":"https:\/\/api.w.org\/{rel}","templated":true}]}}