{"id":9441,"date":"2026-02-24T11:19:52","date_gmt":"2026-02-24T16:19:52","guid":{"rendered":"https:\/\/northforest-equipement.com\/produit\/nf-ripper-axes-25-mm"},"modified":"2026-03-11T16:51:49","modified_gmt":"2026-03-11T21:51:49","slug":"nf-ripper-axes-25-mm","status":"publish","type":"product","link":"https:\/\/northforest-equipement.com\/fr\/produit\/nf-ripper-axes-25-mm","title":{"rendered":"NF-Ripper axes 25 mm"},"content":{"rendered":"<article class=\"text-token-text-primary w-full focus:outline-none [--shadow-height:45px] has-data-writing-block:pointer-events-none has-data-writing-block:-mt-(--shadow-height) has-data-writing-block:pt-(--shadow-height) [&amp;:has([data-writing-block])&gt;*]:pointer-events-auto scroll-mt-(--header-height)\" dir=\"auto\" tabindex=\"-1\" data-turn-id=\"2cbca9dc-8df4-4496-87e1-a1dd1e1336f2\" data-testid=\"conversation-turn-105\" data-scroll-anchor=\"false\" data-turn=\"user\"><\/article>\n<article class=\"text-token-text-primary w-full focus:outline-none [--shadow-height:45px] has-data-writing-block:pointer-events-none has-data-writing-block:-mt-(--shadow-height) has-data-writing-block:pt-(--shadow-height) [&amp;:has([data-writing-block])&gt;*]:pointer-events-auto scroll-mt-[calc(var(--header-height)+min(200px,max(70px,20svh)))]\" dir=\"auto\" tabindex=\"-1\" data-turn-id=\"request-WEB:09a3a6d3-0d63-4afe-ae52-2f19989f523a-52\" data-testid=\"conversation-turn-106\" data-scroll-anchor=\"true\" data-turn=\"assistant\">\n<div class=\"text-base my-auto mx-auto pb-10 [--thread-content-margin:--spacing(4)] @w-sm\/main:[--thread-content-margin:--spacing(6)] @w-lg\/main:[--thread-content-margin:--spacing(16)] px-(--thread-content-margin)\">\n<div class=\"[--thread-content-max-width:40rem] @w-lg\/main:[--thread-content-max-width:48rem] mx-auto max-w-(--thread-content-max-width) flex-1 group\/turn-messages focus-visible:outline-hidden relative flex w-full min-w-0 flex-col agent-turn\" tabindex=\"-1\">\n<div class=\"flex max-w-full flex-col grow\">\n<div class=\"min-h-8 text-message relative flex w-full flex-col items-end gap-2 text-start break-words whitespace-normal [.text-message+&amp;]:mt-1\" dir=\"auto\" data-message-author-role=\"assistant\" data-message-id=\"b6f34ba1-4ec8-486c-b208-d1bf02fcfbc3\" data-message-model-slug=\"gpt-5-2\">\n<div class=\"flex w-full flex-col gap-1 empty:hidden first:pt-[1px]\">\n<div class=\"markdown prose dark:prose-invert w-full wrap-break-word light markdown-new-styling\">\n<h3 data-start=\"0\" data-end=\"46\"><strong data-start=\"4\" data-end=\"46\">Dent de ripper robuste pour mini-pelle<\/strong><\/h3>\n<p data-start=\"48\" data-end=\"304\">Con\u00e7ue pour concentrer la force de creusement sur une petite zone de contact afin d\u2019assurer une p\u00e9n\u00e9tration maximale. Id\u00e9ale pour briser le sol gel\u00e9, les sols compacts, les racines d\u2019arbres et le b\u00e9ton, sans solliciter votre godet ni votre machine. \u00c0 utiliser par passes progressives pour un fonctionnement fluide et ma\u00eetris\u00e9.  <\/p>\n<p data-start=\"306\" data-end=\"338\"><strong data-start=\"306\" data-end=\"338\">Caract\u00e9ristiques cl\u00e9s (mesures US) :<\/strong><\/p>\n<ul data-start=\"340\" data-end=\"637\">\n<li data-start=\"340\" data-end=\"370\">\n<p data-start=\"342\" data-end=\"370\"><strong data-start=\"342\" data-end=\"355\">Diam\u00e8tre d\u2019axe :<\/strong> 1 in (25 mm)<\/p>\n<\/li>\n<li data-start=\"371\" data-end=\"405\">\n<p data-start=\"373\" data-end=\"405\"><strong data-start=\"373\" data-end=\"388\">\u00c9cartement du balancier :<\/strong> 3.5 in (90 mm)<\/p>\n<\/li>\n<li data-start=\"406\" data-end=\"449\">\n<p data-start=\"408\" data-end=\"449\"><strong data-start=\"408\" data-end=\"432\">Entraxe des axes :<\/strong> 3.5 in (90 mm)<\/p>\n<\/li>\n<li data-start=\"450\" data-end=\"487\">\n<p data-start=\"452\" data-end=\"487\"><strong data-start=\"452\" data-end=\"469\">Longueur de la dent :<\/strong> 12.6 in (32 cm)<\/p>\n<\/li>\n<li data-start=\"488\" data-end=\"546\">\n<p data-start=\"490\" data-end=\"546\"><strong data-start=\"490\" data-end=\"503\">Mat\u00e9riau :<\/strong> acier alli\u00e9 haute r\u00e9sistance, r\u00e9sistant \u00e0 l\u2019usure<\/p>\n<\/li>\n<li data-start=\"547\" data-end=\"637\">\n<p data-start=\"549\" data-end=\"637\"><strong data-start=\"549\" data-end=\"567\">Compatibilit\u00e9 :<\/strong> Rhinoceros XN08, XN10-8, XN12-9 et la plupart des mini-pelles avec axes de 1\u2033<\/p>\n<\/li>\n<\/ul>\n<\/div>\n<\/div>\n<\/div>\n<\/div>\n<\/div>\n<\/div>\n<\/article>\n","protected":false},"excerpt":{"rendered":"<h3 data-start=\"0\" data-end=\"46\"><strong data-start=\"4\" data-end=\"46\">Dent de ripper robuste pour mini-pelle<\/strong><\/h3>\n<figure id=\"attachment_9304\" aria-describedby=\"caption-attachment-9304\" style=\"width: 298px\" class=\"wp-caption alignnone\"><img fetchpriority=\"high\" decoding=\"async\" class=\" wp-image-9304\" src=\"http:\/\/northforest-equipement.com\/wp-content\/uploads\/2026\/02\/ChatGPT-Image-Feb-24-2026-11_16_48-AM-200x300.png\" alt=\"pelle RIPPER RIPPER\" width=\"298\" height=\"447\" srcset=\"https:\/\/i0.wp.com\/northforest-equipement.com\/wp-content\/uploads\/2026\/02\/ChatGPT-Image-Feb-24-2026-11_16_48-AM.png?resize=200%2C300&amp;ssl=1 200w, https:\/\/i0.wp.com\/northforest-equipement.com\/wp-content\/uploads\/2026\/02\/ChatGPT-Image-Feb-24-2026-11_16_48-AM.png?resize=683%2C1024&amp;ssl=1 683w, https:\/\/i0.wp.com\/northforest-equipement.com\/wp-content\/uploads\/2026\/02\/ChatGPT-Image-Feb-24-2026-11_16_48-AM.png?resize=768%2C1152&amp;ssl=1 768w, https:\/\/i0.wp.com\/northforest-equipement.com\/wp-content\/uploads\/2026\/02\/ChatGPT-Image-Feb-24-2026-11_16_48-AM.png?resize=400%2C600&amp;ssl=1 400w, https:\/\/i0.wp.com\/northforest-equipement.com\/wp-content\/uploads\/2026\/02\/ChatGPT-Image-Feb-24-2026-11_16_48-AM.png?w=1024&amp;ssl=1 1024w\" sizes=\"(max-width: 298px) 100vw, 298px\" \/><figcaption id=\"caption-attachment-9304\" class=\"wp-caption-text\">pelle RIPPER<br \/>RIPPER<\/figcaption><\/figure>\n","protected":false},"featured_media":9446,"comment_status":"closed","ping_status":"closed","template":"","meta":{"ocean_post_layout":"","ocean_both_sidebars_style":"","ocean_both_sidebars_content_width":0,"ocean_both_sidebars_sidebars_width":0,"ocean_sidebar":"0","ocean_second_sidebar":"0","ocean_disable_margins":"enable","ocean_add_body_class":"","ocean_shortcode_before_top_bar":"","ocean_shortcode_after_top_bar":"","ocean_shortcode_before_header":"","ocean_shortcode_after_header":"","ocean_has_shortcode":"","ocean_shortcode_after_title":"","ocean_shortcode_before_footer_widgets":"","ocean_shortcode_after_footer_widgets":"","ocean_shortcode_before_footer_bottom":"","ocean_shortcode_after_footer_bottom":"","ocean_display_top_bar":"default","ocean_display_header":"default","ocean_header_style":"","ocean_center_header_left_menu":"0","ocean_custom_header_template":"0","ocean_custom_logo":0,"ocean_custom_retina_logo":0,"ocean_custom_logo_max_width":0,"ocean_custom_logo_tablet_max_width":0,"ocean_custom_logo_mobile_max_width":0,"ocean_custom_logo_max_height":0,"ocean_custom_logo_tablet_max_height":0,"ocean_custom_logo_mobile_max_height":0,"ocean_header_custom_menu":"0","ocean_menu_typo_font_family":"0","ocean_menu_typo_font_subset":"","ocean_menu_typo_font_size":0,"ocean_menu_typo_font_size_tablet":0,"ocean_menu_typo_font_size_mobile":0,"ocean_menu_typo_font_size_unit":"px","ocean_menu_typo_font_weight":"","ocean_menu_typo_font_weight_tablet":"","ocean_menu_typo_font_weight_mobile":"","ocean_menu_typo_transform":"","ocean_menu_typo_transform_tablet":"","ocean_menu_typo_transform_mobile":"","ocean_menu_typo_line_height":0,"ocean_menu_typo_line_height_tablet":0,"ocean_menu_typo_line_height_mobile":0,"ocean_menu_typo_line_height_unit":"","ocean_menu_typo_spacing":0,"ocean_menu_typo_spacing_tablet":0,"ocean_menu_typo_spacing_mobile":0,"ocean_menu_typo_spacing_unit":"","ocean_menu_link_color":"","ocean_menu_link_color_hover":"","ocean_menu_link_color_active":"","ocean_menu_link_background":"","ocean_menu_link_hover_background":"","ocean_menu_link_active_background":"","ocean_menu_social_links_bg":"","ocean_menu_social_hover_links_bg":"","ocean_menu_social_links_color":"","ocean_menu_social_hover_links_color":"","ocean_disable_title":"on","ocean_disable_heading":"default","ocean_post_title":"","ocean_post_subheading":"","ocean_post_title_style":"","ocean_post_title_background_color":"","ocean_post_title_background":0,"ocean_post_title_bg_image_position":"","ocean_post_title_bg_image_attachment":"","ocean_post_title_bg_image_repeat":"","ocean_post_title_bg_image_size":"","ocean_post_title_height":0,"ocean_post_title_bg_overlay":0.5,"ocean_post_title_bg_overlay_color":"","ocean_disable_breadcrumbs":"default","ocean_breadcrumbs_color":"","ocean_breadcrumbs_separator_color":"","ocean_breadcrumbs_links_color":"","ocean_breadcrumbs_links_hover_color":"","ocean_display_footer_widgets":"default","ocean_display_footer_bottom":"default","ocean_custom_footer_template":"0"},"product_brand":[87],"product_cat":[174,175],"product_tag":[206],"class_list":{"0":"post-9441","1":"product","2":"type-product","3":"status-publish","4":"has-post-thumbnail","6":"product_brand-rhinoceros","7":"product_cat-accessoires","8":"product_cat-pelle","9":"product_tag-nf-ripper-axes-25-mm","11":"entry","12":"has-media","14":"first","15":"instock","16":"taxable","17":"shipping-taxable","18":"purchasable","19":"product-type-simple","20":"has-product-nav","21":"col","22":"span_1_of_5","23":"owp-content-center","24":"item-entry","25":"owp-thumbs-layout-horizontal","26":"owp-btn-normal","27":"owp-tabs-layout-horizontal","29":"circle-sale"},"jetpack_sharing_enabled":true,"_links":{"self":[{"href":"https:\/\/northforest-equipement.com\/fr\/wp-json\/wp\/v2\/product\/9441","targetHints":{"allow":["GET"]}}],"collection":[{"href":"https:\/\/northforest-equipement.com\/fr\/wp-json\/wp\/v2\/product"}],"about":[{"href":"https:\/\/northforest-equipement.com\/fr\/wp-json\/wp\/v2\/types\/product"}],"replies":[{"embeddable":true,"href":"https:\/\/northforest-equipement.com\/fr\/wp-json\/wp\/v2\/comments?post=9441"}],"wp:featuredmedia":[{"embeddable":true,"href":"https:\/\/northforest-equipement.com\/fr\/wp-json\/wp\/v2\/media\/9446"}],"wp:attachment":[{"href":"https:\/\/northforest-equipement.com\/fr\/wp-json\/wp\/v2\/media?parent=9441"}],"wp:term":[{"taxonomy":"product_brand","embeddable":true,"href":"https:\/\/northforest-equipement.com\/fr\/wp-json\/wp\/v2\/product_brand?post=9441"},{"taxonomy":"product_cat","embeddable":true,"href":"https:\/\/northforest-equipement.com\/fr\/wp-json\/wp\/v2\/product_cat?post=9441"},{"taxonomy":"product_tag","embeddable":true,"href":"https:\/\/northforest-equipement.com\/fr\/wp-json\/wp\/v2\/product_tag?post=9441"}],"curies":[{"name":"wp","href":"https:\/\/api.w.org\/{rel}","templated":true}]}}