{"id":9439,"date":"2026-02-23T15:53:58","date_gmt":"2026-02-23T20:53:58","guid":{"rendered":"https:\/\/northforest-equipement.com\/produit\/marteau-piqueur-edt40"},"modified":"2026-03-11T16:49:53","modified_gmt":"2026-03-11T21:49:53","slug":"marteau-piqueur-edt40","status":"publish","type":"product","link":"https:\/\/northforest-equipement.com\/fr\/produit\/marteau-piqueur-edt40","title":{"rendered":"Marteau-piqueur EDT40"},"content":{"rendered":"<h2 data-start=\"118\" data-end=\"187\"><strong data-start=\"121\" data-end=\"187\">Brise-roche hydraulique puissant \u2013 con\u00e7u pour la plupart des mini-pelles<\/strong><\/h2>\n<p data-start=\"189\" data-end=\"436\">Brise-roche hydraulique robuste con\u00e7u pour offrir des performances puissantes et fiables sur une large gamme de mini-pelles. \u00c9quip\u00e9 d\u2019un <strong data-start=\"316\" data-end=\"342\">syst\u00e8me de montage \u00e0 axes de 1\u2033<\/strong>, il est livr\u00e9 enti\u00e8rement assembl\u00e9, pr\u00e9charg\u00e9 et pr\u00eat pour une installation et une mise en service imm\u00e9diates. <\/p>\n<hr data-start=\"438\" data-end=\"441\">\n<h3 data-start=\"443\" data-end=\"470\"><strong data-start=\"447\" data-end=\"470\">Dimensions de montage<\/strong><\/h3>\n<ul data-start=\"472\" data-end=\"544\">\n<li data-start=\"472\" data-end=\"492\">\n<p data-start=\"474\" data-end=\"492\"><strong data-start=\"474\" data-end=\"487\">Diam\u00e8tre d\u2019axe :<\/strong> 1\u2033<\/p>\n<\/li>\n<li data-start=\"493\" data-end=\"517\">\n<p data-start=\"495\" data-end=\"517\"><strong data-start=\"495\" data-end=\"510\">\u00c9cartement du balancier :<\/strong> 3.5\u2033<\/p>\n<\/li>\n<li data-start=\"518\" data-end=\"544\">\n<p data-start=\"520\" data-end=\"544\"><strong data-start=\"520\" data-end=\"536\">Entraxe des axes :<\/strong> 3.35\u2033<\/p>\n<\/li>\n<\/ul>\n<hr data-start=\"546\" data-end=\"549\">\n<h3 data-start=\"551\" data-end=\"573\"><strong data-start=\"555\" data-end=\"573\">Caract\u00e9ristiques<\/strong><\/h3>\n<ul data-start=\"575\" data-end=\"793\">\n<li data-start=\"575\" data-end=\"603\">\n<p data-start=\"577\" data-end=\"603\"><strong data-start=\"577\" data-end=\"593\">Poids du corps :<\/strong> 176 lbs<\/p>\n<\/li>\n<li data-start=\"604\" data-end=\"649\">\n<p data-start=\"606\" data-end=\"649\"><strong data-start=\"606\" data-end=\"629\">Pression de service :<\/strong> 1,140 \u2013 1,565 PSI<\/p>\n<\/li>\n<li data-start=\"650\" data-end=\"692\">\n<p data-start=\"652\" data-end=\"692\"><strong data-start=\"652\" data-end=\"676\">D\u00e9bit hydraulique :<\/strong> 2.6 \u2013 7.9 GPM<\/p>\n<\/li>\n<li data-start=\"693\" data-end=\"733\">\n<p data-start=\"695\" data-end=\"733\"><strong data-start=\"695\" data-end=\"716\">Fr\u00e9quence d\u2019impact :<\/strong> 500 \u2013 1200 BPM<\/p>\n<\/li>\n<li data-start=\"734\" data-end=\"761\">\n<p data-start=\"736\" data-end=\"761\"><strong data-start=\"736\" data-end=\"754\">Diam\u00e8tre du flexible :<\/strong> 1\/2\u2033<\/p>\n<\/li>\n<li data-start=\"762\" data-end=\"793\">\n<p data-start=\"764\" data-end=\"793\"><strong data-start=\"764\" data-end=\"784\">Diam\u00e8tre du burin :<\/strong> 1-3\/8\u2033<\/p>\n<\/li>\n<\/ul>\n<hr data-start=\"795\" data-end=\"798\">\n<h3 data-start=\"800\" data-end=\"828\"><strong data-start=\"804\" data-end=\"828\">Accessoires inclus<\/strong><\/h3>\n<p data-start=\"830\" data-end=\"888\">Kit d\u2019outillage complet fourni pour une installation et un entretien faciles :<\/p>\n<p data-start=\"890\" data-end=\"1087\">\u2714 Bouteille de charge de gaz<br data-start=\"911\" data-end=\"914\">\u2714 Flexibles hydrauliques<br data-start=\"931\" data-end=\"934\">\u2714 Cl\u00e9 24 mm \/ 27 mm<br data-start=\"956\" data-end=\"959\">\u2714 Cl\u00e9 Allen<br data-start=\"970\" data-end=\"973\">\u2714 Chasse-goupille<br data-start=\"989\" data-end=\"992\">\u2714 Axe de retenue du burin<br data-start=\"1014\" data-end=\"1017\">\u2714 Cl\u00e9 \u00e0 \u0153il 30 mm<br data-start=\"1036\" data-end=\"1039\">\u2714 2 \u00d7 burins inclus<br data-start=\"1061\" data-end=\"1064\">\u2714 Coffret \u00e0 outils robuste<\/p>\n<hr data-start=\"1089\" data-end=\"1092\">\n<p data-start=\"1094\" data-end=\"1226\">\u26a0\ufe0f <strong data-start=\"1097\" data-end=\"1111\">Important :<\/strong> Le brise-roche est exp\u00e9di\u00e9 pr\u00e9charg\u00e9 en gaz depuis l\u2019usine. Ne rechargez pas le gaz tant qu\u2019un r\u00e9glage de pression n\u2019est pas n\u00e9cessaire. <\/p>\n","protected":false},"excerpt":{"rendered":"<h1 class=\"product_title entry-title\">Marteau-piqueur mini-pelle axes 25 mm<\/h1>\n<p><img fetchpriority=\"high\" decoding=\"async\" class=\" wp-image-9275\" src=\"http:\/\/northforest-equipement.com\/wp-content\/uploads\/2026\/02\/ChatGPT-Image-Feb-23-2026-03_46_06-PM-200x300.png\" alt=\"Marteau-piqueur mini-pelle (UME12P)\" width=\"262\" height=\"394\" srcset=\"https:\/\/i0.wp.com\/northforest-equipement.com\/wp-content\/uploads\/2026\/02\/ChatGPT-Image-Feb-23-2026-03_46_06-PM.png?resize=200%2C300&amp;ssl=1 200w, https:\/\/i0.wp.com\/northforest-equipement.com\/wp-content\/uploads\/2026\/02\/ChatGPT-Image-Feb-23-2026-03_46_06-PM.png?resize=683%2C1024&amp;ssl=1 683w, https:\/\/i0.wp.com\/northforest-equipement.com\/wp-content\/uploads\/2026\/02\/ChatGPT-Image-Feb-23-2026-03_46_06-PM.png?resize=768%2C1152&amp;ssl=1 768w, https:\/\/i0.wp.com\/northforest-equipement.com\/wp-content\/uploads\/2026\/02\/ChatGPT-Image-Feb-23-2026-03_46_06-PM.png?resize=400%2C600&amp;ssl=1 400w, https:\/\/i0.wp.com\/northforest-equipement.com\/wp-content\/uploads\/2026\/02\/ChatGPT-Image-Feb-23-2026-03_46_06-PM.png?w=1024&amp;ssl=1 1024w\" sizes=\"(max-width: 262px) 100vw, 262px\" \/><\/p>\n","protected":false},"featured_media":9443,"comment_status":"closed","ping_status":"closed","template":"","meta":{"ocean_post_layout":"","ocean_both_sidebars_style":"","ocean_both_sidebars_content_width":0,"ocean_both_sidebars_sidebars_width":0,"ocean_sidebar":"0","ocean_second_sidebar":"0","ocean_disable_margins":"enable","ocean_add_body_class":"","ocean_shortcode_before_top_bar":"","ocean_shortcode_after_top_bar":"","ocean_shortcode_before_header":"","ocean_shortcode_after_header":"","ocean_has_shortcode":"","ocean_shortcode_after_title":"","ocean_shortcode_before_footer_widgets":"","ocean_shortcode_after_footer_widgets":"","ocean_shortcode_before_footer_bottom":"","ocean_shortcode_after_footer_bottom":"","ocean_display_top_bar":"default","ocean_display_header":"default","ocean_header_style":"","ocean_center_header_left_menu":"0","ocean_custom_header_template":"0","ocean_custom_logo":0,"ocean_custom_retina_logo":0,"ocean_custom_logo_max_width":0,"ocean_custom_logo_tablet_max_width":0,"ocean_custom_logo_mobile_max_width":0,"ocean_custom_logo_max_height":0,"ocean_custom_logo_tablet_max_height":0,"ocean_custom_logo_mobile_max_height":0,"ocean_header_custom_menu":"0","ocean_menu_typo_font_family":"0","ocean_menu_typo_font_subset":"","ocean_menu_typo_font_size":0,"ocean_menu_typo_font_size_tablet":0,"ocean_menu_typo_font_size_mobile":0,"ocean_menu_typo_font_size_unit":"px","ocean_menu_typo_font_weight":"","ocean_menu_typo_font_weight_tablet":"","ocean_menu_typo_font_weight_mobile":"","ocean_menu_typo_transform":"","ocean_menu_typo_transform_tablet":"","ocean_menu_typo_transform_mobile":"","ocean_menu_typo_line_height":0,"ocean_menu_typo_line_height_tablet":0,"ocean_menu_typo_line_height_mobile":0,"ocean_menu_typo_line_height_unit":"","ocean_menu_typo_spacing":0,"ocean_menu_typo_spacing_tablet":0,"ocean_menu_typo_spacing_mobile":0,"ocean_menu_typo_spacing_unit":"","ocean_menu_link_color":"","ocean_menu_link_color_hover":"","ocean_menu_link_color_active":"","ocean_menu_link_background":"","ocean_menu_link_hover_background":"","ocean_menu_link_active_background":"","ocean_menu_social_links_bg":"","ocean_menu_social_hover_links_bg":"","ocean_menu_social_links_color":"","ocean_menu_social_hover_links_color":"","ocean_disable_title":"on","ocean_disable_heading":"default","ocean_post_title":"","ocean_post_subheading":"","ocean_post_title_style":"","ocean_post_title_background_color":"","ocean_post_title_background":0,"ocean_post_title_bg_image_position":"","ocean_post_title_bg_image_attachment":"","ocean_post_title_bg_image_repeat":"","ocean_post_title_bg_image_size":"","ocean_post_title_height":0,"ocean_post_title_bg_overlay":0.5,"ocean_post_title_bg_overlay_color":"","ocean_disable_breadcrumbs":"default","ocean_breadcrumbs_color":"","ocean_breadcrumbs_separator_color":"","ocean_breadcrumbs_links_color":"","ocean_breadcrumbs_links_hover_color":"","ocean_display_footer_widgets":"default","ocean_display_footer_bottom":"default","ocean_custom_footer_template":"0"},"product_brand":[87],"product_cat":[174,175],"product_tag":[205],"class_list":{"0":"post-9439","1":"product","2":"type-product","3":"status-publish","4":"has-post-thumbnail","6":"product_brand-rhinoceros","7":"product_cat-accessoires","8":"product_cat-pelle","9":"product_tag-marteau-piqueur-etd40-100","11":"entry","12":"has-media","14":"first","15":"instock","16":"sale","17":"taxable","18":"shipping-taxable","19":"purchasable","20":"product-type-simple","21":"has-product-nav","22":"col","23":"span_1_of_5","24":"owp-content-center","25":"item-entry","26":"owp-thumbs-layout-horizontal","27":"owp-btn-normal","28":"owp-tabs-layout-horizontal","30":"circle-sale"},"jetpack_sharing_enabled":true,"_links":{"self":[{"href":"https:\/\/northforest-equipement.com\/fr\/wp-json\/wp\/v2\/product\/9439","targetHints":{"allow":["GET"]}}],"collection":[{"href":"https:\/\/northforest-equipement.com\/fr\/wp-json\/wp\/v2\/product"}],"about":[{"href":"https:\/\/northforest-equipement.com\/fr\/wp-json\/wp\/v2\/types\/product"}],"replies":[{"embeddable":true,"href":"https:\/\/northforest-equipement.com\/fr\/wp-json\/wp\/v2\/comments?post=9439"}],"wp:featuredmedia":[{"embeddable":true,"href":"https:\/\/northforest-equipement.com\/fr\/wp-json\/wp\/v2\/media\/9443"}],"wp:attachment":[{"href":"https:\/\/northforest-equipement.com\/fr\/wp-json\/wp\/v2\/media?parent=9439"}],"wp:term":[{"taxonomy":"product_brand","embeddable":true,"href":"https:\/\/northforest-equipement.com\/fr\/wp-json\/wp\/v2\/product_brand?post=9439"},{"taxonomy":"product_cat","embeddable":true,"href":"https:\/\/northforest-equipement.com\/fr\/wp-json\/wp\/v2\/product_cat?post=9439"},{"taxonomy":"product_tag","embeddable":true,"href":"https:\/\/northforest-equipement.com\/fr\/wp-json\/wp\/v2\/product_tag?post=9439"}],"curies":[{"name":"wp","href":"https:\/\/api.w.org\/{rel}","templated":true}]}}