{"id":8433,"date":"2025-03-06T15:39:48","date_gmt":"2025-03-06T20:39:48","guid":{"rendered":"https:\/\/northforest-equipement.com\/produit\/xn28cab"},"modified":"2026-02-25T14:24:22","modified_gmt":"2026-02-25T19:24:22","slug":"xn28cab","status":"publish","type":"product","link":"https:\/\/northforest-equipement.com\/fr\/produit\/xn28cab","title":{"rendered":"XN28CAB"},"content":{"rendered":"<div class=\"xinghao elli0\">L&rsquo;excavatrice de cabine polyvalente de 2,8 tonnes, \u00e9quip\u00e9e d&rsquo;un moteur et d&rsquo;un syst\u00e8me hydraulique puissants, est le meilleur partenaire pour l&rsquo;ing\u00e9nierie.<\/div>\n<div class=\"product_info\">\n<div class=\"second\">\n<p> \u2022 Climatisation<\/p>\n<p>\u2022 Moteur KUBOTA<\/p>\n<p>\u2022 Fl\u00e8che pivotante<\/p>\n<p>\u2022 Option&nbsp;: Ch\u00e2ssis t\u00e9lescopique<\/p>\n<p>\u2022 Certification CE\/EPA<\/p>\n<p>\u2022 Fonctionnement ISO\/SAE<\/p>\n<p>\u2022 Commande pilote<\/p>\n<p>\u2022 Double vitesse<\/p>\n<div class=\"block-name\" title=\"D\u00e9tails du produit\">Sp\u00e9cifications principales<\/div>\n<div class=\"product_detail_item\">\n<div class=\"product-details tableAdaptive\">\n<div class=\"tableBox\">\n<table width=\"704\" data-sort=\"sortDisabled\">\n<thead>\n<tr class=\"firstRow\">\n<th colspan=\"3\" rowspan=\"1\">XN28<\/th>\n<\/tr>\n<\/thead>\n<colgroup>\n<col data-offset-left=\"8.7421875\" data-offset-right=\"252.328125\" data-resize-pixel=\"243.5859375\" data-resize-percent=\"34.60027521306818\">\n<col data-offset-left=\"252.328125\" data-offset-right=\"456.6953125\" data-resize-pixel=\"204.3671875\" data-resize-percent=\"29.029430042613637\">\n<col data-offset-left=\"449.6953125\" data-offset-right=\"704.2265625\" data-resize-pixel=\"254.53125\" data-resize-percent=\"36.15500710227273\"><\/colgroup>\n<tbody>\n<tr class=\"firstRow\">\n<td align=\"center\" valign=\"middle\" height=\"4\">Poids de la machine<\/td>\n<td align=\"center\" valign=\"middle\" height=\"4\">2&nbsp;610 \/ 2&nbsp;580 kg<\/td>\n<td align=\"center\" valign=\"middle\">5754 \/ 5688 lbs<\/td>\n<\/tr>\n<tr>\n<td align=\"center\" valign=\"middle\">Capacit\u00e9 du godet<\/td>\n<td align=\"center\" valign=\"middle\">0,045 cbm<\/td>\n<td align=\"center\" valign=\"middle\">1,6 ft\u00b3<\/td>\n<\/tr>\n<tr>\n<td align=\"center\" valign=\"middle\">Largeur<\/td>\n<td align=\"center\" valign=\"middle\">1&nbsp;454 mm<\/td>\n<td align=\"center\" valign=\"middle\">57 in<\/td>\n<\/tr>\n<tr>\n<td align=\"center\" valign=\"middle\">Vitesse de d\u00e9placement max.<\/td>\n<td align=\"center\" valign=\"middle\">3,3 km\/h<\/td>\n<td align=\"center\" valign=\"middle\">2,05 mph<\/td>\n<\/tr>\n<tr>\n<td align=\"center\" valign=\"middle\">Marque du moteur<\/td>\n<td colspan=\"2\" rowspan=\"1\" align=\"center\" valign=\"middle\">KUBOTA<\/td>\n<\/tr>\n<tr>\n<td colspan=\"1\" rowspan=\"1\" align=\"center\" valign=\"middle\">Puissance<\/td>\n<td colspan=\"1\" rowspan=\"1\" align=\"center\" valign=\"middle\">14,6 \/ 14,2 kw<\/td>\n<td align=\"center\" valign=\"middle\">20 \/ 19 hp<\/td>\n<\/tr>\n<tr>\n<td colspan=\"1\" rowspan=\"1\" align=\"center\" valign=\"middle\">Rayon de creusement max.<\/td>\n<td colspan=\"1\" rowspan=\"1\" align=\"center\" valign=\"middle\">4&nbsp;656 mm<\/td>\n<td align=\"center\" valign=\"middle\">182 in<\/td>\n<\/tr>\n<tr>\n<td colspan=\"1\" rowspan=\"1\" align=\"center\" valign=\"middle\">Profondeur de creusement max.<\/td>\n<td colspan=\"1\" rowspan=\"1\" align=\"center\" valign=\"middle\">2&nbsp;763 mm<\/td>\n<td align=\"center\" valign=\"middle\">108 in<\/td>\n<\/tr>\n<\/tbody>\n<\/table>\n<\/div>\n<\/div>\n<\/div>\n<p>&nbsp;<\/p>\n<\/div>\n<\/div>\n","protected":false},"excerpt":{"rendered":"<h2 class=\"wp-block-heading has-text-align-center has-text-color\">Puissance et performance<\/h2>\n<p class=\"has-text-align-center\">Au c\u0153ur de la <strong>pelle sur chenilles Rhinoceros XN28<\/strong> se trouve un choix entre deux moteurs robustes&nbsp;: Yanmar et Kubota. Avec des cylindr\u00e9es de 1,267 et 1,123 litre respectivement, ces moteurs fournissent une puissance nominale de 14,6 et 14,2 kW. Cette puissance se traduit par un <strong>couple maximal de 51,9 Nm<\/strong>, garantissant que la XN28 peut g\u00e9rer les t\u00e2ches les plus exigeantes avec facilit\u00e9. L&rsquo;efficacit\u00e9 du moteur est encore am\u00e9lior\u00e9e par un <strong>d\u00e9marreur de 12 volts<\/strong> et un <strong>g\u00e9n\u00e9rateur 12-55<\/strong>, offrant des performances fiables dans toutes les conditions.   <\/p>\n<p class=\"has-text-align-center\">La <strong>vitesse de d\u00e9placement<\/strong> de la XN28 varie de 1,4 km\/h en vitesse lente \u00e0 2,7 km\/h en vitesse rapide, ce qui permet une maniabilit\u00e9 rapide sur diff\u00e9rents terrains. Sa vitesse de rotation de 9 tr\/min et sa capacit\u00e9 de franchissement de pente de 30\u00b0 en font une machine polyvalente capable de franchir facilement les pentes et les espaces restreints. Avec une force d&rsquo;excavation du godet de 16,14 kN et une force d&rsquo;excavation du bras de 11,7 kN, la XN28 offre de puissantes capacit\u00e9s d&rsquo;excavation, ce qui la rend id\u00e9ale pour une large gamme d&rsquo;applications de construction.  <\/p>\n","protected":false},"featured_media":7783,"comment_status":"closed","ping_status":"closed","template":"","meta":{"ocean_post_layout":"","ocean_both_sidebars_style":"","ocean_both_sidebars_content_width":0,"ocean_both_sidebars_sidebars_width":0,"ocean_sidebar":"0","ocean_second_sidebar":"0","ocean_disable_margins":"enable","ocean_add_body_class":"","ocean_shortcode_before_top_bar":"","ocean_shortcode_after_top_bar":"","ocean_shortcode_before_header":"","ocean_shortcode_after_header":"","ocean_has_shortcode":"","ocean_shortcode_after_title":"","ocean_shortcode_before_footer_widgets":"","ocean_shortcode_after_footer_widgets":"","ocean_shortcode_before_footer_bottom":"","ocean_shortcode_after_footer_bottom":"","ocean_display_top_bar":"default","ocean_display_header":"default","ocean_header_style":"","ocean_center_header_left_menu":"0","ocean_custom_header_template":"0","ocean_custom_logo":0,"ocean_custom_retina_logo":0,"ocean_custom_logo_max_width":0,"ocean_custom_logo_tablet_max_width":0,"ocean_custom_logo_mobile_max_width":0,"ocean_custom_logo_max_height":0,"ocean_custom_logo_tablet_max_height":0,"ocean_custom_logo_mobile_max_height":0,"ocean_header_custom_menu":"0","ocean_menu_typo_font_family":"0","ocean_menu_typo_font_subset":"","ocean_menu_typo_font_size":0,"ocean_menu_typo_font_size_tablet":0,"ocean_menu_typo_font_size_mobile":0,"ocean_menu_typo_font_size_unit":"px","ocean_menu_typo_font_weight":"","ocean_menu_typo_font_weight_tablet":"","ocean_menu_typo_font_weight_mobile":"","ocean_menu_typo_transform":"","ocean_menu_typo_transform_tablet":"","ocean_menu_typo_transform_mobile":"","ocean_menu_typo_line_height":0,"ocean_menu_typo_line_height_tablet":0,"ocean_menu_typo_line_height_mobile":0,"ocean_menu_typo_line_height_unit":"","ocean_menu_typo_spacing":0,"ocean_menu_typo_spacing_tablet":0,"ocean_menu_typo_spacing_mobile":0,"ocean_menu_typo_spacing_unit":"","ocean_menu_link_color":"","ocean_menu_link_color_hover":"","ocean_menu_link_color_active":"","ocean_menu_link_background":"","ocean_menu_link_hover_background":"","ocean_menu_link_active_background":"","ocean_menu_social_links_bg":"","ocean_menu_social_hover_links_bg":"","ocean_menu_social_links_color":"","ocean_menu_social_hover_links_color":"","ocean_disable_title":"on","ocean_disable_heading":"default","ocean_post_title":"","ocean_post_subheading":"","ocean_post_title_style":"","ocean_post_title_background_color":"","ocean_post_title_background":0,"ocean_post_title_bg_image_position":"","ocean_post_title_bg_image_attachment":"","ocean_post_title_bg_image_repeat":"","ocean_post_title_bg_image_size":"","ocean_post_title_height":0,"ocean_post_title_bg_overlay":0.5,"ocean_post_title_bg_overlay_color":"","ocean_disable_breadcrumbs":"default","ocean_breadcrumbs_color":"","ocean_breadcrumbs_separator_color":"","ocean_breadcrumbs_links_color":"","ocean_breadcrumbs_links_hover_color":"","ocean_display_footer_widgets":"default","ocean_display_footer_bottom":"default","ocean_custom_footer_template":"0"},"product_brand":[87],"product_cat":[174,175],"product_tag":[214],"class_list":{"0":"post-8433","1":"product","2":"type-product","3":"status-publish","4":"has-post-thumbnail","6":"product_brand-rhinoceros","7":"product_cat-accessoires","8":"product_cat-pelle","9":"product_tag-xn28","11":"entry","12":"has-media","14":"first","15":"instock","16":"taxable","17":"shipping-taxable","18":"purchasable","19":"product-type-simple","20":"has-product-nav","21":"col","22":"span_1_of_5","23":"owp-content-center","24":"item-entry","25":"owp-thumbs-layout-horizontal","26":"owp-btn-normal","27":"owp-tabs-layout-horizontal","29":"circle-sale"},"jetpack_sharing_enabled":true,"_links":{"self":[{"href":"https:\/\/northforest-equipement.com\/fr\/wp-json\/wp\/v2\/product\/8433","targetHints":{"allow":["GET"]}}],"collection":[{"href":"https:\/\/northforest-equipement.com\/fr\/wp-json\/wp\/v2\/product"}],"about":[{"href":"https:\/\/northforest-equipement.com\/fr\/wp-json\/wp\/v2\/types\/product"}],"replies":[{"embeddable":true,"href":"https:\/\/northforest-equipement.com\/fr\/wp-json\/wp\/v2\/comments?post=8433"}],"wp:featuredmedia":[{"embeddable":true,"href":"https:\/\/northforest-equipement.com\/fr\/wp-json\/wp\/v2\/media\/7783"}],"wp:attachment":[{"href":"https:\/\/northforest-equipement.com\/fr\/wp-json\/wp\/v2\/media?parent=8433"}],"wp:term":[{"taxonomy":"product_brand","embeddable":true,"href":"https:\/\/northforest-equipement.com\/fr\/wp-json\/wp\/v2\/product_brand?post=8433"},{"taxonomy":"product_cat","embeddable":true,"href":"https:\/\/northforest-equipement.com\/fr\/wp-json\/wp\/v2\/product_cat?post=8433"},{"taxonomy":"product_tag","embeddable":true,"href":"https:\/\/northforest-equipement.com\/fr\/wp-json\/wp\/v2\/product_tag?post=8433"}],"curies":[{"name":"wp","href":"https:\/\/api.w.org\/{rel}","templated":true}]}}