{"id":8426,"date":"2024-02-01T13:57:44","date_gmt":"2024-02-01T18:57:44","guid":{"rendered":"https:\/\/northforest-equipement.com\/produit\/bande-transporteuse-nf-t29fhc"},"modified":"2026-03-24T15:26:59","modified_gmt":"2026-03-24T20:26:59","slug":"bande-transporteuse-nf-t29fhc","status":"publish","type":"product","link":"https:\/\/northforest-equipement.com\/fr\/produit\/bande-transporteuse-nf-t29fhc","title":{"rendered":"Bande transporteuse NF-T29FHC"},"content":{"rendered":"<p data-start=\"156\" data-end=\"227\"><strong data-start=\"156\" data-end=\"196\">Courroie de convoyeur de remplacement pour T29FHC<\/strong><br data-start=\"196\" data-end=\"199\"><strong data-start=\"199\" data-end=\"227\">Pi\u00e8ce n\u00b0 NF-T29FHC-CONVEYOR<\/strong><\/p>\n<p data-start=\"229\" data-end=\"400\">Courroie de convoyeur de remplacement robuste con\u00e7ue pour les processeurs de bois de chauffage North Forest T29FHC. Con\u00e7ue pour un transport fiable du bois et une longue dur\u00e9e de vie dans des conditions exigeantes. <\/p>\n<h3 data-section-id=\"1yl5694\" data-start=\"402\" data-end=\"420\">Caract\u00e9ristiques<\/h3>\n<p data-start=\"421\" data-end=\"616\">\u2714 Compatible avec les <strong data-start=\"439\" data-end=\"473\">processeurs North Forest T29FHC<\/strong><br data-start=\"473\" data-end=\"476\">\u2714 Num\u00e9ro de pi\u00e8ce : <strong data-start=\"491\" data-end=\"513\">NF-T29FHC-CONVEYOR<\/strong><br data-start=\"513\" data-end=\"516\">\u2714 Courroie de convoyeur en caoutchouc renforc\u00e9 robuste<br data-start=\"560\" data-end=\"563\">\u2714 Construction de qualit\u00e9 industrielle pour une longue durabilit\u00e9<\/p>\n<p><strong>adaptation pour T29 (2021-2022) AM\u00c9LIORATION<\/strong><\/p>\n","protected":false},"excerpt":{"rendered":"<figure id=\"attachment_9951\" aria-describedby=\"caption-attachment-9951\" style=\"width: 200px\" class=\"wp-caption alignnone\"><img fetchpriority=\"high\" decoding=\"async\" class=\"size-medium wp-image-9951\" src=\"http:\/\/northforest-equipement.com\/wp-content\/uploads\/2020\/12\/ChatGPT-Image-Mar-24-2026-04_18_29-PM-1-200x300.png\" alt=\"Convoyeur pour processeurs North Forest T29FHC\" width=\"200\" height=\"300\" srcset=\"https:\/\/i0.wp.com\/northforest-equipement.com\/wp-content\/uploads\/2020\/12\/ChatGPT-Image-Mar-24-2026-04_18_29-PM-1.png?resize=200%2C300&amp;ssl=1 200w, https:\/\/i0.wp.com\/northforest-equipement.com\/wp-content\/uploads\/2020\/12\/ChatGPT-Image-Mar-24-2026-04_18_29-PM-1.png?resize=683%2C1024&amp;ssl=1 683w, https:\/\/i0.wp.com\/northforest-equipement.com\/wp-content\/uploads\/2020\/12\/ChatGPT-Image-Mar-24-2026-04_18_29-PM-1.png?resize=768%2C1152&amp;ssl=1 768w, https:\/\/i0.wp.com\/northforest-equipement.com\/wp-content\/uploads\/2020\/12\/ChatGPT-Image-Mar-24-2026-04_18_29-PM-1.png?resize=400%2C600&amp;ssl=1 400w, https:\/\/i0.wp.com\/northforest-equipement.com\/wp-content\/uploads\/2020\/12\/ChatGPT-Image-Mar-24-2026-04_18_29-PM-1.png?w=1024&amp;ssl=1 1024w\" sizes=\"(max-width: 200px) 100vw, 200px\" \/><figcaption id=\"caption-attachment-9951\" class=\"wp-caption-text\">Convoyeur pour processeurs North Forest T29FHC<\/figcaption><\/figure>\n","protected":false},"featured_media":9952,"comment_status":"closed","ping_status":"closed","template":"","meta":{"ocean_post_layout":"","ocean_both_sidebars_style":"","ocean_both_sidebars_content_width":0,"ocean_both_sidebars_sidebars_width":0,"ocean_sidebar":"0","ocean_second_sidebar":"0","ocean_disable_margins":"enable","ocean_add_body_class":"","ocean_shortcode_before_top_bar":"","ocean_shortcode_after_top_bar":"","ocean_shortcode_before_header":"","ocean_shortcode_after_header":"","ocean_has_shortcode":"","ocean_shortcode_after_title":"","ocean_shortcode_before_footer_widgets":"","ocean_shortcode_after_footer_widgets":"","ocean_shortcode_before_footer_bottom":"","ocean_shortcode_after_footer_bottom":"","ocean_display_top_bar":"default","ocean_display_header":"default","ocean_header_style":"","ocean_center_header_left_menu":"0","ocean_custom_header_template":"0","ocean_custom_logo":0,"ocean_custom_retina_logo":0,"ocean_custom_logo_max_width":0,"ocean_custom_logo_tablet_max_width":0,"ocean_custom_logo_mobile_max_width":0,"ocean_custom_logo_max_height":0,"ocean_custom_logo_tablet_max_height":0,"ocean_custom_logo_mobile_max_height":0,"ocean_header_custom_menu":"0","ocean_menu_typo_font_family":"0","ocean_menu_typo_font_subset":"","ocean_menu_typo_font_size":0,"ocean_menu_typo_font_size_tablet":0,"ocean_menu_typo_font_size_mobile":0,"ocean_menu_typo_font_size_unit":"px","ocean_menu_typo_font_weight":"","ocean_menu_typo_font_weight_tablet":"","ocean_menu_typo_font_weight_mobile":"","ocean_menu_typo_transform":"","ocean_menu_typo_transform_tablet":"","ocean_menu_typo_transform_mobile":"","ocean_menu_typo_line_height":0,"ocean_menu_typo_line_height_tablet":0,"ocean_menu_typo_line_height_mobile":0,"ocean_menu_typo_line_height_unit":"","ocean_menu_typo_spacing":0,"ocean_menu_typo_spacing_tablet":0,"ocean_menu_typo_spacing_mobile":0,"ocean_menu_typo_spacing_unit":"","ocean_menu_link_color":"","ocean_menu_link_color_hover":"","ocean_menu_link_color_active":"","ocean_menu_link_background":"","ocean_menu_link_hover_background":"","ocean_menu_link_active_background":"","ocean_menu_social_links_bg":"","ocean_menu_social_hover_links_bg":"","ocean_menu_social_links_color":"","ocean_menu_social_hover_links_color":"","ocean_disable_title":"on","ocean_disable_heading":"default","ocean_post_title":"","ocean_post_subheading":"","ocean_post_title_style":"","ocean_post_title_background_color":"","ocean_post_title_background":0,"ocean_post_title_bg_image_position":"","ocean_post_title_bg_image_attachment":"","ocean_post_title_bg_image_repeat":"","ocean_post_title_bg_image_size":"","ocean_post_title_height":0,"ocean_post_title_bg_overlay":0.5,"ocean_post_title_bg_overlay_color":"","ocean_disable_breadcrumbs":"default","ocean_breadcrumbs_color":"","ocean_breadcrumbs_separator_color":"","ocean_breadcrumbs_links_color":"","ocean_breadcrumbs_links_hover_color":"","ocean_display_footer_widgets":"default","ocean_display_footer_bottom":"default","ocean_custom_footer_template":"0"},"product_brand":[],"product_cat":[179,178],"product_tag":[196],"class_list":{"0":"post-8426","1":"product","2":"type-product","3":"status-publish","4":"has-post-thumbnail","6":"product_cat-pieces","7":"product_cat-pieces-t29fhc","8":"product_tag-nf-t29conv","9":"product_shipping_class-classe-20-30-lb","11":"entry","12":"has-media","14":"first","15":"instock","16":"taxable","17":"shipping-taxable","18":"purchasable","19":"product-type-simple","20":"has-product-nav","21":"col","22":"span_1_of_5","23":"owp-content-center","24":"item-entry","25":"owp-thumbs-layout-horizontal","26":"owp-btn-normal","27":"owp-tabs-layout-horizontal","29":"circle-sale"},"jetpack_sharing_enabled":true,"_links":{"self":[{"href":"https:\/\/northforest-equipement.com\/fr\/wp-json\/wp\/v2\/product\/8426","targetHints":{"allow":["GET"]}}],"collection":[{"href":"https:\/\/northforest-equipement.com\/fr\/wp-json\/wp\/v2\/product"}],"about":[{"href":"https:\/\/northforest-equipement.com\/fr\/wp-json\/wp\/v2\/types\/product"}],"replies":[{"embeddable":true,"href":"https:\/\/northforest-equipement.com\/fr\/wp-json\/wp\/v2\/comments?post=8426"}],"wp:featuredmedia":[{"embeddable":true,"href":"https:\/\/northforest-equipement.com\/fr\/wp-json\/wp\/v2\/media\/9952"}],"wp:attachment":[{"href":"https:\/\/northforest-equipement.com\/fr\/wp-json\/wp\/v2\/media?parent=8426"}],"wp:term":[{"taxonomy":"product_brand","embeddable":true,"href":"https:\/\/northforest-equipement.com\/fr\/wp-json\/wp\/v2\/product_brand?post=8426"},{"taxonomy":"product_cat","embeddable":true,"href":"https:\/\/northforest-equipement.com\/fr\/wp-json\/wp\/v2\/product_cat?post=8426"},{"taxonomy":"product_tag","embeddable":true,"href":"https:\/\/northforest-equipement.com\/fr\/wp-json\/wp\/v2\/product_tag?post=8426"}],"curies":[{"name":"wp","href":"https:\/\/api.w.org\/{rel}","templated":true}]}}