{"id":8424,"date":"2025-03-06T15:46:04","date_gmt":"2025-03-06T20:46:04","guid":{"rendered":"https:\/\/northforest-equipement.com\/produit\/xn35pro"},"modified":"2026-03-17T09:04:11","modified_gmt":"2026-03-17T14:04:11","slug":"xn35pro","status":"publish","type":"product","link":"https:\/\/northforest-equipement.com\/fr\/produit\/xn35pro","title":{"rendered":"XN35PRO"},"content":{"rendered":"<h1 class=\"title elli0\">Mini-excavatrice<\/h1>\n<div class=\"product_info\">\n<div class=\"second\">\n<section>La XN35 \u00e0 rayon de braquage nul est con\u00e7ue pour \u00eatre pratique, avec une cabine confortable et un choix de modes de conduite qui lui permettent de travailler librement dans des conditions complexes. Sa durabilit\u00e9 et sa facilit\u00e9 d\u2019entretien en font vos meilleurs atouts. \u2022 Moteur diesel KUBOTA \u2022 ISO et SAE pour l\u2019utilisation<\/p>\n<p> \u2022 Configuration de la climatisation<\/p>\n<p> \u2022 Certification CE\/EPA<\/p>\n<p> \u2022 Rayon de braquage nul<\/p>\n<\/section>\n<\/div>\n<\/div>\n<h1 class=\"block-name\" title=\"D\u00e9tails du produit\">Sp\u00e9cifications principales<\/h1>\n<div class=\"product_detail_item\">\n<div class=\"product-details tableAdaptive\">\n<div class=\"tableBox\">\n<table data-sort=\"sortDisabled\">\n<thead>\n<tr class=\"firstRow\">\n<th colspan=\"3\" rowspan=\"1\">XN35PRO<\/th>\n<\/tr>\n<\/thead>\n<colgroup>\n<col data-offset-left=\"8.7421875\" data-offset-right=\"252.3046875\" data-resize-pixel=\"243.5625\" data-resize-percent=\"34.547872340425535\">\n<col data-offset-left=\"252.3046875\" data-offset-right=\"457.6328125\" data-resize-pixel=\"205.328125\" data-resize-percent=\"29.12455673758865\">\n<col data-offset-left=\"456.6328125\" data-offset-right=\"711.234375\" data-resize-pixel=\"254.6015625\" data-resize-percent=\"36.11369680851064\"><\/colgroup>\n<tbody>\n<tr class=\"firstRow\">\n<td align=\"center\" valign=\"middle\" height=\"4\">Poids de la machine<\/td>\n<td align=\"center\" valign=\"middle\" height=\"4\">4&nbsp;000 kg<\/td>\n<td align=\"center\" valign=\"middle\">8&nbsp;818 lb<\/td>\n<\/tr>\n<tr>\n<td align=\"center\" valign=\"middle\">Capacit\u00e9 du godet<\/td>\n<td align=\"center\" valign=\"middle\">0,11&nbsp;m\u00b3<\/td>\n<td align=\"center\" valign=\"middle\">3,8 pi\u00b3<\/td>\n<\/tr>\n<tr>\n<td align=\"center\" valign=\"middle\">Largeur<\/td>\n<td align=\"center\" valign=\"middle\">1&nbsp;740 mm<\/td>\n<td align=\"center\" valign=\"middle\">68,5 po<\/td>\n<\/tr>\n<tr>\n<td align=\"center\" valign=\"middle\">Vitesse de d\u00e9placement max.<\/td>\n<td align=\"center\" valign=\"middle\">2,2 km\/h \/ 3,6 km\/h<\/td>\n<td align=\"center\" valign=\"middle\">1,37 mph \/ 2,24 mph<\/td>\n<\/tr>\n<tr>\n<td align=\"center\" valign=\"middle\">Marque du moteur<\/td>\n<td colspan=\"2\" rowspan=\"1\" align=\"center\" valign=\"middle\">KUBOTA<\/td>\n<\/tr>\n<tr>\n<td colspan=\"1\" rowspan=\"1\" align=\"center\" valign=\"middle\">Puissance<\/td>\n<td colspan=\"1\" rowspan=\"1\" align=\"center\" valign=\"middle\">18,5 kW<\/td>\n<td align=\"center\" valign=\"middle\">24,8 hp<\/td>\n<\/tr>\n<tr>\n<td colspan=\"1\" rowspan=\"1\" align=\"center\" valign=\"middle\">Rayon de creusement max.<\/td>\n<td colspan=\"1\" rowspan=\"1\" align=\"center\" valign=\"middle\">5&nbsp;575 mm<\/td>\n<td align=\"center\" valign=\"middle\">219,5 po<\/td>\n<\/tr>\n<tr>\n<td colspan=\"1\" rowspan=\"1\" align=\"center\" valign=\"middle\">Profondeur de creusement max.<\/td>\n<td colspan=\"1\" rowspan=\"1\" align=\"center\" valign=\"middle\">3&nbsp;265 mm<\/td>\n<td align=\"center\" valign=\"middle\">128,5 po<\/td>\n<\/tr>\n<\/tbody>\n<\/table>\n<\/div>\n<\/div>\n<\/div>\n","protected":false},"excerpt":{"rendered":"<h2 class=\"wp-block-heading has-text-align-center has-text-color\"><a href=\"https:\/\/www.rhinocerosequipment.com\/xn35pro-mini-excavator.html\">https:\/\/www.rhinocerosequipment.com\/xn35pro-mini-excavator.html<\/a>Capacit\u00e9s d\u2019excavation exceptionnelles<\/h2>\n<p class=\"has-text-align-center has-text-color has-link-color wp-elements-e4125642b2b4aeaa7d9d52f7f2f61808\">L&rsquo;une des caract\u00e9ristiques remarquables de la Rhinoceros XN35PRO est son \u00e9ventail impressionnant d&rsquo;op\u00e9rations de creusement.<\/p>\n<p class=\"has-text-align-center has-text-color has-link-color wp-elements-f4e48ab08cad276822f6e5b6f95b3d89\">Avec une <strong>hauteur de creusement maximale de 5&nbsp;120 mm<\/strong> et une profondeur de creusement maximale de 3&nbsp;265 mm, cette excavatrice offre une port\u00e9e et une profondeur exceptionnelles, ce qui la rend id\u00e9ale pour un large \u00e9ventail de projets de construction.<\/p>\n<p class=\"has-text-align-center has-text-color has-link-color wp-elements-f5f50c8ab95d829936f0d3f51d7f0aab\">De plus, le <strong>rayon de creusement maximal de 5&nbsp;575 mm<\/strong> vous permet de couvrir une grande zone de travail sans avoir besoin d&rsquo;un repositionnement constant, ce qui am\u00e9liore la productivit\u00e9 sur le chantier.<\/p>\n","protected":false},"featured_media":7782,"comment_status":"closed","ping_status":"closed","template":"","meta":{"ocean_post_layout":"","ocean_both_sidebars_style":"","ocean_both_sidebars_content_width":0,"ocean_both_sidebars_sidebars_width":0,"ocean_sidebar":"0","ocean_second_sidebar":"0","ocean_disable_margins":"enable","ocean_add_body_class":"","ocean_shortcode_before_top_bar":"","ocean_shortcode_after_top_bar":"","ocean_shortcode_before_header":"","ocean_shortcode_after_header":"","ocean_has_shortcode":"","ocean_shortcode_after_title":"","ocean_shortcode_before_footer_widgets":"","ocean_shortcode_after_footer_widgets":"","ocean_shortcode_before_footer_bottom":"","ocean_shortcode_after_footer_bottom":"","ocean_display_top_bar":"default","ocean_display_header":"default","ocean_header_style":"","ocean_center_header_left_menu":"0","ocean_custom_header_template":"0","ocean_custom_logo":0,"ocean_custom_retina_logo":0,"ocean_custom_logo_max_width":0,"ocean_custom_logo_tablet_max_width":0,"ocean_custom_logo_mobile_max_width":0,"ocean_custom_logo_max_height":0,"ocean_custom_logo_tablet_max_height":0,"ocean_custom_logo_mobile_max_height":0,"ocean_header_custom_menu":"0","ocean_menu_typo_font_family":"0","ocean_menu_typo_font_subset":"","ocean_menu_typo_font_size":0,"ocean_menu_typo_font_size_tablet":0,"ocean_menu_typo_font_size_mobile":0,"ocean_menu_typo_font_size_unit":"px","ocean_menu_typo_font_weight":"","ocean_menu_typo_font_weight_tablet":"","ocean_menu_typo_font_weight_mobile":"","ocean_menu_typo_transform":"","ocean_menu_typo_transform_tablet":"","ocean_menu_typo_transform_mobile":"","ocean_menu_typo_line_height":0,"ocean_menu_typo_line_height_tablet":0,"ocean_menu_typo_line_height_mobile":0,"ocean_menu_typo_line_height_unit":"","ocean_menu_typo_spacing":0,"ocean_menu_typo_spacing_tablet":0,"ocean_menu_typo_spacing_mobile":0,"ocean_menu_typo_spacing_unit":"","ocean_menu_link_color":"","ocean_menu_link_color_hover":"","ocean_menu_link_color_active":"","ocean_menu_link_background":"","ocean_menu_link_hover_background":"","ocean_menu_link_active_background":"","ocean_menu_social_links_bg":"","ocean_menu_social_hover_links_bg":"","ocean_menu_social_links_color":"","ocean_menu_social_hover_links_color":"","ocean_disable_title":"on","ocean_disable_heading":"default","ocean_post_title":"","ocean_post_subheading":"","ocean_post_title_style":"","ocean_post_title_background_color":"","ocean_post_title_background":0,"ocean_post_title_bg_image_position":"","ocean_post_title_bg_image_attachment":"","ocean_post_title_bg_image_repeat":"","ocean_post_title_bg_image_size":"","ocean_post_title_height":0,"ocean_post_title_bg_overlay":0.5,"ocean_post_title_bg_overlay_color":"","ocean_disable_breadcrumbs":"default","ocean_breadcrumbs_color":"","ocean_breadcrumbs_separator_color":"","ocean_breadcrumbs_links_color":"","ocean_breadcrumbs_links_hover_color":"","ocean_display_footer_widgets":"default","ocean_display_footer_bottom":"default","ocean_custom_footer_template":"0"},"product_brand":[87],"product_cat":[174,175],"product_tag":[92],"class_list":{"0":"post-8424","1":"product","2":"type-product","3":"status-publish","4":"has-post-thumbnail","6":"product_brand-rhinoceros","7":"product_cat-accessoires","8":"product_cat-pelle","9":"product_tag-xn35pro","10":"product_shipping_class-machinerie-lourde","12":"entry","13":"has-media","15":"first","16":"instock","17":"taxable","18":"shipping-taxable","19":"purchasable","20":"product-type-simple","21":"has-product-nav","22":"col","23":"span_1_of_5","24":"owp-content-center","25":"item-entry","26":"owp-thumbs-layout-horizontal","27":"owp-btn-normal","28":"owp-tabs-layout-horizontal","30":"circle-sale"},"jetpack_sharing_enabled":true,"_links":{"self":[{"href":"https:\/\/northforest-equipement.com\/fr\/wp-json\/wp\/v2\/product\/8424","targetHints":{"allow":["GET"]}}],"collection":[{"href":"https:\/\/northforest-equipement.com\/fr\/wp-json\/wp\/v2\/product"}],"about":[{"href":"https:\/\/northforest-equipement.com\/fr\/wp-json\/wp\/v2\/types\/product"}],"replies":[{"embeddable":true,"href":"https:\/\/northforest-equipement.com\/fr\/wp-json\/wp\/v2\/comments?post=8424"}],"wp:featuredmedia":[{"embeddable":true,"href":"https:\/\/northforest-equipement.com\/fr\/wp-json\/wp\/v2\/media\/7782"}],"wp:attachment":[{"href":"https:\/\/northforest-equipement.com\/fr\/wp-json\/wp\/v2\/media?parent=8424"}],"wp:term":[{"taxonomy":"product_brand","embeddable":true,"href":"https:\/\/northforest-equipement.com\/fr\/wp-json\/wp\/v2\/product_brand?post=8424"},{"taxonomy":"product_cat","embeddable":true,"href":"https:\/\/northforest-equipement.com\/fr\/wp-json\/wp\/v2\/product_cat?post=8424"},{"taxonomy":"product_tag","embeddable":true,"href":"https:\/\/northforest-equipement.com\/fr\/wp-json\/wp\/v2\/product_tag?post=8424"}],"curies":[{"name":"wp","href":"https:\/\/api.w.org\/{rel}","templated":true}]}}