{"id":8420,"date":"2025-03-06T15:20:08","date_gmt":"2025-03-06T20:20:08","guid":{"rendered":"https:\/\/northforest-equipement.com\/produit\/ks12-9"},"modified":"2026-02-25T13:39:03","modified_gmt":"2026-02-25T18:39:03","slug":"ks12-9","status":"publish","type":"product","link":"https:\/\/northforest-equipement.com\/fr\/produit\/ks12-9","title":{"rendered":"KS12-9"},"content":{"rendered":"<h1 class=\"title elli0\">Mini-excavatrice<\/h1>\n<div class=\"product_info\">\n<div class=\"second\">\n<section>Le corps compact renferme une excellente puissance, le moteur diesel \u00e0 trois cylindres vous permet de travailler sans craindre les conditions de travail, et la configuration riche vous permet de travailler avec facilit\u00e9.<\/p>\n<h3><\/h3>\n<p>\u2022 Moteur diesel KUBOTA<\/p>\n<p>\u2022 Fl\u00e8che pivotante et ch\u00e2ssis t\u00e9lescopique<\/p>\n<p>\u2022 Commande pilote<\/p>\n<p>\u2022 Certification CE\/EPA<\/p>\n<\/section>\n<\/div>\n<\/div>\n","protected":false},"excerpt":{"rendered":"<h2 class=\"wp-block-heading has-text-align-left has-white-color has-text-color\">Excavatrice sur chenilles Rhinoceros KS12-9<\/h2>\n<p class=\"has-text-color has-link-color wp-elements-d2f63f2cf6ba495e1d9b1c6f4ea2bc3d\">Dans le monde exigeant de la construction, l&rsquo;efficacit\u00e9, la durabilit\u00e9 et la fiabilit\u00e9 sont primordiales. L&rsquo;<strong>Excavatrice sur chenilles Rhinoceros KS12-9<\/strong> est con\u00e7ue pour r\u00e9pondre \u00e0 toutes ces exigences, ce qui en fait un choix id\u00e9al pour une large gamme de t\u00e2ches de construction. Combinant des performances robustes avec une conception compacte, cette machine est parfaite pour ceux qui recherchent une excavatrice puissante mais polyvalente.  <\/p>\n<p>&nbsp;<\/p>\n","protected":false},"featured_media":7789,"comment_status":"closed","ping_status":"closed","template":"","meta":{"ocean_post_layout":"","ocean_both_sidebars_style":"","ocean_both_sidebars_content_width":0,"ocean_both_sidebars_sidebars_width":0,"ocean_sidebar":"0","ocean_second_sidebar":"0","ocean_disable_margins":"enable","ocean_add_body_class":"","ocean_shortcode_before_top_bar":"","ocean_shortcode_after_top_bar":"","ocean_shortcode_before_header":"","ocean_shortcode_after_header":"","ocean_has_shortcode":"","ocean_shortcode_after_title":"","ocean_shortcode_before_footer_widgets":"","ocean_shortcode_after_footer_widgets":"","ocean_shortcode_before_footer_bottom":"","ocean_shortcode_after_footer_bottom":"","ocean_display_top_bar":"default","ocean_display_header":"default","ocean_header_style":"","ocean_center_header_left_menu":"0","ocean_custom_header_template":"0","ocean_custom_logo":0,"ocean_custom_retina_logo":0,"ocean_custom_logo_max_width":0,"ocean_custom_logo_tablet_max_width":0,"ocean_custom_logo_mobile_max_width":0,"ocean_custom_logo_max_height":0,"ocean_custom_logo_tablet_max_height":0,"ocean_custom_logo_mobile_max_height":0,"ocean_header_custom_menu":"0","ocean_menu_typo_font_family":"0","ocean_menu_typo_font_subset":"","ocean_menu_typo_font_size":0,"ocean_menu_typo_font_size_tablet":0,"ocean_menu_typo_font_size_mobile":0,"ocean_menu_typo_font_size_unit":"px","ocean_menu_typo_font_weight":"","ocean_menu_typo_font_weight_tablet":"","ocean_menu_typo_font_weight_mobile":"","ocean_menu_typo_transform":"","ocean_menu_typo_transform_tablet":"","ocean_menu_typo_transform_mobile":"","ocean_menu_typo_line_height":0,"ocean_menu_typo_line_height_tablet":0,"ocean_menu_typo_line_height_mobile":0,"ocean_menu_typo_line_height_unit":"","ocean_menu_typo_spacing":0,"ocean_menu_typo_spacing_tablet":0,"ocean_menu_typo_spacing_mobile":0,"ocean_menu_typo_spacing_unit":"","ocean_menu_link_color":"","ocean_menu_link_color_hover":"","ocean_menu_link_color_active":"","ocean_menu_link_background":"","ocean_menu_link_hover_background":"","ocean_menu_link_active_background":"","ocean_menu_social_links_bg":"","ocean_menu_social_hover_links_bg":"","ocean_menu_social_links_color":"","ocean_menu_social_hover_links_color":"","ocean_disable_title":"on","ocean_disable_heading":"default","ocean_post_title":"","ocean_post_subheading":"","ocean_post_title_style":"","ocean_post_title_background_color":"","ocean_post_title_background":0,"ocean_post_title_bg_image_position":"","ocean_post_title_bg_image_attachment":"","ocean_post_title_bg_image_repeat":"","ocean_post_title_bg_image_size":"","ocean_post_title_height":0,"ocean_post_title_bg_overlay":0.5,"ocean_post_title_bg_overlay_color":"","ocean_disable_breadcrumbs":"default","ocean_breadcrumbs_color":"","ocean_breadcrumbs_separator_color":"","ocean_breadcrumbs_links_color":"","ocean_breadcrumbs_links_hover_color":"","ocean_display_footer_widgets":"default","ocean_display_footer_bottom":"default","ocean_custom_footer_template":"0"},"product_brand":[87],"product_cat":[174,175],"product_tag":[89],"class_list":{"0":"post-8420","1":"product","2":"type-product","3":"status-publish","4":"has-post-thumbnail","6":"product_brand-rhinoceros","7":"product_cat-accessoires","8":"product_cat-pelle","9":"product_tag-ks12-9","11":"entry","12":"has-media","14":"first","15":"instock","16":"taxable","17":"shipping-taxable","18":"purchasable","19":"product-type-simple","20":"has-product-nav","21":"col","22":"span_1_of_5","23":"owp-content-center","24":"item-entry","25":"owp-thumbs-layout-horizontal","26":"owp-btn-normal","27":"owp-tabs-layout-horizontal","29":"circle-sale"},"jetpack_sharing_enabled":true,"_links":{"self":[{"href":"https:\/\/northforest-equipement.com\/fr\/wp-json\/wp\/v2\/product\/8420","targetHints":{"allow":["GET"]}}],"collection":[{"href":"https:\/\/northforest-equipement.com\/fr\/wp-json\/wp\/v2\/product"}],"about":[{"href":"https:\/\/northforest-equipement.com\/fr\/wp-json\/wp\/v2\/types\/product"}],"replies":[{"embeddable":true,"href":"https:\/\/northforest-equipement.com\/fr\/wp-json\/wp\/v2\/comments?post=8420"}],"wp:featuredmedia":[{"embeddable":true,"href":"https:\/\/northforest-equipement.com\/fr\/wp-json\/wp\/v2\/media\/7789"}],"wp:attachment":[{"href":"https:\/\/northforest-equipement.com\/fr\/wp-json\/wp\/v2\/media?parent=8420"}],"wp:term":[{"taxonomy":"product_brand","embeddable":true,"href":"https:\/\/northforest-equipement.com\/fr\/wp-json\/wp\/v2\/product_brand?post=8420"},{"taxonomy":"product_cat","embeddable":true,"href":"https:\/\/northforest-equipement.com\/fr\/wp-json\/wp\/v2\/product_cat?post=8420"},{"taxonomy":"product_tag","embeddable":true,"href":"https:\/\/northforest-equipement.com\/fr\/wp-json\/wp\/v2\/product_tag?post=8420"}],"curies":[{"name":"wp","href":"https:\/\/api.w.org\/{rel}","templated":true}]}}