{"id":8416,"date":"2025-03-06T15:32:03","date_gmt":"2025-03-06T20:32:03","guid":{"rendered":"https:\/\/northforest-equipement.com\/produit\/xn2-0pro"},"modified":"2026-02-25T14:24:23","modified_gmt":"2026-02-25T19:24:23","slug":"xn2-0pro","status":"publish","type":"product","link":"https:\/\/northforest-equipement.com\/fr\/produit\/xn2-0pro","title":{"rendered":"XN2.0PRO"},"content":{"rendered":"<h1 class=\"title elli0\"><span style=\"font-size: 16px;\">Cette excavatrice de 2 tonnes est livr\u00e9e de s\u00e9rie avec des bras oscillants, une commande pilote et des si\u00e8ges ergonomiques, et est \u00e9quip\u00e9e d&rsquo;un capot de moteur KUBOTA pour r\u00e9pondre \u00e0 vos besoins de haute qualit\u00e9.<\/span><\/h1>\n<div class=\"product_info\">\n<div class=\"second\">\n<section>  \u2022Moteur KUBOTA\u2022Certification CE\/EPA\u2022ISO et SAE en option<\/p>\n<p>\u2022 Fl\u00e8che pivotante et chenille t\u00e9lescopique<\/p>\n<p>\u2022 Certification CE\/EPA<\/p>\n<p>\u2022 Translation \u00e0 double vitesse<\/p>\n<div class=\"block-name\" title=\"D\u00e9tails du produit\">Sp\u00e9cifications principales<\/div>\n<div class=\"product_detail_item\">\n<div class=\"product-details tableAdaptive\">\n<div class=\"tableBox\">\n<table width=\"704\" data-sort=\"sortDisabled\">\n<thead>\n<tr class=\"firstRow\">\n<th colspan=\"3\" rowspan=\"1\">XN20C<\/th>\n<\/tr>\n<\/thead>\n<colgroup>\n<col data-offset-left=\"8.7421875\" data-offset-right=\"252.328125\" data-resize-pixel=\"243.5859375\" data-resize-percent=\"34.60027521306818\">\n<col data-offset-left=\"252.328125\" data-offset-right=\"456.6953125\" data-resize-pixel=\"204.3671875\" data-resize-percent=\"29.029430042613637\">\n<col data-offset-left=\"449.6953125\" data-offset-right=\"704.2265625\" data-resize-pixel=\"254.53125\" data-resize-percent=\"36.15500710227273\"><\/colgroup>\n<tbody>\n<tr>\n<td align=\"center\" valign=\"middle\" height=\"4\">Poids de la machine<\/td>\n<td align=\"center\" valign=\"middle\" height=\"4\">1920 kg<\/td>\n<td align=\"center\" valign=\"middle\">4233 lbs<\/td>\n<\/tr>\n<tr>\n<td align=\"center\" valign=\"middle\">Capacit\u00e9 du godet<\/td>\n<td align=\"center\" valign=\"middle\">0.054 cbm<\/td>\n<td align=\"center\" valign=\"middle\">1.9 ft\u00b3<\/td>\n<\/tr>\n<tr>\n<td align=\"center\" valign=\"middle\">Largeur<\/td>\n<td align=\"center\" valign=\"middle\">1275 \/ 1025 mm<\/td>\n<td align=\"center\" valign=\"middle\">50 \/ 40 in<\/td>\n<\/tr>\n<tr>\n<td align=\"center\" valign=\"middle\">Vitesse de d\u00e9placement max.<\/td>\n<td align=\"center\" valign=\"middle\">3,3 km\/h<\/td>\n<td align=\"center\" valign=\"middle\">2,05 mph<\/td>\n<\/tr>\n<tr>\n<td align=\"center\" valign=\"middle\">Marque du moteur<\/td>\n<td colspan=\"2\" rowspan=\"1\" align=\"center\" valign=\"middle\">KUBOTA<\/td>\n<\/tr>\n<tr>\n<td colspan=\"1\" rowspan=\"1\" align=\"center\" valign=\"middle\">Puissance<\/td>\n<td colspan=\"1\" rowspan=\"1\" align=\"center\" valign=\"middle\">14.2 kw<\/td>\n<td align=\"center\" valign=\"middle\">19 hp<\/td>\n<\/tr>\n<tr>\n<td colspan=\"1\" rowspan=\"1\" align=\"center\" valign=\"middle\">Rayon de creusement max.<\/td>\n<td colspan=\"1\" rowspan=\"1\" align=\"center\" valign=\"middle\">3&nbsp;700&nbsp;mm<\/td>\n<td align=\"center\" valign=\"middle\">144&nbsp;po<\/td>\n<\/tr>\n<tr>\n<td colspan=\"1\" rowspan=\"1\" align=\"center\" valign=\"middle\">Profondeur de creusement max.<\/td>\n<td colspan=\"1\" rowspan=\"1\" align=\"center\" valign=\"middle\">2&nbsp;150&nbsp;mm<\/td>\n<td align=\"center\" valign=\"middle\">84&nbsp;po<\/td>\n<\/tr>\n<\/tbody>\n<\/table>\n<\/div>\n<\/div>\n<\/div>\n<p>&nbsp;<\/p>\n<\/section>\n<\/div>\n<\/div>\n<p>&nbsp;<\/p>\n","protected":false},"excerpt":{"rendered":"<p>Cette excavatrice de 2 tonnes est livr\u00e9e de s\u00e9rie avec des bras oscillants, une commande pilote et des si\u00e8ges ergonomiques, et est \u00e9quip\u00e9e d&rsquo;un capot de moteur KUBOTA pour r\u00e9pondre \u00e0 vos besoins de haute qualit\u00e9. \u2022Moteur KUBOTA\u2022Certification CE\/EPA\u2022ISO et SAE en option \u2022 Fl\u00e8che pivotante et chenille t\u00e9lescopique \u2022 Certification CE\/EPA \u2022 Translation \u00e0 [&hellip;]<\/p>\n","protected":false},"featured_media":5921,"comment_status":"closed","ping_status":"closed","template":"","meta":{"ocean_post_layout":"","ocean_both_sidebars_style":"","ocean_both_sidebars_content_width":0,"ocean_both_sidebars_sidebars_width":0,"ocean_sidebar":"0","ocean_second_sidebar":"0","ocean_disable_margins":"enable","ocean_add_body_class":"","ocean_shortcode_before_top_bar":"","ocean_shortcode_after_top_bar":"","ocean_shortcode_before_header":"","ocean_shortcode_after_header":"","ocean_has_shortcode":"","ocean_shortcode_after_title":"","ocean_shortcode_before_footer_widgets":"","ocean_shortcode_after_footer_widgets":"","ocean_shortcode_before_footer_bottom":"","ocean_shortcode_after_footer_bottom":"","ocean_display_top_bar":"default","ocean_display_header":"default","ocean_header_style":"","ocean_center_header_left_menu":"0","ocean_custom_header_template":"0","ocean_custom_logo":0,"ocean_custom_retina_logo":0,"ocean_custom_logo_max_width":0,"ocean_custom_logo_tablet_max_width":0,"ocean_custom_logo_mobile_max_width":0,"ocean_custom_logo_max_height":0,"ocean_custom_logo_tablet_max_height":0,"ocean_custom_logo_mobile_max_height":0,"ocean_header_custom_menu":"0","ocean_menu_typo_font_family":"0","ocean_menu_typo_font_subset":"","ocean_menu_typo_font_size":0,"ocean_menu_typo_font_size_tablet":0,"ocean_menu_typo_font_size_mobile":0,"ocean_menu_typo_font_size_unit":"px","ocean_menu_typo_font_weight":"","ocean_menu_typo_font_weight_tablet":"","ocean_menu_typo_font_weight_mobile":"","ocean_menu_typo_transform":"","ocean_menu_typo_transform_tablet":"","ocean_menu_typo_transform_mobile":"","ocean_menu_typo_line_height":0,"ocean_menu_typo_line_height_tablet":0,"ocean_menu_typo_line_height_mobile":0,"ocean_menu_typo_line_height_unit":"","ocean_menu_typo_spacing":0,"ocean_menu_typo_spacing_tablet":0,"ocean_menu_typo_spacing_mobile":0,"ocean_menu_typo_spacing_unit":"","ocean_menu_link_color":"","ocean_menu_link_color_hover":"","ocean_menu_link_color_active":"","ocean_menu_link_background":"","ocean_menu_link_hover_background":"","ocean_menu_link_active_background":"","ocean_menu_social_links_bg":"","ocean_menu_social_hover_links_bg":"","ocean_menu_social_links_color":"","ocean_menu_social_hover_links_color":"","ocean_disable_title":"on","ocean_disable_heading":"default","ocean_post_title":"","ocean_post_subheading":"","ocean_post_title_style":"","ocean_post_title_background_color":"","ocean_post_title_background":0,"ocean_post_title_bg_image_position":"","ocean_post_title_bg_image_attachment":"","ocean_post_title_bg_image_repeat":"","ocean_post_title_bg_image_size":"","ocean_post_title_height":0,"ocean_post_title_bg_overlay":0.5,"ocean_post_title_bg_overlay_color":"","ocean_disable_breadcrumbs":"default","ocean_breadcrumbs_color":"","ocean_breadcrumbs_separator_color":"","ocean_breadcrumbs_links_color":"","ocean_breadcrumbs_links_hover_color":"","ocean_display_footer_widgets":"default","ocean_display_footer_bottom":"default","ocean_custom_footer_template":"0"},"product_brand":[87],"product_cat":[174,175],"product_tag":[215],"class_list":{"0":"post-8416","1":"product","2":"type-product","3":"status-publish","4":"has-post-thumbnail","6":"product_brand-rhinoceros","7":"product_cat-accessoires","8":"product_cat-pelle","9":"product_tag-xn20pro","11":"entry","12":"has-media","14":"first","15":"instock","16":"taxable","17":"shipping-taxable","18":"purchasable","19":"product-type-simple","20":"has-product-nav","21":"col","22":"span_1_of_5","23":"owp-content-center","24":"item-entry","25":"owp-thumbs-layout-horizontal","26":"owp-btn-normal","27":"owp-tabs-layout-horizontal","29":"circle-sale"},"jetpack_sharing_enabled":true,"_links":{"self":[{"href":"https:\/\/northforest-equipement.com\/fr\/wp-json\/wp\/v2\/product\/8416","targetHints":{"allow":["GET"]}}],"collection":[{"href":"https:\/\/northforest-equipement.com\/fr\/wp-json\/wp\/v2\/product"}],"about":[{"href":"https:\/\/northforest-equipement.com\/fr\/wp-json\/wp\/v2\/types\/product"}],"replies":[{"embeddable":true,"href":"https:\/\/northforest-equipement.com\/fr\/wp-json\/wp\/v2\/comments?post=8416"}],"wp:featuredmedia":[{"embeddable":true,"href":"https:\/\/northforest-equipement.com\/fr\/wp-json\/wp\/v2\/media\/5921"}],"wp:attachment":[{"href":"https:\/\/northforest-equipement.com\/fr\/wp-json\/wp\/v2\/media?parent=8416"}],"wp:term":[{"taxonomy":"product_brand","embeddable":true,"href":"https:\/\/northforest-equipement.com\/fr\/wp-json\/wp\/v2\/product_brand?post=8416"},{"taxonomy":"product_cat","embeddable":true,"href":"https:\/\/northforest-equipement.com\/fr\/wp-json\/wp\/v2\/product_cat?post=8416"},{"taxonomy":"product_tag","embeddable":true,"href":"https:\/\/northforest-equipement.com\/fr\/wp-json\/wp\/v2\/product_tag?post=8416"}],"curies":[{"name":"wp","href":"https:\/\/api.w.org\/{rel}","templated":true}]}}