{"id":8403,"date":"2019-11-05T16:54:34","date_gmt":"2019-11-05T21:54:34","guid":{"rendered":"https:\/\/northforest-equipement.com\/produit\/coin-a-6-voies"},"modified":"2026-03-11T16:59:59","modified_gmt":"2026-03-11T21:59:59","slug":"coin-a-6-voies","status":"publish","type":"product","link":"https:\/\/northforest-equipement.com\/fr\/produit\/coin-a-6-voies","title":{"rendered":"Coin \u00e0 6 voies"},"content":{"rendered":"<p>Facile \u00e0 installer et id\u00e9al pour les petites pi\u00e8ces.<\/p>\n<p data-start=\"256\" data-end=\"514\">Le coin est dot\u00e9 d\u2019une lame verticale principale et de lames horizontales et inclin\u00e9es qui se croisent, cr\u00e9ant six ar\u00eates de coupe. Lorsque le v\u00e9rin hydraulique pousse la b\u00fbche \u00e0 travers le coin, les lames fendent le bois simultan\u00e9ment, produisant un bois de chauffage uniforme, pr\u00eat pour le po\u00eale. <\/p>\n<p data-start=\"516\" data-end=\"548\">Ce type de coin est id\u00e9al pour :<\/p>\n<ul data-start=\"549\" data-end=\"691\">\n<li data-start=\"549\" data-end=\"584\">\n<p data-start=\"551\" data-end=\"584\"><strong data-start=\"551\" data-end=\"584\">B\u00fbches de diam\u00e8tre moyen \u00e0 petit<\/strong><\/p>\n<\/li>\n<li data-start=\"585\" data-end=\"614\">\n<p data-start=\"587\" data-end=\"614\">Augmenter la vitesse de production<\/p>\n<\/li>\n<li data-start=\"615\" data-end=\"655\">\n<p data-start=\"617\" data-end=\"655\">Produire des b\u00fbches de bois de chauffage de taille uniforme<\/p>\n<\/li>\n<li data-start=\"656\" data-end=\"691\">\n<p data-start=\"658\" data-end=\"691\">Op\u00e9rations commerciales \u00e0 grand volume<\/p>\n<\/li>\n<\/ul>\n<p data-start=\"693\" data-end=\"828\">Il fonctionne mieux sur du bois \u00e0 fil droit et des b\u00fbches de taille appropri\u00e9e, car un bois surdimensionn\u00e9 ou tr\u00e8s noueux peut r\u00e9duire l\u2019efficacit\u00e9 du fendage.<\/p>\n<p data-start=\"693\" data-end=\"828\">DIMENSIONS :<\/p>\n<p data-start=\"693\" data-end=\"828\">30 INCHES DE LONG<\/p>\n<p data-start=\"693\" data-end=\"828\">11.5 INCHES DE LARGE<\/p>\n<p data-start=\"693\" data-end=\"828\">6 INCHES DE HAUT<\/p>\n<p data-start=\"693\" data-end=\"828\">49 POUNDS<\/p>\n<p data-start=\"693\" data-end=\"828\">NB : N\u2019OUBLIEZ PAS LE BOULON DE RETENUE DE S\u00c9CURIT\u00c9 LORS DE L\u2019UTILISATION.<\/p>\n","protected":false},"excerpt":{"rendered":"<h4>Augmentez votre production de bois de chauffage avec le <strong data-start=\"40\" data-end=\"68\">coin 6 voies North Forest<\/strong>, con\u00e7u pour le T29FHC afin de remplacer le coin standard 4 voies. Sa conception 6&#215;11.5&#215;30 49lBS fend les b\u00fbches en plusieurs petits morceaux en un seul passage. <\/h4>\n<p><img decoding=\"async\" class=\"wp-image-9132 lazyload\" data-src=\"http:\/\/northforest-equipement.com\/wp-content\/uploads\/2019\/11\/6Way-wedge-300x225.png\" alt=\"COIN 6 VOIES NORTH FOREST COUTEAU 6 MORCEAUX\" width=\"240\" height=\"180\" data-srcset=\"https:\/\/i0.wp.com\/northforest-equipement.com\/wp-content\/uploads\/2019\/11\/6Way-wedge.png?resize=300%2C225&amp;ssl=1 300w, https:\/\/i0.wp.com\/northforest-equipement.com\/wp-content\/uploads\/2019\/11\/6Way-wedge.png?resize=1024%2C768&amp;ssl=1 1024w, https:\/\/i0.wp.com\/northforest-equipement.com\/wp-content\/uploads\/2019\/11\/6Way-wedge.png?resize=768%2C576&amp;ssl=1 768w, https:\/\/i0.wp.com\/northforest-equipement.com\/wp-content\/uploads\/2019\/11\/6Way-wedge.png?resize=400%2C300&amp;ssl=1 400w, https:\/\/i0.wp.com\/northforest-equipement.com\/wp-content\/uploads\/2019\/11\/6Way-wedge.png?w=1366&amp;ssl=1 1366w\" data-sizes=\"(max-width: 240px) 100vw, 240px\" src=\"data:image\/svg+xml;base64,PHN2ZyB3aWR0aD0iMSIgaGVpZ2h0PSIxIiB4bWxucz0iaHR0cDovL3d3dy53My5vcmcvMjAwMC9zdmciPjwvc3ZnPg==\" style=\"--smush-placeholder-width: 240px; --smush-placeholder-aspect-ratio: 240\/180;\" \/><\/p>\n<h3>COIN 6 VOIES NORTH FOREST<\/h3>\n<p>&nbsp;<\/p>\n<h3>COUTEAU 6 MORCEAUX<\/h3>\n<p>&nbsp;<\/p>\n","protected":false},"featured_media":9880,"comment_status":"closed","ping_status":"closed","template":"","meta":{"ocean_post_layout":"","ocean_both_sidebars_style":"","ocean_both_sidebars_content_width":0,"ocean_both_sidebars_sidebars_width":0,"ocean_sidebar":"0","ocean_second_sidebar":"0","ocean_disable_margins":"enable","ocean_add_body_class":"","ocean_shortcode_before_top_bar":"","ocean_shortcode_after_top_bar":"","ocean_shortcode_before_header":"","ocean_shortcode_after_header":"","ocean_has_shortcode":"","ocean_shortcode_after_title":"","ocean_shortcode_before_footer_widgets":"","ocean_shortcode_after_footer_widgets":"","ocean_shortcode_before_footer_bottom":"","ocean_shortcode_after_footer_bottom":"","ocean_display_top_bar":"default","ocean_display_header":"default","ocean_header_style":"","ocean_center_header_left_menu":"0","ocean_custom_header_template":"0","ocean_custom_logo":0,"ocean_custom_retina_logo":0,"ocean_custom_logo_max_width":0,"ocean_custom_logo_tablet_max_width":0,"ocean_custom_logo_mobile_max_width":0,"ocean_custom_logo_max_height":0,"ocean_custom_logo_tablet_max_height":0,"ocean_custom_logo_mobile_max_height":0,"ocean_header_custom_menu":"0","ocean_menu_typo_font_family":"0","ocean_menu_typo_font_subset":"","ocean_menu_typo_font_size":0,"ocean_menu_typo_font_size_tablet":0,"ocean_menu_typo_font_size_mobile":0,"ocean_menu_typo_font_size_unit":"px","ocean_menu_typo_font_weight":"","ocean_menu_typo_font_weight_tablet":"","ocean_menu_typo_font_weight_mobile":"","ocean_menu_typo_transform":"","ocean_menu_typo_transform_tablet":"","ocean_menu_typo_transform_mobile":"","ocean_menu_typo_line_height":0,"ocean_menu_typo_line_height_tablet":0,"ocean_menu_typo_line_height_mobile":0,"ocean_menu_typo_line_height_unit":"","ocean_menu_typo_spacing":0,"ocean_menu_typo_spacing_tablet":0,"ocean_menu_typo_spacing_mobile":0,"ocean_menu_typo_spacing_unit":"","ocean_menu_link_color":"","ocean_menu_link_color_hover":"","ocean_menu_link_color_active":"","ocean_menu_link_background":"","ocean_menu_link_hover_background":"","ocean_menu_link_active_background":"","ocean_menu_social_links_bg":"","ocean_menu_social_hover_links_bg":"","ocean_menu_social_links_color":"","ocean_menu_social_hover_links_color":"","ocean_disable_title":"default","ocean_disable_heading":"default","ocean_post_title":"","ocean_post_subheading":"","ocean_post_title_style":"","ocean_post_title_background_color":"","ocean_post_title_background":0,"ocean_post_title_bg_image_position":"","ocean_post_title_bg_image_attachment":"","ocean_post_title_bg_image_repeat":"","ocean_post_title_bg_image_size":"","ocean_post_title_height":0,"ocean_post_title_bg_overlay":0.5,"ocean_post_title_bg_overlay_color":"","ocean_disable_breadcrumbs":"default","ocean_breadcrumbs_color":"","ocean_breadcrumbs_separator_color":"","ocean_breadcrumbs_links_color":"","ocean_breadcrumbs_links_hover_color":"","ocean_display_footer_widgets":"default","ocean_display_footer_bottom":"default","ocean_custom_footer_template":"0"},"product_brand":[94],"product_cat":[177,179,178],"product_tag":[186],"class_list":{"0":"post-8403","1":"product","2":"type-product","3":"status-publish","4":"has-post-thumbnail","6":"product_brand-north-forest-power-equipement","7":"product_cat-accessoires-pour-processeur-de-bois","8":"product_cat-pieces","9":"product_cat-pieces-t29fhc","10":"product_tag-nf6ww","11":"product_shipping_class-palette-4x4","13":"entry","14":"has-media","16":"first","17":"instock","18":"taxable","19":"shipping-taxable","20":"purchasable","21":"product-type-simple","22":"has-product-nav","23":"col","24":"span_1_of_5","25":"owp-content-center","26":"item-entry","27":"owp-thumbs-layout-horizontal","28":"owp-btn-normal","29":"owp-tabs-layout-horizontal","31":"circle-sale"},"jetpack_sharing_enabled":true,"_links":{"self":[{"href":"https:\/\/northforest-equipement.com\/fr\/wp-json\/wp\/v2\/product\/8403","targetHints":{"allow":["GET"]}}],"collection":[{"href":"https:\/\/northforest-equipement.com\/fr\/wp-json\/wp\/v2\/product"}],"about":[{"href":"https:\/\/northforest-equipement.com\/fr\/wp-json\/wp\/v2\/types\/product"}],"replies":[{"embeddable":true,"href":"https:\/\/northforest-equipement.com\/fr\/wp-json\/wp\/v2\/comments?post=8403"}],"wp:featuredmedia":[{"embeddable":true,"href":"https:\/\/northforest-equipement.com\/fr\/wp-json\/wp\/v2\/media\/9880"}],"wp:attachment":[{"href":"https:\/\/northforest-equipement.com\/fr\/wp-json\/wp\/v2\/media?parent=8403"}],"wp:term":[{"taxonomy":"product_brand","embeddable":true,"href":"https:\/\/northforest-equipement.com\/fr\/wp-json\/wp\/v2\/product_brand?post=8403"},{"taxonomy":"product_cat","embeddable":true,"href":"https:\/\/northforest-equipement.com\/fr\/wp-json\/wp\/v2\/product_cat?post=8403"},{"taxonomy":"product_tag","embeddable":true,"href":"https:\/\/northforest-equipement.com\/fr\/wp-json\/wp\/v2\/product_tag?post=8403"}],"curies":[{"name":"wp","href":"https:\/\/api.w.org\/{rel}","templated":true}]}}