{"id":8402,"date":"2020-08-18T14:28:36","date_gmt":"2020-08-18T19:28:36","guid":{"rendered":"https:\/\/northforest-equipement.com\/produit\/nf-350traction"},"modified":"2026-03-11T16:57:20","modified_gmt":"2026-03-11T21:57:20","slug":"nf-350traction","status":"publish","type":"product","link":"https:\/\/northforest-equipement.com\/fr\/produit\/nf-350traction","title":{"rendered":"NF-350W"},"content":{"rendered":"<table class=\"table table-bordered\" style=\"height: 285px;\" width=\"576\">\n<tbody>\n<tr>\n<th>MODLES<\/th>\n<th>NF-350<\/th>\n<th><\/th>\n<\/tr>\n<tr class=\"gris_fonce\">\n<td>Port\u00e9e de la fl\u00e8che<\/td>\n<td>11&nbsp;po<\/td>\n<td><\/td>\n<\/tr>\n<tr class=\"gris_pale\">\n<td>Hauteur totale<\/td>\n<td>60&nbsp;po<\/td>\n<td><\/td>\n<\/tr>\n<tr class=\"gris_fonce\">\n<td>avec remorque<\/td>\n<td>54&nbsp;po<\/td>\n<td><\/td>\n<\/tr>\n<tr class=\"gris_pale\">\n<td>Rotation de la fl\u00e8che<\/td>\n<td>180\u00b0<\/td>\n<td><\/td>\n<\/tr>\n<tr class=\"gris_fonce\">\n<td>Rotation du grappin<\/td>\n<td>Continue<\/td>\n<td><\/td>\n<\/tr>\n<tr class=\"gris_pale\">\n<td>Levage \u00e0 extension compl\u00e8te<\/td>\n<td>800&nbsp;lb<\/td>\n<td><\/td>\n<\/tr>\n<tr class=\"gris_fonce\">\n<td>Ouverture du grappin<\/td>\n<td>30&nbsp;po<\/td>\n<td><\/td>\n<\/tr>\n<tr class=\"gris_pale\">\n<td>Fermeture minimale du grappin<\/td>\n<td>4&nbsp;1\/2&nbsp;po<\/td>\n<td><\/td>\n<\/tr>\n<tr class=\"gris_fonce\">\n<td>Poids total<\/td>\n<td>1100&nbsp;lb<\/td>\n<td><\/td>\n<\/tr>\n<tr class=\"gris_pale\">\n<td>Groupe motopropulseur<\/td>\n<td>6,5&nbsp;HP<\/td>\n<td><\/td>\n<\/tr>\n<tr class=\"gris_fonce\">\n<td>Treuil hydraulique int\u00e9gr\u00e9 (t\u00e9l\u00e9commande incluse)<\/td>\n<td>4000&nbsp;lb<\/td>\n<\/tr>\n<\/tbody>\n<\/table>\n","protected":false},"excerpt":{"rendered":"<p>CHARGEUSE \u00c0 BOIS POUR VTT\/UTV<\/p>\n<p>NF-350W<\/p>\n<figure id=\"attachment_9135\" aria-describedby=\"caption-attachment-9135\" style=\"width: 300px\" class=\"wp-caption alignnone\"><img fetchpriority=\"high\" decoding=\"async\" class=\"size-medium wp-image-9135\" src=\"http:\/\/northforest-equipement.com\/wp-content\/uploads\/2019\/11\/NF350-wide-LOG-300x225.png\" alt=\"NORTH FOREST NF350W CHARGEUSE \u00c0 BOIS VTT\/UTV CHARGEUSE \u00c0 BOIS CHARGEUSE \u00c0 BOIS VTT\/ATV\" width=\"300\" height=\"225\" srcset=\"https:\/\/i0.wp.com\/northforest-equipement.com\/wp-content\/uploads\/2019\/11\/NF350-wide-LOG.png?resize=300%2C225&amp;ssl=1 300w, https:\/\/i0.wp.com\/northforest-equipement.com\/wp-content\/uploads\/2019\/11\/NF350-wide-LOG.png?resize=1024%2C768&amp;ssl=1 1024w, https:\/\/i0.wp.com\/northforest-equipement.com\/wp-content\/uploads\/2019\/11\/NF350-wide-LOG.png?resize=768%2C576&amp;ssl=1 768w, https:\/\/i0.wp.com\/northforest-equipement.com\/wp-content\/uploads\/2019\/11\/NF350-wide-LOG.png?resize=400%2C300&amp;ssl=1 400w, https:\/\/i0.wp.com\/northforest-equipement.com\/wp-content\/uploads\/2019\/11\/NF350-wide-LOG.png?w=1366&amp;ssl=1 1366w\" sizes=\"(max-width: 300px) 100vw, 300px\" \/><figcaption id=\"caption-attachment-9135\" class=\"wp-caption-text\">NORTH FOREST NF350N<\/p>\n<p><\/figcaption><\/figure>\n","protected":false},"featured_media":7757,"comment_status":"closed","ping_status":"closed","template":"","meta":{"ocean_post_layout":"","ocean_both_sidebars_style":"","ocean_both_sidebars_content_width":0,"ocean_both_sidebars_sidebars_width":0,"ocean_sidebar":"0","ocean_second_sidebar":"0","ocean_disable_margins":"enable","ocean_add_body_class":"","ocean_shortcode_before_top_bar":"","ocean_shortcode_after_top_bar":"","ocean_shortcode_before_header":"","ocean_shortcode_after_header":"","ocean_has_shortcode":"","ocean_shortcode_after_title":"","ocean_shortcode_before_footer_widgets":"","ocean_shortcode_after_footer_widgets":"","ocean_shortcode_before_footer_bottom":"","ocean_shortcode_after_footer_bottom":"","ocean_display_top_bar":"default","ocean_display_header":"default","ocean_header_style":"","ocean_center_header_left_menu":"0","ocean_custom_header_template":"0","ocean_custom_logo":0,"ocean_custom_retina_logo":0,"ocean_custom_logo_max_width":0,"ocean_custom_logo_tablet_max_width":0,"ocean_custom_logo_mobile_max_width":0,"ocean_custom_logo_max_height":0,"ocean_custom_logo_tablet_max_height":0,"ocean_custom_logo_mobile_max_height":0,"ocean_header_custom_menu":"0","ocean_menu_typo_font_family":"0","ocean_menu_typo_font_subset":"","ocean_menu_typo_font_size":0,"ocean_menu_typo_font_size_tablet":0,"ocean_menu_typo_font_size_mobile":0,"ocean_menu_typo_font_size_unit":"px","ocean_menu_typo_font_weight":"","ocean_menu_typo_font_weight_tablet":"","ocean_menu_typo_font_weight_mobile":"","ocean_menu_typo_transform":"","ocean_menu_typo_transform_tablet":"","ocean_menu_typo_transform_mobile":"","ocean_menu_typo_line_height":0,"ocean_menu_typo_line_height_tablet":0,"ocean_menu_typo_line_height_mobile":0,"ocean_menu_typo_line_height_unit":"","ocean_menu_typo_spacing":0,"ocean_menu_typo_spacing_tablet":0,"ocean_menu_typo_spacing_mobile":0,"ocean_menu_typo_spacing_unit":"","ocean_menu_link_color":"","ocean_menu_link_color_hover":"","ocean_menu_link_color_active":"","ocean_menu_link_background":"","ocean_menu_link_hover_background":"","ocean_menu_link_active_background":"","ocean_menu_social_links_bg":"","ocean_menu_social_hover_links_bg":"","ocean_menu_social_links_color":"","ocean_menu_social_hover_links_color":"","ocean_disable_title":"default","ocean_disable_heading":"default","ocean_post_title":"","ocean_post_subheading":"","ocean_post_title_style":"","ocean_post_title_background_color":"","ocean_post_title_background":0,"ocean_post_title_bg_image_position":"","ocean_post_title_bg_image_attachment":"","ocean_post_title_bg_image_repeat":"","ocean_post_title_bg_image_size":"","ocean_post_title_height":0,"ocean_post_title_bg_overlay":0.5,"ocean_post_title_bg_overlay_color":"","ocean_disable_breadcrumbs":"default","ocean_breadcrumbs_color":"","ocean_breadcrumbs_separator_color":"","ocean_breadcrumbs_links_color":"","ocean_breadcrumbs_links_hover_color":"","ocean_display_footer_widgets":"default","ocean_display_footer_bottom":"default","ocean_custom_footer_template":"0"},"product_brand":[94],"product_cat":[187,188],"product_tag":[189],"class_list":{"0":"post-8402","1":"product","2":"type-product","3":"status-publish","4":"has-post-thumbnail","6":"product_brand-north-forest-power-equipement","7":"product_cat-chargeuse-a-bois","8":"product_cat-remorque-atv","9":"product_tag-nf350w","10":"product_shipping_class-machinerie-lourde","12":"entry","13":"has-media","15":"first","16":"instock","17":"taxable","18":"shipping-taxable","19":"purchasable","20":"product-type-simple","21":"has-product-nav","22":"col","23":"span_1_of_5","24":"owp-content-center","25":"item-entry","26":"owp-thumbs-layout-horizontal","27":"owp-btn-normal","28":"owp-tabs-layout-horizontal","30":"circle-sale"},"jetpack_sharing_enabled":true,"_links":{"self":[{"href":"https:\/\/northforest-equipement.com\/fr\/wp-json\/wp\/v2\/product\/8402","targetHints":{"allow":["GET"]}}],"collection":[{"href":"https:\/\/northforest-equipement.com\/fr\/wp-json\/wp\/v2\/product"}],"about":[{"href":"https:\/\/northforest-equipement.com\/fr\/wp-json\/wp\/v2\/types\/product"}],"replies":[{"embeddable":true,"href":"https:\/\/northforest-equipement.com\/fr\/wp-json\/wp\/v2\/comments?post=8402"}],"wp:featuredmedia":[{"embeddable":true,"href":"https:\/\/northforest-equipement.com\/fr\/wp-json\/wp\/v2\/media\/7757"}],"wp:attachment":[{"href":"https:\/\/northforest-equipement.com\/fr\/wp-json\/wp\/v2\/media?parent=8402"}],"wp:term":[{"taxonomy":"product_brand","embeddable":true,"href":"https:\/\/northforest-equipement.com\/fr\/wp-json\/wp\/v2\/product_brand?post=8402"},{"taxonomy":"product_cat","embeddable":true,"href":"https:\/\/northforest-equipement.com\/fr\/wp-json\/wp\/v2\/product_cat?post=8402"},{"taxonomy":"product_tag","embeddable":true,"href":"https:\/\/northforest-equipement.com\/fr\/wp-json\/wp\/v2\/product_tag?post=8402"}],"curies":[{"name":"wp","href":"https:\/\/api.w.org\/{rel}","templated":true}]}}