{"id":8394,"date":"2019-11-05T16:35:52","date_gmt":"2019-11-05T21:35:52","guid":{"rendered":"https:\/\/northforest-equipement.com\/produit\/table-dalimentation-pour-grumes-avec-alimentation-hydraulique-promotion"},"modified":"2026-03-11T16:59:20","modified_gmt":"2026-03-11T21:59:20","slug":"table-dalimentation-pour-grumes-avec-alimentation-hydraulique-promotion","status":"publish","type":"product","link":"https:\/\/northforest-equipement.com\/fr\/produit\/table-dalimentation-pour-grumes-avec-alimentation-hydraulique-promotion","title":{"rendered":"Table d&rsquo;alimentation pour grumes avec alimentation hydraulique PROMOTION"},"content":{"rendered":"<p><span style=\"color: #000000;\">La table d&rsquo;alimentation NorthForest avec alimentation hydraulique peut facilement \u00eatre connect\u00e9e aux processeurs \u00e0 bois de chauffage T29 FHC. Chargez la table avec des grumes, 1 levier d\u00e9place la cha\u00eene vers l&rsquo;avant ou vers l&rsquo;arri\u00e8re pour d\u00e9placer les grumes le long de la table et un deuxi\u00e8me levier fait tourner les rouleaux d&rsquo;alimentation pour d\u00e9placer la grume vers votre processeur. La hauteur et la largeur de la table \u00e0 grumes sont r\u00e9glables. Facile \u00e0 assembler.   <\/span><\/p>\n<ul class=\"elementskit-pricing-lists\">\n<li class=\"elementor-repeater-item-ceff914\"><span style=\"color: #000000;\">Hauteur r\u00e9glable 31 po \u2013 39 po<\/span><\/li>\n<li class=\"elementor-repeater-item-311b5f2\"><span style=\"color: #000000;\">Largeur r\u00e9glable 58 po \u2013 70 po<\/span><\/li>\n<li class=\"elementor-repeater-item-8bf1565\"><span style=\"color: #000000;\">Zone de stockage des grumes 72 po<\/span><\/li>\n<li class=\"elementor-repeater-item-04c5ad3\"><span style=\"color: #000000;\">2 x Rouleaux d&rsquo;entra\u00eenement (15,5 po de large)<\/span><\/li>\n<li class=\"elementor-repeater-item-036f43f\"><span style=\"color: #000000;\">Poids de l&rsquo;unit\u00e9 450 lb<\/span><\/li>\n<li><span style=\"color: #000000;\">La promotion s&rsquo;applique uniquement \u00e0 l&rsquo;achat d&rsquo;un nouveau processeur NF-T29FHC.<\/span><\/li>\n<\/ul>\n<p>&nbsp;<\/p>\n","protected":false},"excerpt":{"rendered":"<div>Dimensions :<\/div>\n<div class=\"rpt_feature rpt_feature_0-0\">Hauteur r\u00e9glable&nbsp;: 31 po \u2013 39 po<\/div>\n<div class=\"rpt_feature rpt_feature_0-1\">Largeur r\u00e9glable&nbsp;: 58 po \u2013 70 po<\/div>\n<div class=\"rpt_feature rpt_feature_0-2\">Zone de stockage des grumes&nbsp;: 72 po<\/div>\n<div class=\"rpt_feature rpt_feature_0-3\">Rouleaux d&rsquo;entra\u00eenement (2)&nbsp;: 15 1\/2 po de large<\/div>\n<div class=\"rpt_feature rpt_feature_0-4\">Poids de l&rsquo;unit\u00e9&nbsp;: 450 lb<\/div>\n<div>\n<figure id=\"attachment_9713\" aria-describedby=\"caption-attachment-9713\" style=\"width: 300px\" class=\"wp-caption alignnone\"><img fetchpriority=\"high\" decoding=\"async\" class=\"size-medium wp-image-9713\" src=\"http:\/\/northforest-equipement.com\/wp-content\/uploads\/2019\/11\/LD-STD-SPECS--300x200.png\" alt=\"{%ALT_TEXT%}\" width=\"300\" height=\"200\" srcset=\"https:\/\/i0.wp.com\/northforest-equipement.com\/wp-content\/uploads\/2019\/11\/LD-STD-SPECS-.png?resize=300%2C200&amp;ssl=1 300w, https:\/\/i0.wp.com\/northforest-equipement.com\/wp-content\/uploads\/2019\/11\/LD-STD-SPECS-.png?resize=1024%2C683&amp;ssl=1 1024w, https:\/\/i0.wp.com\/northforest-equipement.com\/wp-content\/uploads\/2019\/11\/LD-STD-SPECS-.png?resize=768%2C512&amp;ssl=1 768w, https:\/\/i0.wp.com\/northforest-equipement.com\/wp-content\/uploads\/2019\/11\/LD-STD-SPECS-.png?resize=400%2C267&amp;ssl=1 400w, https:\/\/i0.wp.com\/northforest-equipement.com\/wp-content\/uploads\/2019\/11\/LD-STD-SPECS-.png?w=1536&amp;ssl=1 1536w\" sizes=\"(max-width: 300px) 100vw, 300px\" \/><figcaption id=\"caption-attachment-9713\" class=\"wp-caption-text\">{%CAPTION%}<\/figcaption><\/figure>\n<\/div>\n","protected":false},"featured_media":9730,"comment_status":"closed","ping_status":"closed","template":"","meta":{"ocean_post_layout":"","ocean_both_sidebars_style":"","ocean_both_sidebars_content_width":0,"ocean_both_sidebars_sidebars_width":0,"ocean_sidebar":"0","ocean_second_sidebar":"0","ocean_disable_margins":"enable","ocean_add_body_class":"","ocean_shortcode_before_top_bar":"","ocean_shortcode_after_top_bar":"","ocean_shortcode_before_header":"","ocean_shortcode_after_header":"","ocean_has_shortcode":"","ocean_shortcode_after_title":"","ocean_shortcode_before_footer_widgets":"","ocean_shortcode_after_footer_widgets":"","ocean_shortcode_before_footer_bottom":"","ocean_shortcode_after_footer_bottom":"","ocean_display_top_bar":"default","ocean_display_header":"default","ocean_header_style":"minimal","ocean_center_header_left_menu":"0","ocean_custom_header_template":"0","ocean_custom_logo":0,"ocean_custom_retina_logo":0,"ocean_custom_logo_max_width":0,"ocean_custom_logo_tablet_max_width":0,"ocean_custom_logo_mobile_max_width":0,"ocean_custom_logo_max_height":0,"ocean_custom_logo_tablet_max_height":0,"ocean_custom_logo_mobile_max_height":0,"ocean_header_custom_menu":"0","ocean_menu_typo_font_family":"0","ocean_menu_typo_font_subset":"","ocean_menu_typo_font_size":0,"ocean_menu_typo_font_size_tablet":0,"ocean_menu_typo_font_size_mobile":0,"ocean_menu_typo_font_size_unit":"px","ocean_menu_typo_font_weight":"","ocean_menu_typo_font_weight_tablet":"","ocean_menu_typo_font_weight_mobile":"","ocean_menu_typo_transform":"","ocean_menu_typo_transform_tablet":"","ocean_menu_typo_transform_mobile":"","ocean_menu_typo_line_height":0,"ocean_menu_typo_line_height_tablet":0,"ocean_menu_typo_line_height_mobile":0,"ocean_menu_typo_line_height_unit":"","ocean_menu_typo_spacing":0,"ocean_menu_typo_spacing_tablet":0,"ocean_menu_typo_spacing_mobile":0,"ocean_menu_typo_spacing_unit":"","ocean_menu_link_color":"","ocean_menu_link_color_hover":"","ocean_menu_link_color_active":"","ocean_menu_link_background":"","ocean_menu_link_hover_background":"","ocean_menu_link_active_background":"","ocean_menu_social_links_bg":"","ocean_menu_social_hover_links_bg":"","ocean_menu_social_links_color":"","ocean_menu_social_hover_links_color":"","ocean_disable_title":"on","ocean_disable_heading":"default","ocean_post_title":"","ocean_post_subheading":"","ocean_post_title_style":"","ocean_post_title_background_color":"","ocean_post_title_background":0,"ocean_post_title_bg_image_position":"","ocean_post_title_bg_image_attachment":"","ocean_post_title_bg_image_repeat":"","ocean_post_title_bg_image_size":"","ocean_post_title_height":0,"ocean_post_title_bg_overlay":0.5,"ocean_post_title_bg_overlay_color":"","ocean_disable_breadcrumbs":"default","ocean_breadcrumbs_color":"","ocean_breadcrumbs_separator_color":"","ocean_breadcrumbs_links_color":"","ocean_breadcrumbs_links_hover_color":"","ocean_display_footer_widgets":"default","ocean_display_footer_bottom":"default","ocean_custom_footer_template":"0"},"product_brand":[94],"product_cat":[177],"product_tag":[23],"class_list":{"0":"post-8394","1":"product","2":"type-product","3":"status-publish","4":"has-post-thumbnail","6":"product_brand-north-forest-power-equipement","7":"product_cat-accessoires-pour-processeur-de-bois","8":"product_tag-nf-ld","9":"product_shipping_class-machinerie-lourde","11":"entry","12":"has-media","14":"first","15":"instock","16":"sale","17":"taxable","18":"shipping-taxable","19":"purchasable","20":"product-type-simple","21":"has-product-nav","22":"col","23":"span_1_of_5","24":"owp-content-center","25":"item-entry","26":"owp-thumbs-layout-horizontal","27":"owp-btn-normal","28":"owp-tabs-layout-horizontal","30":"circle-sale"},"jetpack_sharing_enabled":true,"_links":{"self":[{"href":"https:\/\/northforest-equipement.com\/fr\/wp-json\/wp\/v2\/product\/8394","targetHints":{"allow":["GET"]}}],"collection":[{"href":"https:\/\/northforest-equipement.com\/fr\/wp-json\/wp\/v2\/product"}],"about":[{"href":"https:\/\/northforest-equipement.com\/fr\/wp-json\/wp\/v2\/types\/product"}],"replies":[{"embeddable":true,"href":"https:\/\/northforest-equipement.com\/fr\/wp-json\/wp\/v2\/comments?post=8394"}],"wp:featuredmedia":[{"embeddable":true,"href":"https:\/\/northforest-equipement.com\/fr\/wp-json\/wp\/v2\/media\/9730"}],"wp:attachment":[{"href":"https:\/\/northforest-equipement.com\/fr\/wp-json\/wp\/v2\/media?parent=8394"}],"wp:term":[{"taxonomy":"product_brand","embeddable":true,"href":"https:\/\/northforest-equipement.com\/fr\/wp-json\/wp\/v2\/product_brand?post=8394"},{"taxonomy":"product_cat","embeddable":true,"href":"https:\/\/northforest-equipement.com\/fr\/wp-json\/wp\/v2\/product_cat?post=8394"},{"taxonomy":"product_tag","embeddable":true,"href":"https:\/\/northforest-equipement.com\/fr\/wp-json\/wp\/v2\/product_tag?post=8394"}],"curies":[{"name":"wp","href":"https:\/\/api.w.org\/{rel}","templated":true}]}}