{"id":8391,"date":"2019-11-05T15:27:23","date_gmt":"2019-11-05T20:27:23","guid":{"rendered":"https:\/\/northforest-equipement.com\/produit\/nf-t27-141"},"modified":"2026-03-24T15:39:16","modified_gmt":"2026-03-24T20:39:16","slug":"nf-t27-141","status":"publish","type":"product","link":"https:\/\/northforest-equipement.com\/fr\/produit\/nf-t27-141","title":{"rendered":"NF-T27-141"},"content":{"rendered":"<p data-start=\"146\" data-end=\"215\"><strong data-start=\"146\" data-end=\"185\">Courroie de convoyeur de remplacement pour T27FH<\/strong><br data-start=\"185\" data-end=\"188\"><strong data-start=\"188\" data-end=\"215\">Pi\u00e8ce n\u00b0 NF-T27FH-CONVEYOR<\/strong><\/p>\n<p data-start=\"217\" data-end=\"407\">Courroie de convoyeur de remplacement robuste con\u00e7ue pour les <strong data-start=\"267\" data-end=\"325\">processeurs de bois de chauffage North Forest T27FH (avant 2023)<\/strong>. Con\u00e7ue pour un transport du bois fiable et une longue dur\u00e9e de service dans des conditions exigeantes. <\/p>\n<h3 data-section-id=\"1yl5694\" data-start=\"409\" data-end=\"427\">Caract\u00e9ristiques<\/h3>\n<p data-start=\"428\" data-end=\"637\">\u2714 Compatible avec les <strong data-start=\"446\" data-end=\"495\">processeurs North Forest T27FH (avant 2023)<\/strong><br data-start=\"495\" data-end=\"498\">\u2714 R\u00e9f\u00e9rence : <strong data-start=\"513\" data-end=\"534\">NF-T27FH-CONVEYOR<\/strong><br data-start=\"534\" data-end=\"537\">\u2714 Courroie de convoyeur en caoutchouc renforc\u00e9, robuste<br data-start=\"581\" data-end=\"584\">\u2714 Construction de qualit\u00e9 industrielle pour une durabilit\u00e9 prolong\u00e9e<\/p>\n<p data-start=\"651\" data-end=\"662\">\n","protected":false},"excerpt":{"rendered":"<figure id=\"attachment_9955\" aria-describedby=\"caption-attachment-9955\" style=\"width: 200px\" class=\"wp-caption alignnone\"><img fetchpriority=\"high\" decoding=\"async\" class=\"size-medium wp-image-9955\" src=\"http:\/\/northforest-equipement.com\/wp-content\/uploads\/2019\/11\/ChatGPT-Image-Mar-24-2026-04_36_22-PM-200x300.png\" alt=\"{%ALT_TEXT%}\" width=\"200\" height=\"300\" srcset=\"https:\/\/i0.wp.com\/northforest-equipement.com\/wp-content\/uploads\/2019\/11\/ChatGPT-Image-Mar-24-2026-04_36_22-PM.png?resize=200%2C300&amp;ssl=1 200w, https:\/\/i0.wp.com\/northforest-equipement.com\/wp-content\/uploads\/2019\/11\/ChatGPT-Image-Mar-24-2026-04_36_22-PM.png?resize=683%2C1024&amp;ssl=1 683w, https:\/\/i0.wp.com\/northforest-equipement.com\/wp-content\/uploads\/2019\/11\/ChatGPT-Image-Mar-24-2026-04_36_22-PM.png?resize=768%2C1152&amp;ssl=1 768w, https:\/\/i0.wp.com\/northforest-equipement.com\/wp-content\/uploads\/2019\/11\/ChatGPT-Image-Mar-24-2026-04_36_22-PM.png?resize=400%2C600&amp;ssl=1 400w, https:\/\/i0.wp.com\/northforest-equipement.com\/wp-content\/uploads\/2019\/11\/ChatGPT-Image-Mar-24-2026-04_36_22-PM.png?w=1024&amp;ssl=1 1024w\" sizes=\"(max-width: 200px) 100vw, 200px\" \/><figcaption id=\"caption-attachment-9955\" class=\"wp-caption-text\">courroie de convoyeur North Forest T27<\/figcaption><\/figure>\n","protected":false},"featured_media":9956,"comment_status":"closed","ping_status":"closed","template":"","meta":{"ocean_post_layout":"","ocean_both_sidebars_style":"","ocean_both_sidebars_content_width":0,"ocean_both_sidebars_sidebars_width":0,"ocean_sidebar":"0","ocean_second_sidebar":"0","ocean_disable_margins":"enable","ocean_add_body_class":"","ocean_shortcode_before_top_bar":"","ocean_shortcode_after_top_bar":"","ocean_shortcode_before_header":"","ocean_shortcode_after_header":"","ocean_has_shortcode":"","ocean_shortcode_after_title":"","ocean_shortcode_before_footer_widgets":"","ocean_shortcode_after_footer_widgets":"","ocean_shortcode_before_footer_bottom":"","ocean_shortcode_after_footer_bottom":"","ocean_display_top_bar":"default","ocean_display_header":"default","ocean_header_style":"","ocean_center_header_left_menu":"0","ocean_custom_header_template":"0","ocean_custom_logo":0,"ocean_custom_retina_logo":0,"ocean_custom_logo_max_width":0,"ocean_custom_logo_tablet_max_width":0,"ocean_custom_logo_mobile_max_width":0,"ocean_custom_logo_max_height":0,"ocean_custom_logo_tablet_max_height":0,"ocean_custom_logo_mobile_max_height":0,"ocean_header_custom_menu":"0","ocean_menu_typo_font_family":"0","ocean_menu_typo_font_subset":"","ocean_menu_typo_font_size":0,"ocean_menu_typo_font_size_tablet":0,"ocean_menu_typo_font_size_mobile":0,"ocean_menu_typo_font_size_unit":"px","ocean_menu_typo_font_weight":"","ocean_menu_typo_font_weight_tablet":"","ocean_menu_typo_font_weight_mobile":"","ocean_menu_typo_transform":"","ocean_menu_typo_transform_tablet":"","ocean_menu_typo_transform_mobile":"","ocean_menu_typo_line_height":0,"ocean_menu_typo_line_height_tablet":0,"ocean_menu_typo_line_height_mobile":0,"ocean_menu_typo_line_height_unit":"","ocean_menu_typo_spacing":0,"ocean_menu_typo_spacing_tablet":0,"ocean_menu_typo_spacing_mobile":0,"ocean_menu_typo_spacing_unit":"","ocean_menu_link_color":"","ocean_menu_link_color_hover":"","ocean_menu_link_color_active":"","ocean_menu_link_background":"","ocean_menu_link_hover_background":"","ocean_menu_link_active_background":"","ocean_menu_social_links_bg":"","ocean_menu_social_hover_links_bg":"","ocean_menu_social_links_color":"","ocean_menu_social_hover_links_color":"","ocean_disable_title":"default","ocean_disable_heading":"default","ocean_post_title":"","ocean_post_subheading":"","ocean_post_title_style":"","ocean_post_title_background_color":"","ocean_post_title_background":0,"ocean_post_title_bg_image_position":"","ocean_post_title_bg_image_attachment":"","ocean_post_title_bg_image_repeat":"","ocean_post_title_bg_image_size":"","ocean_post_title_height":0,"ocean_post_title_bg_overlay":0.5,"ocean_post_title_bg_overlay_color":"","ocean_disable_breadcrumbs":"default","ocean_breadcrumbs_color":"","ocean_breadcrumbs_separator_color":"","ocean_breadcrumbs_links_color":"","ocean_breadcrumbs_links_hover_color":"","ocean_display_footer_widgets":"default","ocean_display_footer_bottom":"default","ocean_custom_footer_template":"0"},"product_brand":[],"product_cat":[178],"product_tag":[45],"class_list":{"0":"post-8391","1":"product","2":"type-product","3":"status-publish","4":"has-post-thumbnail","6":"product_cat-pieces-t29fhc","7":"product_tag-nf-t27-141","9":"entry","10":"has-media","12":"first","13":"instock","14":"taxable","15":"shipping-taxable","16":"purchasable","17":"product-type-simple","18":"has-product-nav","19":"col","20":"span_1_of_5","21":"owp-content-center","22":"item-entry","23":"owp-thumbs-layout-horizontal","24":"owp-btn-normal","25":"owp-tabs-layout-horizontal","27":"circle-sale"},"jetpack_sharing_enabled":true,"_links":{"self":[{"href":"https:\/\/northforest-equipement.com\/fr\/wp-json\/wp\/v2\/product\/8391","targetHints":{"allow":["GET"]}}],"collection":[{"href":"https:\/\/northforest-equipement.com\/fr\/wp-json\/wp\/v2\/product"}],"about":[{"href":"https:\/\/northforest-equipement.com\/fr\/wp-json\/wp\/v2\/types\/product"}],"replies":[{"embeddable":true,"href":"https:\/\/northforest-equipement.com\/fr\/wp-json\/wp\/v2\/comments?post=8391"}],"wp:featuredmedia":[{"embeddable":true,"href":"https:\/\/northforest-equipement.com\/fr\/wp-json\/wp\/v2\/media\/9956"}],"wp:attachment":[{"href":"https:\/\/northforest-equipement.com\/fr\/wp-json\/wp\/v2\/media?parent=8391"}],"wp:term":[{"taxonomy":"product_brand","embeddable":true,"href":"https:\/\/northforest-equipement.com\/fr\/wp-json\/wp\/v2\/product_brand?post=8391"},{"taxonomy":"product_cat","embeddable":true,"href":"https:\/\/northforest-equipement.com\/fr\/wp-json\/wp\/v2\/product_cat?post=8391"},{"taxonomy":"product_tag","embeddable":true,"href":"https:\/\/northforest-equipement.com\/fr\/wp-json\/wp\/v2\/product_tag?post=8391"}],"curies":[{"name":"wp","href":"https:\/\/api.w.org\/{rel}","templated":true}]}}