{"id":8384,"date":"2025-05-06T15:51:36","date_gmt":"2025-05-06T20:51:36","guid":{"rendered":"https:\/\/northforest-equipement.com\/produit\/nf-con-20f"},"modified":"2026-03-30T13:22:59","modified_gmt":"2026-03-30T18:22:59","slug":"nf-con-20f","status":"publish","type":"product","link":"https:\/\/northforest-equipement.com\/fr\/produit\/nf-con-20f","title":{"rendered":"NF-CON-20F"},"content":{"rendered":"<h3><strong data-start=\"92\" data-end=\"131\">\u00ab Facilitez la manutention du bois de chauffage !<\/strong><br data-start=\"131\" data-end=\"134\">Notre convoyeur de bois de chauffage \u00e9conomise temps et \u00e9nergie en d\u00e9pla\u00e7ant les b\u00fbches et le bois fendu rapidement et en toute s\u00e9curit\u00e9. R\u00e9duisez le travail manuel, maintenez un flux de travail constant et prot\u00e9gez votre dos tout en augmentant la productivit\u00e9. Compact, durable et facile \u00e0 entretenir \u2013 la mani\u00e8re intelligente de manipuler le bois de chauffage au quotidien ! \u00bb  <\/h3>\n<h3><strong data-start=\"71\" data-end=\"80\"><span class=\"_fadeIn_pfttw_8\">CARACT\u00c9RISTIQUES<\/span><\/strong><br data-start=\"80\" data-end=\"83\"><span class=\"_fadeIn_pfttw_8\">Dimensions :<\/span><br data-start=\"94\" data-end=\"97\"><span class=\"_fadeIn_pfttw_8\">Hauteur <\/span><span class=\"_fadeIn_pfttw_8\">max. : <\/span><span class=\"_fadeIn_pfttw_8\">10\u2019\u00bd\u201d<\/span><br data-start=\"114\" data-end=\"117\"><span class=\"_fadeIn_pfttw_8\">Hauteur <\/span><span class=\"_fadeIn_pfttw_8\">min. : <\/span><span class=\"_fadeIn_pfttw_8\">5\u20197\u2033<\/span><br data-start=\"133\" data-end=\"136\"><span class=\"_fadeIn_pfttw_8\">Longueur <\/span><span class=\"_fadeIn_pfttw_8\">totale : <\/span><span class=\"_fadeIn_pfttw_8\">20\u20198\u2033<\/span><br data-start=\"155\" data-end=\"158\"><span class=\"_fadeIn_pfttw_8\">Moteur <\/span><span class=\"_fadeIn_pfttw_8\">de <\/span><span class=\"_fadeIn_pfttw_8\">qualit\u00e9 <\/span><span class=\"_fadeIn_pfttw_8\">professionnelle <\/span><span class=\"_fadeIn_pfttw_8\">de <\/span><span class=\"_fadeIn_pfttw_8\">6,5 <\/span><span class=\"_fadeIn_pfttw_8\">HP<\/span><br data-start=\"190\" data-end=\"193\"><span class=\"_fadeIn_pfttw_8\">Largeur <\/span><span class=\"_fadeIn_pfttw_8\">de la cuvette <\/span><span class=\"_fadeIn_pfttw_8\">ext\u00e9rieure : <\/span><span class=\"_fadeIn_pfttw_8\">25\u2033<\/span><br data-start=\"216\" data-end=\"219\"><span class=\"_fadeIn_pfttw_8\">Largeur <\/span><span class=\"_fadeIn_pfttw_8\">de la cuvette <\/span><span class=\"_fadeIn_pfttw_8\">int\u00e9rieure : <\/span><span class=\"_fadeIn_pfttw_8\">16.9\u2033<\/span><br data-start=\"244\" data-end=\"247\"><span class=\"_fadeIn_pfttw_8\">Largeur <\/span><span class=\"_fadeIn_pfttw_8\">totale de l&rsquo;<\/span><span class=\"_fadeIn_pfttw_8\">essieu : <\/span><span class=\"_fadeIn_pfttw_8\">71\u2033<\/span><br data-start=\"268\" data-end=\"271\"><span class=\"_fadeIn_pfttw_8\">Poids <\/span><span class=\"_fadeIn_pfttw_8\">total <\/span>: <span class=\"_fadeIn_pfttw_8\">1 200 <\/span><span class=\"_fadeIn_pfttw_8\">lb<\/span><\/h3>\n<h3><\/h3>\n<h3>Veuillez nous contacter pour tous les d\u00e9tails, OU UN DEVIS DE TRANSPORT, MERCI.<\/h3>\n<p>DIM. BO\u00ceTE : 91 1\/2L \u00d7 28 W \u00d7 24 H<\/p>\n","protected":false},"excerpt":{"rendered":"<figure id=\"attachment_9780\" aria-describedby=\"caption-attachment-9780\" style=\"width: 300px\" class=\"wp-caption alignnone\"><img fetchpriority=\"high\" decoding=\"async\" class=\"size-medium wp-image-9780\" src=\"http:\/\/northforest-equipement.com\/wp-content\/uploads\/2026\/03\/ChatGPT-Image-Mar-11-2026-04_06_53-PM-300x200.png\" alt=\"Convoyeur \u00e0 bois de chauffage \u2013 convoyeur de 20&nbsp;ft\" width=\"300\" height=\"200\" srcset=\"https:\/\/i0.wp.com\/northforest-equipement.com\/wp-content\/uploads\/2026\/03\/ChatGPT-Image-Mar-11-2026-04_06_53-PM.png?resize=300%2C200&amp;ssl=1 300w, https:\/\/i0.wp.com\/northforest-equipement.com\/wp-content\/uploads\/2026\/03\/ChatGPT-Image-Mar-11-2026-04_06_53-PM.png?resize=1024%2C683&amp;ssl=1 1024w, https:\/\/i0.wp.com\/northforest-equipement.com\/wp-content\/uploads\/2026\/03\/ChatGPT-Image-Mar-11-2026-04_06_53-PM.png?resize=768%2C512&amp;ssl=1 768w, https:\/\/i0.wp.com\/northforest-equipement.com\/wp-content\/uploads\/2026\/03\/ChatGPT-Image-Mar-11-2026-04_06_53-PM.png?resize=400%2C267&amp;ssl=1 400w, https:\/\/i0.wp.com\/northforest-equipement.com\/wp-content\/uploads\/2026\/03\/ChatGPT-Image-Mar-11-2026-04_06_53-PM.png?w=1536&amp;ssl=1 1536w\" sizes=\"(max-width: 300px) 100vw, 300px\" \/><figcaption id=\"caption-attachment-9780\" class=\"wp-caption-text\">Convoyeur \u00e0 bois de chauffage<br \/>convoyeur de 20&nbsp;ft<\/figcaption><\/figure>\n<h3 style=\"text-align: center;\">Compact, durable et n\u00e9cessitant peu d\u2019entretien, il r\u00e9duit le travail et assure la fluidit\u00e9 de votre flux de travail.<\/h3>\n<figure id=\"attachment_9781\" aria-describedby=\"caption-attachment-9781\" style=\"width: 300px\" class=\"wp-caption alignnone\"><img decoding=\"async\" class=\"size-medium wp-image-9781 lazyload\" data-src=\"http:\/\/northforest-equipement.com\/wp-content\/uploads\/2026\/03\/ChatGPT-Image-Mar-11-2026-04_06_53-PM-1-300x200.png\" alt=\"Convoyeur \u00e0 bois de chauffage \u2013 convoyeur de 20&nbsp;ft \" width=\"300\" height=\"200\" data-srcset=\"https:\/\/i0.wp.com\/northforest-equipement.com\/wp-content\/uploads\/2026\/03\/ChatGPT-Image-Mar-11-2026-04_06_53-PM-1.png?resize=300%2C200&amp;ssl=1 300w, https:\/\/i0.wp.com\/northforest-equipement.com\/wp-content\/uploads\/2026\/03\/ChatGPT-Image-Mar-11-2026-04_06_53-PM-1.png?resize=1024%2C683&amp;ssl=1 1024w, https:\/\/i0.wp.com\/northforest-equipement.com\/wp-content\/uploads\/2026\/03\/ChatGPT-Image-Mar-11-2026-04_06_53-PM-1.png?resize=768%2C512&amp;ssl=1 768w, https:\/\/i0.wp.com\/northforest-equipement.com\/wp-content\/uploads\/2026\/03\/ChatGPT-Image-Mar-11-2026-04_06_53-PM-1.png?resize=400%2C267&amp;ssl=1 400w, https:\/\/i0.wp.com\/northforest-equipement.com\/wp-content\/uploads\/2026\/03\/ChatGPT-Image-Mar-11-2026-04_06_53-PM-1.png?w=1536&amp;ssl=1 1536w\" data-sizes=\"(max-width: 300px) 100vw, 300px\" src=\"data:image\/svg+xml;base64,PHN2ZyB3aWR0aD0iMSIgaGVpZ2h0PSIxIiB4bWxucz0iaHR0cDovL3d3dy53My5vcmcvMjAwMC9zdmciPjwvc3ZnPg==\" style=\"--smush-placeholder-width: 300px; --smush-placeholder-aspect-ratio: 300\/200;\" \/><figcaption id=\"caption-attachment-9781\" class=\"wp-caption-text\">Convoyeur \u00e0 bois de chauffage<br \/>convoyeur de 20&nbsp;ft<\/figcaption><\/figure>\n","protected":false},"featured_media":10094,"comment_status":"closed","ping_status":"closed","template":"","meta":{"ocean_post_layout":"","ocean_both_sidebars_style":"","ocean_both_sidebars_content_width":0,"ocean_both_sidebars_sidebars_width":0,"ocean_sidebar":"0","ocean_second_sidebar":"0","ocean_disable_margins":"enable","ocean_add_body_class":"","ocean_shortcode_before_top_bar":"","ocean_shortcode_after_top_bar":"","ocean_shortcode_before_header":"","ocean_shortcode_after_header":"","ocean_has_shortcode":"","ocean_shortcode_after_title":"","ocean_shortcode_before_footer_widgets":"","ocean_shortcode_after_footer_widgets":"","ocean_shortcode_before_footer_bottom":"","ocean_shortcode_after_footer_bottom":"","ocean_display_top_bar":"default","ocean_display_header":"default","ocean_header_style":"","ocean_center_header_left_menu":"0","ocean_custom_header_template":"0","ocean_custom_logo":0,"ocean_custom_retina_logo":0,"ocean_custom_logo_max_width":0,"ocean_custom_logo_tablet_max_width":0,"ocean_custom_logo_mobile_max_width":0,"ocean_custom_logo_max_height":0,"ocean_custom_logo_tablet_max_height":0,"ocean_custom_logo_mobile_max_height":0,"ocean_header_custom_menu":"0","ocean_menu_typo_font_family":"0","ocean_menu_typo_font_subset":"","ocean_menu_typo_font_size":0,"ocean_menu_typo_font_size_tablet":0,"ocean_menu_typo_font_size_mobile":0,"ocean_menu_typo_font_size_unit":"px","ocean_menu_typo_font_weight":"","ocean_menu_typo_font_weight_tablet":"","ocean_menu_typo_font_weight_mobile":"","ocean_menu_typo_transform":"","ocean_menu_typo_transform_tablet":"","ocean_menu_typo_transform_mobile":"","ocean_menu_typo_line_height":0,"ocean_menu_typo_line_height_tablet":0,"ocean_menu_typo_line_height_mobile":0,"ocean_menu_typo_line_height_unit":"","ocean_menu_typo_spacing":0,"ocean_menu_typo_spacing_tablet":0,"ocean_menu_typo_spacing_mobile":0,"ocean_menu_typo_spacing_unit":"","ocean_menu_link_color":"","ocean_menu_link_color_hover":"","ocean_menu_link_color_active":"","ocean_menu_link_background":"","ocean_menu_link_hover_background":"","ocean_menu_link_active_background":"","ocean_menu_social_links_bg":"","ocean_menu_social_hover_links_bg":"","ocean_menu_social_links_color":"","ocean_menu_social_hover_links_color":"","ocean_disable_title":"on","ocean_disable_heading":"default","ocean_post_title":"","ocean_post_subheading":"","ocean_post_title_style":"","ocean_post_title_background_color":"","ocean_post_title_background":0,"ocean_post_title_bg_image_position":"","ocean_post_title_bg_image_attachment":"","ocean_post_title_bg_image_repeat":"","ocean_post_title_bg_image_size":"","ocean_post_title_height":0,"ocean_post_title_bg_overlay":0.5,"ocean_post_title_bg_overlay_color":"","ocean_disable_breadcrumbs":"default","ocean_breadcrumbs_color":"","ocean_breadcrumbs_separator_color":"","ocean_breadcrumbs_links_color":"","ocean_breadcrumbs_links_hover_color":"","ocean_display_footer_widgets":"default","ocean_display_footer_bottom":"default","ocean_custom_footer_template":"0"},"product_brand":[],"product_cat":[212,183,184,193],"product_tag":[213],"class_list":{"0":"post-8384","1":"product","2":"type-product","3":"status-publish","4":"has-post-thumbnail","6":"product_cat-convoyeur-20m","7":"product_cat-fendeuse-a-bois","8":"product_cat-outils-forestiers","9":"product_cat-processeur-de-bois","10":"product_tag-convoyeur-20m","11":"product_shipping_class-machinerie-lourde","13":"entry","14":"has-media","16":"first","17":"instock","18":"sale","19":"taxable","20":"shipping-taxable","21":"purchasable","22":"product-type-simple","23":"has-product-nav","24":"col","25":"span_1_of_5","26":"owp-content-center","27":"item-entry","28":"owp-thumbs-layout-horizontal","29":"owp-btn-normal","30":"owp-tabs-layout-horizontal","32":"circle-sale"},"jetpack_sharing_enabled":true,"_links":{"self":[{"href":"https:\/\/northforest-equipement.com\/fr\/wp-json\/wp\/v2\/product\/8384","targetHints":{"allow":["GET"]}}],"collection":[{"href":"https:\/\/northforest-equipement.com\/fr\/wp-json\/wp\/v2\/product"}],"about":[{"href":"https:\/\/northforest-equipement.com\/fr\/wp-json\/wp\/v2\/types\/product"}],"replies":[{"embeddable":true,"href":"https:\/\/northforest-equipement.com\/fr\/wp-json\/wp\/v2\/comments?post=8384"}],"wp:featuredmedia":[{"embeddable":true,"href":"https:\/\/northforest-equipement.com\/fr\/wp-json\/wp\/v2\/media\/10094"}],"wp:attachment":[{"href":"https:\/\/northforest-equipement.com\/fr\/wp-json\/wp\/v2\/media?parent=8384"}],"wp:term":[{"taxonomy":"product_brand","embeddable":true,"href":"https:\/\/northforest-equipement.com\/fr\/wp-json\/wp\/v2\/product_brand?post=8384"},{"taxonomy":"product_cat","embeddable":true,"href":"https:\/\/northforest-equipement.com\/fr\/wp-json\/wp\/v2\/product_cat?post=8384"},{"taxonomy":"product_tag","embeddable":true,"href":"https:\/\/northforest-equipement.com\/fr\/wp-json\/wp\/v2\/product_tag?post=8384"}],"curies":[{"name":"wp","href":"https:\/\/api.w.org\/{rel}","templated":true}]}}