{"id":8382,"date":"2025-12-03T07:37:55","date_gmt":"2025-12-03T12:37:55","guid":{"rendered":"https:\/\/northforest-equipement.com\/produit\/xn18l"},"modified":"2026-03-11T16:54:41","modified_gmt":"2026-03-11T21:54:41","slug":"xn18l","status":"publish","type":"product","link":"https:\/\/northforest-equipement.com\/fr\/produit\/xn18l","title":{"rendered":"XN18L"},"content":{"rendered":"<h1 class=\"xinghao elli0\">XN18<\/h1>\n<h1 class=\"title elli0\">Mini-excavatrice<\/h1>\n<div class=\"product_info\">\n<div class=\"second\">\n<section>\n<div class=\"product_info\">\n<div class=\"second\">\n<section>\u00c9quip\u00e9e d\u2019un moteur KUBOTA, l\u2019un des mod\u00e8les les plus \u00e9quilibr\u00e9s, avec un syst\u00e8me hydraulique fluide, un moteur import\u00e9, un toit \u00e0 quatre piliers et des configurations tr\u00e8s compl\u00e8tes, en faisant une machine tr\u00e8s professionnelle. \u2022Fl\u00e8che pivotante KUBOTA &amp; Ch\u00e2ssis t\u00e9lescopique \u2022D\u00e9placement \u00e0 double vitesse \u2022Nouveau design \u2022Syst\u00e8me hydraulique stable \u2022CE\/EPA <\/section>\n<\/div>\n<\/div>\n<h1 class=\"block-name\" title=\"D\u00e9tails du produit\">Sp\u00e9cifications principales<\/h1>\n<div class=\"product_detail_item\">\n<div class=\"product-details tableAdaptive\">\n<div class=\"tableBox\">\n<table width=\"704\" data-sort=\"sortDisabled\">\n<thead>\n<tr class=\"firstRow\">\n<th colspan=\"3\" rowspan=\"1\">XN18<\/th>\n<\/tr>\n<\/thead>\n<colgroup>\n<col data-offset-left=\"8.7421875\" data-offset-right=\"252.328125\" data-resize-pixel=\"243.5859375\" data-resize-percent=\"34.60027521306818\">\n<col data-offset-left=\"252.328125\" data-offset-right=\"456.6953125\" data-resize-pixel=\"204.3671875\" data-resize-percent=\"29.029430042613637\">\n<col data-offset-left=\"449.6953125\" data-offset-right=\"704.2265625\" data-resize-pixel=\"254.53125\" data-resize-percent=\"36.15500710227273\"><\/colgroup>\n<tbody>\n<tr class=\"firstRow\">\n<td align=\"center\" valign=\"middle\" height=\"4\">Poids de la machine<\/td>\n<td align=\"center\" valign=\"middle\" height=\"4\">1&nbsp;750 \/ 1&nbsp;730&nbsp;kg<\/td>\n<td align=\"center\" valign=\"middle\">3&nbsp;858 \/ 3&nbsp;814&nbsp;lb<\/td>\n<\/tr>\n<tr>\n<td align=\"center\" valign=\"middle\">Capacit\u00e9 du godet<\/td>\n<td align=\"center\" valign=\"middle\">0,049&nbsp;m\u00b3<\/td>\n<td align=\"center\" valign=\"middle\">1,7&nbsp;pi\u00b3<\/td>\n<\/tr>\n<tr>\n<td align=\"center\" valign=\"middle\">Largeur<\/td>\n<td align=\"center\" valign=\"middle\">1&nbsp;240 \/ 990&nbsp;mm<\/td>\n<td align=\"center\" valign=\"middle\">48 \/ 39&nbsp;po<\/td>\n<\/tr>\n<tr>\n<td align=\"center\" valign=\"middle\">Vitesse de d\u00e9placement max.<\/td>\n<td align=\"center\" valign=\"middle\">3&nbsp;km\/h<\/td>\n<td align=\"center\" valign=\"middle\">1,86&nbsp;mph<\/td>\n<\/tr>\n<tr>\n<td align=\"center\" valign=\"middle\">Marque du moteur<\/td>\n<td colspan=\"2\" rowspan=\"1\" align=\"center\" valign=\"middle\">KUBOTA<\/td>\n<\/tr>\n<tr>\n<td colspan=\"1\" rowspan=\"1\" align=\"center\" valign=\"middle\">Puissance<\/td>\n<td colspan=\"1\" rowspan=\"1\" align=\"center\" valign=\"middle\">11,2 \/ 11,8&nbsp;kW<\/td>\n<td align=\"center\" valign=\"middle\">15 \/ 16&nbsp;ch<\/td>\n<\/tr>\n<tr>\n<td colspan=\"1\" rowspan=\"1\" align=\"center\" valign=\"middle\">Rayon de creusement max.<\/td>\n<td colspan=\"1\" rowspan=\"1\" align=\"center\" valign=\"middle\">3&nbsp;700&nbsp;mm<\/td>\n<td align=\"center\" valign=\"middle\">144&nbsp;po<\/td>\n<\/tr>\n<tr>\n<td colspan=\"1\" rowspan=\"1\" align=\"center\" valign=\"middle\">Profondeur de creusement max.<\/td>\n<td colspan=\"1\" rowspan=\"1\" align=\"center\" valign=\"middle\">2&nbsp;150&nbsp;mm<\/td>\n<td align=\"center\" valign=\"middle\">84&nbsp;po<\/td>\n<\/tr>\n<\/tbody>\n<\/table>\n<\/div>\n<\/div>\n<\/div>\n<\/section>\n<\/div>\n<\/div>\n","protected":false},"excerpt":{"rendered":"<h1>Mini-pelle Rhinoceros XN18<\/h1>\n","protected":false},"featured_media":7765,"comment_status":"closed","ping_status":"closed","template":"","meta":{"ocean_post_layout":"","ocean_both_sidebars_style":"","ocean_both_sidebars_content_width":0,"ocean_both_sidebars_sidebars_width":0,"ocean_sidebar":"0","ocean_second_sidebar":"0","ocean_disable_margins":"enable","ocean_add_body_class":"","ocean_shortcode_before_top_bar":"","ocean_shortcode_after_top_bar":"","ocean_shortcode_before_header":"","ocean_shortcode_after_header":"","ocean_has_shortcode":"","ocean_shortcode_after_title":"","ocean_shortcode_before_footer_widgets":"","ocean_shortcode_after_footer_widgets":"","ocean_shortcode_before_footer_bottom":"","ocean_shortcode_after_footer_bottom":"","ocean_display_top_bar":"default","ocean_display_header":"default","ocean_header_style":"","ocean_center_header_left_menu":"0","ocean_custom_header_template":"0","ocean_custom_logo":0,"ocean_custom_retina_logo":0,"ocean_custom_logo_max_width":0,"ocean_custom_logo_tablet_max_width":0,"ocean_custom_logo_mobile_max_width":0,"ocean_custom_logo_max_height":0,"ocean_custom_logo_tablet_max_height":0,"ocean_custom_logo_mobile_max_height":0,"ocean_header_custom_menu":"0","ocean_menu_typo_font_family":"0","ocean_menu_typo_font_subset":"","ocean_menu_typo_font_size":0,"ocean_menu_typo_font_size_tablet":0,"ocean_menu_typo_font_size_mobile":0,"ocean_menu_typo_font_size_unit":"px","ocean_menu_typo_font_weight":"","ocean_menu_typo_font_weight_tablet":"","ocean_menu_typo_font_weight_mobile":"","ocean_menu_typo_transform":"","ocean_menu_typo_transform_tablet":"","ocean_menu_typo_transform_mobile":"","ocean_menu_typo_line_height":0,"ocean_menu_typo_line_height_tablet":0,"ocean_menu_typo_line_height_mobile":0,"ocean_menu_typo_line_height_unit":"","ocean_menu_typo_spacing":0,"ocean_menu_typo_spacing_tablet":0,"ocean_menu_typo_spacing_mobile":0,"ocean_menu_typo_spacing_unit":"","ocean_menu_link_color":"","ocean_menu_link_color_hover":"","ocean_menu_link_color_active":"","ocean_menu_link_background":"","ocean_menu_link_hover_background":"","ocean_menu_link_active_background":"","ocean_menu_social_links_bg":"","ocean_menu_social_hover_links_bg":"","ocean_menu_social_links_color":"","ocean_menu_social_hover_links_color":"","ocean_disable_title":"on","ocean_disable_heading":"default","ocean_post_title":"","ocean_post_subheading":"","ocean_post_title_style":"","ocean_post_title_background_color":"","ocean_post_title_background":0,"ocean_post_title_bg_image_position":"","ocean_post_title_bg_image_attachment":"","ocean_post_title_bg_image_repeat":"","ocean_post_title_bg_image_size":"","ocean_post_title_height":0,"ocean_post_title_bg_overlay":0.5,"ocean_post_title_bg_overlay_color":"","ocean_disable_breadcrumbs":"default","ocean_breadcrumbs_color":"","ocean_breadcrumbs_separator_color":"","ocean_breadcrumbs_links_color":"","ocean_breadcrumbs_links_hover_color":"","ocean_display_footer_widgets":"default","ocean_display_footer_bottom":"default","ocean_custom_footer_template":"0"},"product_brand":[87],"product_cat":[174,175],"product_tag":[203],"class_list":{"0":"post-8382","1":"product","2":"type-product","3":"status-publish","4":"has-post-thumbnail","6":"product_brand-rhinoceros","7":"product_cat-accessoires","8":"product_cat-pelle","9":"product_tag-xn1-8","10":"product_shipping_class-machinerie-lourde","12":"entry","13":"has-media","15":"first","16":"instock","17":"taxable","18":"shipping-taxable","19":"purchasable","20":"product-type-simple","21":"has-product-nav","22":"col","23":"span_1_of_5","24":"owp-content-center","25":"item-entry","26":"owp-thumbs-layout-horizontal","27":"owp-btn-normal","28":"owp-tabs-layout-horizontal","30":"circle-sale"},"jetpack_sharing_enabled":true,"_links":{"self":[{"href":"https:\/\/northforest-equipement.com\/fr\/wp-json\/wp\/v2\/product\/8382","targetHints":{"allow":["GET"]}}],"collection":[{"href":"https:\/\/northforest-equipement.com\/fr\/wp-json\/wp\/v2\/product"}],"about":[{"href":"https:\/\/northforest-equipement.com\/fr\/wp-json\/wp\/v2\/types\/product"}],"replies":[{"embeddable":true,"href":"https:\/\/northforest-equipement.com\/fr\/wp-json\/wp\/v2\/comments?post=8382"}],"wp:featuredmedia":[{"embeddable":true,"href":"https:\/\/northforest-equipement.com\/fr\/wp-json\/wp\/v2\/media\/7765"}],"wp:attachment":[{"href":"https:\/\/northforest-equipement.com\/fr\/wp-json\/wp\/v2\/media?parent=8382"}],"wp:term":[{"taxonomy":"product_brand","embeddable":true,"href":"https:\/\/northforest-equipement.com\/fr\/wp-json\/wp\/v2\/product_brand?post=8382"},{"taxonomy":"product_cat","embeddable":true,"href":"https:\/\/northforest-equipement.com\/fr\/wp-json\/wp\/v2\/product_cat?post=8382"},{"taxonomy":"product_tag","embeddable":true,"href":"https:\/\/northforest-equipement.com\/fr\/wp-json\/wp\/v2\/product_tag?post=8382"}],"curies":[{"name":"wp","href":"https:\/\/api.w.org\/{rel}","templated":true}]}}