{"id":9646,"date":"2026-02-27T15:32:30","date_gmt":"2026-02-27T20:32:30","guid":{"rendered":"https:\/\/northforest-equipement.com\/produit\/nf-ducar420be"},"modified":"2026-03-11T16:51:21","modified_gmt":"2026-03-11T21:51:21","slug":"nf-ducar420be","status":"publish","type":"product","link":"http:\/\/northforest-equipement.com\/fr\/produit\/nf-ducar420be","title":{"rendered":"NF-DUCAR420BE"},"content":{"rendered":"<p><strong>Moteur<\/strong><\/p>\n<ul>\n<li>Type de moteur : 4 temps OHV, 1 cylindre<\/li>\n<li>Puissance \/ Cylindr\u00e9e : 15 HP \/ 420 cc<\/li>\n<li>Al\u00e9sage \/ Course : 90 mm \/ 66 mm<\/li>\n<\/ul>\n<p><strong>Transmission &amp; d\u00e9marrage<\/strong><\/p>\n<ul>\n<li>Syst\u00e8me de d\u00e9marrage : lanceur et \u00e9lectrique<\/li>\n<li>Diam\u00e8tre du vilebrequin : 25,4 mm<\/li>\n<li>Type de vilebrequin : rainure de clavette \/ type Q<\/li>\n<\/ul>\n<p><strong>Lubrification &amp; s\u00e9curit\u00e9<\/strong><\/p>\n<ul>\n<li>Capacit\u00e9 d\u2019huile moteur : 1,1 L \/ 0,3 gal<\/li>\n<li>Alerte de niveau d\u2019huile bas : standard<\/li>\n<\/ul>\n<p><strong>Remarque :<\/strong> huile moteur non incluse<\/p>\n<ul class=\"KsbFXc U6u95\" data-complete=\"true\" data-processed=\"true\">\n<li class=\"dF3vjf\" data-hveid=\"CAoQAA\" data-complete=\"true\" data-sae=\"\"><span class=\"T286Pc\" data-sfc-cp=\"\" data-complete=\"true\"><strong class=\"Yjhzub\" data-complete=\"true\">Capacit\u00e9 du r\u00e9servoir de carburant<\/strong> : 6,5 litres (env. 1,7 gallons).<\/span><\/li>\n<li class=\"dF3vjf\" data-hveid=\"CAoQAQ\" data-complete=\"true\" data-sae=\"\"><span class=\"T286Pc\" data-sfc-cp=\"\" data-complete=\"true\"><strong class=\"Yjhzub\" data-complete=\"true\">Capacit\u00e9 d\u2019huile<\/strong> : 1,1 litres (env. 0,3 gallons).<\/span><\/li>\n<li class=\"dF3vjf\" data-hveid=\"CAoQAg\" data-complete=\"true\" data-sae=\"\"><span class=\"T286Pc\" data-sfc-cp=\"\" data-complete=\"true\"><strong class=\"Yjhzub\" data-complete=\"true\">Huile recommand\u00e9e<\/strong> : 10W-30 ou 15W-40.<\/span><\/li>\n<li class=\"dF3vjf\" data-hveid=\"CAoQAw\" data-complete=\"true\" data-sae=\"\"><span class=\"T286Pc\" data-sfc-cp=\"\" data-complete=\"true\"><strong class=\"Yjhzub\" data-complete=\"true\">Poids \u00e0 sec<\/strong> : environ 67 lbs (30,4 kg) \u00e0 68,9 lbs (31,2 kg) selon la configuration.<\/span><\/li>\n<li class=\"dF3vjf\" data-hveid=\"CAoQBA\" data-complete=\"true\" data-sae=\"\"><span class=\"T286Pc\" data-sfc-cp=\"\" data-complete=\"true\" aria-owns=\"action-menu-parent-container\"><strong class=\"Yjhzub\" data-complete=\"true\">Dimensions<\/strong> : env. 480 mm x 420 mm x 450 mm<\/span><\/li>\n<\/ul>\n","protected":false},"excerpt":{"rendered":"<h2>DUCAR DH420 15HP<br \/>\nMOTEUR 15HP \u00c9DITION NOIRE<\/h2>\n<p><img fetchpriority=\"high\" decoding=\"async\" class=\" wp-image-9641\" src=\"http:\/\/northforest-equipement.com\/wp-content\/uploads\/2026\/02\/ChatGPT-Image-Feb-27-2026-03_21_00-PM-300x200.png\" alt=\"DUCAR DH420 15HP MOTEUR 15HP\" width=\"296\" height=\"197\" srcset=\"https:\/\/i0.wp.com\/northforest-equipement.com\/wp-content\/uploads\/2026\/02\/ChatGPT-Image-Feb-27-2026-03_21_00-PM.png?resize=300%2C200 300w, https:\/\/i0.wp.com\/northforest-equipement.com\/wp-content\/uploads\/2026\/02\/ChatGPT-Image-Feb-27-2026-03_21_00-PM.png?resize=1024%2C683 1024w, https:\/\/i0.wp.com\/northforest-equipement.com\/wp-content\/uploads\/2026\/02\/ChatGPT-Image-Feb-27-2026-03_21_00-PM.png?resize=768%2C512 768w, https:\/\/i0.wp.com\/northforest-equipement.com\/wp-content\/uploads\/2026\/02\/ChatGPT-Image-Feb-27-2026-03_21_00-PM.png?resize=400%2C267 400w, https:\/\/i0.wp.com\/northforest-equipement.com\/wp-content\/uploads\/2026\/02\/ChatGPT-Image-Feb-27-2026-03_21_00-PM.png?w=1536 1536w\" sizes=\"(max-width: 296px) 100vw, 296px\" \/><\/p>\n","protected":false},"featured_media":9647,"comment_status":"closed","ping_status":"closed","template":"","meta":{"ocean_post_layout":"","ocean_both_sidebars_style":"","ocean_both_sidebars_content_width":0,"ocean_both_sidebars_sidebars_width":0,"ocean_sidebar":"0","ocean_second_sidebar":"0","ocean_disable_margins":"enable","ocean_add_body_class":"","ocean_shortcode_before_top_bar":"","ocean_shortcode_after_top_bar":"","ocean_shortcode_before_header":"","ocean_shortcode_after_header":"","ocean_has_shortcode":"","ocean_shortcode_after_title":"","ocean_shortcode_before_footer_widgets":"","ocean_shortcode_after_footer_widgets":"","ocean_shortcode_before_footer_bottom":"","ocean_shortcode_after_footer_bottom":"","ocean_display_top_bar":"default","ocean_display_header":"default","ocean_header_style":"","ocean_center_header_left_menu":"0","ocean_custom_header_template":"0","ocean_custom_logo":0,"ocean_custom_retina_logo":0,"ocean_custom_logo_max_width":0,"ocean_custom_logo_tablet_max_width":0,"ocean_custom_logo_mobile_max_width":0,"ocean_custom_logo_max_height":0,"ocean_custom_logo_tablet_max_height":0,"ocean_custom_logo_mobile_max_height":0,"ocean_header_custom_menu":"0","ocean_menu_typo_font_family":"0","ocean_menu_typo_font_subset":"","ocean_menu_typo_font_size":0,"ocean_menu_typo_font_size_tablet":0,"ocean_menu_typo_font_size_mobile":0,"ocean_menu_typo_font_size_unit":"px","ocean_menu_typo_font_weight":"","ocean_menu_typo_font_weight_tablet":"","ocean_menu_typo_font_weight_mobile":"","ocean_menu_typo_transform":"","ocean_menu_typo_transform_tablet":"","ocean_menu_typo_transform_mobile":"","ocean_menu_typo_line_height":0,"ocean_menu_typo_line_height_tablet":0,"ocean_menu_typo_line_height_mobile":0,"ocean_menu_typo_line_height_unit":"","ocean_menu_typo_spacing":0,"ocean_menu_typo_spacing_tablet":0,"ocean_menu_typo_spacing_mobile":0,"ocean_menu_typo_spacing_unit":"","ocean_menu_link_color":"","ocean_menu_link_color_hover":"","ocean_menu_link_color_active":"","ocean_menu_link_background":"","ocean_menu_link_hover_background":"","ocean_menu_link_active_background":"","ocean_menu_social_links_bg":"","ocean_menu_social_hover_links_bg":"","ocean_menu_social_links_color":"","ocean_menu_social_hover_links_color":"","ocean_disable_title":"on","ocean_disable_heading":"default","ocean_post_title":"","ocean_post_subheading":"","ocean_post_title_style":"","ocean_post_title_background_color":"","ocean_post_title_background":0,"ocean_post_title_bg_image_position":"","ocean_post_title_bg_image_attachment":"","ocean_post_title_bg_image_repeat":"","ocean_post_title_bg_image_size":"","ocean_post_title_height":0,"ocean_post_title_bg_overlay":0.5,"ocean_post_title_bg_overlay_color":"","ocean_disable_breadcrumbs":"default","ocean_breadcrumbs_color":"","ocean_breadcrumbs_separator_color":"","ocean_breadcrumbs_links_color":"","ocean_breadcrumbs_links_hover_color":"","ocean_display_footer_widgets":"default","ocean_display_footer_bottom":"default","ocean_custom_footer_template":"0"},"product_brand":[94],"product_cat":[179],"product_tag":[224],"class_list":{"0":"post-9646","1":"product","2":"type-product","3":"status-publish","4":"has-post-thumbnail","6":"product_brand-north-forest-power-equipement","7":"product_cat-pieces","8":"product_tag-nf-ducar420bl","9":"product_shipping_class-palette-4x4","11":"entry","12":"has-media","14":"first","15":"instock","16":"taxable","17":"shipping-taxable","18":"purchasable","19":"product-type-simple","20":"has-product-nav","21":"col","22":"span_1_of_5","23":"owp-content-center","24":"item-entry","25":"owp-thumbs-layout-horizontal","26":"owp-btn-normal","27":"owp-tabs-layout-horizontal","29":"circle-sale"},"jetpack_sharing_enabled":true,"_links":{"self":[{"href":"http:\/\/northforest-equipement.com\/fr\/wp-json\/wp\/v2\/product\/9646","targetHints":{"allow":["GET"]}}],"collection":[{"href":"http:\/\/northforest-equipement.com\/fr\/wp-json\/wp\/v2\/product"}],"about":[{"href":"http:\/\/northforest-equipement.com\/fr\/wp-json\/wp\/v2\/types\/product"}],"replies":[{"embeddable":true,"href":"http:\/\/northforest-equipement.com\/fr\/wp-json\/wp\/v2\/comments?post=9646"}],"wp:featuredmedia":[{"embeddable":true,"href":"http:\/\/northforest-equipement.com\/fr\/wp-json\/wp\/v2\/media\/9647"}],"wp:attachment":[{"href":"http:\/\/northforest-equipement.com\/fr\/wp-json\/wp\/v2\/media?parent=9646"}],"wp:term":[{"taxonomy":"product_brand","embeddable":true,"href":"http:\/\/northforest-equipement.com\/fr\/wp-json\/wp\/v2\/product_brand?post=9646"},{"taxonomy":"product_cat","embeddable":true,"href":"http:\/\/northforest-equipement.com\/fr\/wp-json\/wp\/v2\/product_cat?post=9646"},{"taxonomy":"product_tag","embeddable":true,"href":"http:\/\/northforest-equipement.com\/fr\/wp-json\/wp\/v2\/product_tag?post=9646"}],"curies":[{"name":"wp","href":"https:\/\/api.w.org\/{rel}","templated":true}]}}