{"id":9477,"date":"2026-02-24T09:37:30","date_gmt":"2026-02-24T14:37:30","guid":{"rendered":"https:\/\/northforest-equipement.com\/produit\/tariere-pour-mini-pelle"},"modified":"2026-02-24T09:37:30","modified_gmt":"2026-02-24T14:37:30","slug":"tariere-pour-mini-pelle","status":"publish","type":"product","link":"http:\/\/northforest-equipement.com\/fr\/produit\/tariere-pour-mini-pelle","title":{"rendered":"Tari\u00e8re pour mini-pelle"},"content":{"rendered":"<article class=\"text-token-text-primary w-full focus:outline-none [--shadow-height:45px] has-data-writing-block:pointer-events-none has-data-writing-block:-mt-(--shadow-height) has-data-writing-block:pt-(--shadow-height) [&amp;:has([data-writing-block])&gt;*]:pointer-events-auto scroll-mt-[calc(var(--header-height)+min(200px,max(70px,20svh)))]\" dir=\"auto\" tabindex=\"-1\" data-turn-id=\"request-WEB:09a3a6d3-0d63-4afe-ae52-2f19989f523a-32\" data-testid=\"conversation-turn-66\" data-scroll-anchor=\"false\" data-turn=\"assistant\">\n<div class=\"text-base my-auto mx-auto [--thread-content-margin:--spacing(4)] @w-sm\/main:[--thread-content-margin:--spacing(6)] @w-lg\/main:[--thread-content-margin:--spacing(16)] px-(--thread-content-margin)\">\n<div class=\"[--thread-content-max-width:40rem] @w-lg\/main:[--thread-content-max-width:48rem] mx-auto max-w-(--thread-content-max-width) flex-1 group\/turn-messages focus-visible:outline-hidden relative flex w-full min-w-0 flex-col agent-turn\" tabindex=\"-1\">\n<div class=\"flex max-w-full flex-col grow\">\n<div class=\"min-h-8 text-message relative flex w-full flex-col items-end gap-2 text-start break-words whitespace-normal [.text-message+&amp;]:mt-1\" dir=\"auto\" data-message-author-role=\"assistant\" data-message-id=\"d60e32f5-7bec-4ed7-8afa-24c9cdaa8a2e\" data-message-model-slug=\"gpt-5-2\">\n<div class=\"flex w-full flex-col gap-1 empty:hidden first:pt-[1px]\">\n<div class=\"markdown prose dark:prose-invert w-full wrap-break-word light markdown-new-styling\">\n<h2 data-start=\"149\" data-end=\"203\"><strong data-start=\"152\" data-end=\"203\">Entra\u00eenement de tari\u00e8re hydraulique \u2013 performances \u00e0 couple \u00e9lev\u00e9<\/strong><\/h2>\n<p data-start=\"205\" data-end=\"480\">Entra\u00eenement de tari\u00e8re hydraulique robuste, con\u00e7u pour les travaux de forage exigeants sur mini-pelles et machines compactes. Con\u00e7u pour la fiabilit\u00e9 et une rotation fluide, il offre un couple puissant et des performances hydrauliques efficaces pour les sols, l\u2019argile et les conditions de roche l\u00e9g\u00e8re. <\/p>\n<hr data-start=\"482\" data-end=\"485\">\n<h3 data-start=\"487\" data-end=\"542\"><strong data-start=\"491\" data-end=\"542\">Sp\u00e9cifications techniques (unit\u00e9s nord-am\u00e9ricaines)<\/strong><\/h3>\n<ul data-start=\"544\" data-end=\"796\">\n<li data-start=\"544\" data-end=\"595\">\n<p data-start=\"546\" data-end=\"595\"><strong data-start=\"546\" data-end=\"557\">Couple :<\/strong> 590 \u2013 2,140 ft-lb <em data-start=\"576\" data-end=\"593\">(800 \u2013 2900 Nm)<\/em><\/p>\n<\/li>\n<li data-start=\"596\" data-end=\"658\">\n<p data-start=\"598\" data-end=\"658\"><strong data-start=\"598\" data-end=\"621\">Pression de service :<\/strong> 1,015 \u2013 3,480 PSI <em data-start=\"640\" data-end=\"656\">(70 \u2013 240 bar)<\/em><\/p>\n<\/li>\n<li data-start=\"659\" data-end=\"713\">\n<p data-start=\"661\" data-end=\"713\"><strong data-start=\"661\" data-end=\"680\">D\u00e9bit hydraulique :<\/strong> 7.1 \u2013 19.8 GPM <em data-start=\"696\" data-end=\"711\">(27 \u2013 75 LPM)<\/em><\/p>\n<\/li>\n<li data-start=\"714\" data-end=\"749\">\n<p data-start=\"716\" data-end=\"749\"><strong data-start=\"716\" data-end=\"735\">Vitesse de rotation :<\/strong> 35 \u2013 88 RPM<\/p>\n<\/li>\n<li data-start=\"750\" data-end=\"796\">\n<p data-start=\"752\" data-end=\"796\"><strong data-start=\"752\" data-end=\"763\">Poids :<\/strong> env. <strong data-start=\"772\" data-end=\"783\">220 lbs<\/strong> <em data-start=\"784\" data-end=\"794\">(100 kg)<\/em><\/p>\n<\/li>\n<\/ul>\n<hr data-start=\"798\" data-end=\"801\">\n<h3 data-start=\"803\" data-end=\"821\"><strong data-start=\"807\" data-end=\"821\">Dimensions<\/strong><\/h3>\n<ul data-start=\"823\" data-end=\"1002\">\n<li data-start=\"823\" data-end=\"863\">\n<p data-start=\"825\" data-end=\"863\"><strong data-start=\"825\" data-end=\"844\">Longueur totale :<\/strong> 28.3\u2033 <em data-start=\"851\" data-end=\"861\">(720 mm)<\/em><\/p>\n<\/li>\n<li data-start=\"864\" data-end=\"903\">\n<p data-start=\"866\" data-end=\"903\"><strong data-start=\"866\" data-end=\"885\">Diam\u00e8tre de l\u2019entra\u00eenement :<\/strong> 7.9\u2033 <em data-start=\"891\" data-end=\"901\">(200 mm)<\/em><\/p>\n<\/li>\n<li data-start=\"904\" data-end=\"955\">\n<p data-start=\"906\" data-end=\"955\"><strong data-start=\"906\" data-end=\"930\">Arbre de sortie carr\u00e9 :<\/strong> 3\u2033 \u00d7 3\u2033 <em data-start=\"939\" data-end=\"953\">(75 \u00d7 75 mm)<\/em><\/p>\n<\/li>\n<li data-start=\"956\" data-end=\"1002\">\n<p data-start=\"958\" data-end=\"1002\"><strong data-start=\"958\" data-end=\"984\">Diam\u00e8tre de l\u2019arbre de sortie :<\/strong> 2.55\u2033 <em data-start=\"991\" data-end=\"1000\">(65 mm)<\/em><\/p>\n<\/li>\n<\/ul>\n<hr data-start=\"1004\" data-end=\"1007\">\n<h3 data-start=\"1009\" data-end=\"1038\"><strong data-start=\"1013\" data-end=\"1038\">Raccordements hydrauliques<\/strong><\/h3>\n<ul data-start=\"1040\" data-end=\"1077\">\n<li data-start=\"1040\" data-end=\"1077\">\n<p data-start=\"1042\" data-end=\"1077\"><strong data-start=\"1042\" data-end=\"1062\">Flexibles hydrauliques :<\/strong> 2 \u00d7 1\/2\u2033 BSP<\/p>\n<\/li>\n<\/ul>\n<hr data-start=\"1079\" data-end=\"1082\">\n<h3 data-start=\"1084\" data-end=\"1106\"><strong data-start=\"1088\" data-end=\"1106\">Tari\u00e8re incluse<\/strong><\/h3>\n<ul data-start=\"1108\" data-end=\"1155\">\n<li data-start=\"1108\" data-end=\"1155\">\n<p data-start=\"1110\" data-end=\"1155\"><strong data-start=\"1110\" data-end=\"1125\">Dimensions de la tari\u00e8re :<\/strong> 41\u2033 \u00d7 12\u2033 <em data-start=\"1136\" data-end=\"1153\">(1050 \u00d7 300 mm)<\/em><\/p>\n<\/li>\n<\/ul>\n<hr data-start=\"1157\" data-end=\"1160\">\n<\/div>\n<\/div>\n<\/div>\n<\/div>\n<\/div>\n<\/div>\n<\/article>\n","protected":false},"excerpt":{"rendered":"<h1 class=\"product_title entry-title\">Tari\u00e8re hydraulique pour mini-pelle NX18-20-25<\/h1>\n<p><img fetchpriority=\"high\" decoding=\"async\" class=\" wp-image-9285\" src=\"http:\/\/northforest-equipement.com\/wp-content\/uploads\/2026\/02\/AUGER-30MM-PINS-2-200x300.png\" alt=\"Tari\u00e8re pour mini-pelle \u2013 axes 30MM\" width=\"303\" height=\"455\" srcset=\"https:\/\/i0.wp.com\/northforest-equipement.com\/wp-content\/uploads\/2026\/02\/AUGER-30MM-PINS-2.png?resize=200%2C300 200w, https:\/\/i0.wp.com\/northforest-equipement.com\/wp-content\/uploads\/2026\/02\/AUGER-30MM-PINS-2.png?resize=683%2C1024 683w, https:\/\/i0.wp.com\/northforest-equipement.com\/wp-content\/uploads\/2026\/02\/AUGER-30MM-PINS-2.png?resize=768%2C1152 768w, https:\/\/i0.wp.com\/northforest-equipement.com\/wp-content\/uploads\/2026\/02\/AUGER-30MM-PINS-2.png?resize=400%2C600 400w, https:\/\/i0.wp.com\/northforest-equipement.com\/wp-content\/uploads\/2026\/02\/AUGER-30MM-PINS-2.png?w=1024 1024w\" sizes=\"(max-width: 303px) 100vw, 303px\" \/><\/p>\n","protected":false},"featured_media":9282,"comment_status":"closed","ping_status":"closed","template":"","meta":{"ocean_post_layout":"","ocean_both_sidebars_style":"","ocean_both_sidebars_content_width":0,"ocean_both_sidebars_sidebars_width":0,"ocean_sidebar":"0","ocean_second_sidebar":"0","ocean_disable_margins":"enable","ocean_add_body_class":"","ocean_shortcode_before_top_bar":"","ocean_shortcode_after_top_bar":"","ocean_shortcode_before_header":"","ocean_shortcode_after_header":"","ocean_has_shortcode":"","ocean_shortcode_after_title":"","ocean_shortcode_before_footer_widgets":"","ocean_shortcode_after_footer_widgets":"","ocean_shortcode_before_footer_bottom":"","ocean_shortcode_after_footer_bottom":"","ocean_display_top_bar":"default","ocean_display_header":"default","ocean_header_style":"","ocean_center_header_left_menu":"0","ocean_custom_header_template":"0","ocean_custom_logo":0,"ocean_custom_retina_logo":0,"ocean_custom_logo_max_width":0,"ocean_custom_logo_tablet_max_width":0,"ocean_custom_logo_mobile_max_width":0,"ocean_custom_logo_max_height":0,"ocean_custom_logo_tablet_max_height":0,"ocean_custom_logo_mobile_max_height":0,"ocean_header_custom_menu":"0","ocean_menu_typo_font_family":"0","ocean_menu_typo_font_subset":"","ocean_menu_typo_font_size":0,"ocean_menu_typo_font_size_tablet":0,"ocean_menu_typo_font_size_mobile":0,"ocean_menu_typo_font_size_unit":"px","ocean_menu_typo_font_weight":"","ocean_menu_typo_font_weight_tablet":"","ocean_menu_typo_font_weight_mobile":"","ocean_menu_typo_transform":"","ocean_menu_typo_transform_tablet":"","ocean_menu_typo_transform_mobile":"","ocean_menu_typo_line_height":0,"ocean_menu_typo_line_height_tablet":0,"ocean_menu_typo_line_height_mobile":0,"ocean_menu_typo_line_height_unit":"","ocean_menu_typo_spacing":0,"ocean_menu_typo_spacing_tablet":0,"ocean_menu_typo_spacing_mobile":0,"ocean_menu_typo_spacing_unit":"","ocean_menu_link_color":"","ocean_menu_link_color_hover":"","ocean_menu_link_color_active":"","ocean_menu_link_background":"","ocean_menu_link_hover_background":"","ocean_menu_link_active_background":"","ocean_menu_social_links_bg":"","ocean_menu_social_hover_links_bg":"","ocean_menu_social_links_color":"","ocean_menu_social_hover_links_color":"","ocean_disable_title":"on","ocean_disable_heading":"default","ocean_post_title":"","ocean_post_subheading":"","ocean_post_title_style":"","ocean_post_title_background_color":"","ocean_post_title_background":0,"ocean_post_title_bg_image_position":"","ocean_post_title_bg_image_attachment":"","ocean_post_title_bg_image_repeat":"","ocean_post_title_bg_image_size":"","ocean_post_title_height":0,"ocean_post_title_bg_overlay":0.5,"ocean_post_title_bg_overlay_color":"","ocean_disable_breadcrumbs":"default","ocean_breadcrumbs_color":"","ocean_breadcrumbs_separator_color":"","ocean_breadcrumbs_links_color":"","ocean_breadcrumbs_links_hover_color":"","ocean_display_footer_widgets":"default","ocean_display_footer_bottom":"default","ocean_custom_footer_template":"0"},"product_brand":[87],"product_cat":[174,175],"product_tag":[218],"class_list":{"0":"post-9477","1":"product","2":"type-product","3":"status-publish","4":"has-post-thumbnail","6":"product_brand-rhinoceros","7":"product_cat-accessoires","8":"product_cat-pelle","9":"product_tag-tariere-pour-mini-pelle-axes-30mm","11":"entry","12":"has-media","14":"first","15":"instock","16":"taxable","17":"shipping-taxable","18":"purchasable","19":"product-type-simple","20":"has-product-nav","21":"col","22":"span_1_of_5","23":"owp-content-center","24":"item-entry","25":"owp-thumbs-layout-horizontal","26":"owp-btn-normal","27":"owp-tabs-layout-horizontal","29":"circle-sale"},"jetpack_sharing_enabled":true,"_links":{"self":[{"href":"http:\/\/northforest-equipement.com\/fr\/wp-json\/wp\/v2\/product\/9477","targetHints":{"allow":["GET"]}}],"collection":[{"href":"http:\/\/northforest-equipement.com\/fr\/wp-json\/wp\/v2\/product"}],"about":[{"href":"http:\/\/northforest-equipement.com\/fr\/wp-json\/wp\/v2\/types\/product"}],"replies":[{"embeddable":true,"href":"http:\/\/northforest-equipement.com\/fr\/wp-json\/wp\/v2\/comments?post=9477"}],"wp:featuredmedia":[{"embeddable":true,"href":"http:\/\/northforest-equipement.com\/fr\/wp-json\/wp\/v2\/media\/9282"}],"wp:attachment":[{"href":"http:\/\/northforest-equipement.com\/fr\/wp-json\/wp\/v2\/media?parent=9477"}],"wp:term":[{"taxonomy":"product_brand","embeddable":true,"href":"http:\/\/northforest-equipement.com\/fr\/wp-json\/wp\/v2\/product_brand?post=9477"},{"taxonomy":"product_cat","embeddable":true,"href":"http:\/\/northforest-equipement.com\/fr\/wp-json\/wp\/v2\/product_cat?post=9477"},{"taxonomy":"product_tag","embeddable":true,"href":"http:\/\/northforest-equipement.com\/fr\/wp-json\/wp\/v2\/product_tag?post=9477"}],"curies":[{"name":"wp","href":"https:\/\/api.w.org\/{rel}","templated":true}]}}