{"id":9464,"date":"2026-02-24T10:07:49","date_gmt":"2026-02-24T15:07:49","guid":{"rendered":"https:\/\/northforest-equipement.com\/produit\/grappin-a-bois-nf-axes-de-30-mm"},"modified":"2026-02-24T10:07:49","modified_gmt":"2026-02-24T15:07:49","slug":"grappin-a-bois-nf-axes-de-30-mm","status":"publish","type":"product","link":"http:\/\/northforest-equipement.com\/fr\/produit\/grappin-a-bois-nf-axes-de-30-mm","title":{"rendered":"Grappin \u00e0 bois NF \u2013 Axes de 30 mm"},"content":{"rendered":"<h2 data-start=\"149\" data-end=\"189\">Grappin \u00e0 bois robuste pour mini-pelle<\/h2>\n<p data-start=\"191\" data-end=\"434\">Grappin \u00e0 bois en acier robuste con\u00e7u pour les travaux forestiers, l\u2019am\u00e9nagement paysager et la manutention de mat\u00e9riaux divers. La g\u00e9om\u00e9trie incurv\u00e9e des griffes assure une prise ferme sur les billots, les rochers, les poteaux et les mat\u00e9riaux irr\u00e9guliers, tout en offrant une excellente visibilit\u00e9 et un contr\u00f4le optimal. <\/p>\n<p data-start=\"436\" data-end=\"518\">Fabriqu\u00e9 en acier \u00e0 haute r\u00e9sistance pour une durabilit\u00e9 accrue dans les environnements exigeants.<\/p>\n<h3 data-start=\"525\" data-end=\"577\">Dimensions et sp\u00e9cifications (mesures US)<\/h3>\n<ul data-start=\"579\" data-end=\"872\">\n<li data-start=\"579\" data-end=\"610\">\n<p data-start=\"581\" data-end=\"610\"><strong data-start=\"581\" data-end=\"600\">Longueur totale :<\/strong> 35,4 in<\/p>\n<\/li>\n<li data-start=\"611\" data-end=\"673\">\n<p data-start=\"613\" data-end=\"673\"><strong data-start=\"613\" data-end=\"629\">Longueur des griffes :<\/strong> \u2014 in <em data-start=\"635\" data-end=\"671\">(mesure interne non sp\u00e9cifi\u00e9e)<\/em><\/p>\n<\/li>\n<li data-start=\"674\" data-end=\"713\">\n<p data-start=\"676\" data-end=\"713\"><strong data-start=\"676\" data-end=\"704\">Largeur de serrage interne :<\/strong> 4,1 in<\/p>\n<\/li>\n<li data-start=\"714\" data-end=\"750\">\n<p data-start=\"716\" data-end=\"750\"><strong data-start=\"716\" data-end=\"741\">Largeur de serrage externe :<\/strong> 7,1 in<\/p>\n<\/li>\n<li data-start=\"751\" data-end=\"798\">\n<p data-start=\"753\" data-end=\"798\"><strong data-start=\"753\" data-end=\"775\">Diam\u00e8tre de l\u2019axe :<\/strong> 1,18 in (axes de 30 mm)<\/p>\n<\/li>\n<li data-start=\"799\" data-end=\"829\">\n<p data-start=\"801\" data-end=\"829\"><strong data-start=\"801\" data-end=\"819\">Largeur totale :<\/strong> 16,1 in<\/p>\n<\/li>\n<li data-start=\"830\" data-end=\"872\">\n<p data-start=\"832\" data-end=\"872\"><strong data-start=\"832\" data-end=\"853\">Poids op\u00e9rationnel :<\/strong> env. <strong data-start=\"862\" data-end=\"872\">132 lb<\/strong><\/p>\n<\/li>\n<\/ul>\n<p>&nbsp;<\/p>\n","protected":false},"excerpt":{"rendered":"<p>Grappin \u00e0 bois robuste pour mini-pelle<\/p>\n<figure id=\"attachment_9291\" aria-describedby=\"caption-attachment-9291\" style=\"width: 279px\" class=\"wp-caption alignnone\"><img fetchpriority=\"high\" decoding=\"async\" class=\" wp-image-9291\" src=\"http:\/\/northforest-equipement.com\/wp-content\/uploads\/2026\/02\/ChatGPT-Image-Feb-24-2026-10_05_42-AM-200x300.png\" alt=\"Grappin \u00e0 bois robuste pour mini-pelle\" width=\"279\" height=\"419\" srcset=\"https:\/\/i0.wp.com\/northforest-equipement.com\/wp-content\/uploads\/2026\/02\/ChatGPT-Image-Feb-24-2026-10_05_42-AM.png?resize=200%2C300 200w, https:\/\/i0.wp.com\/northforest-equipement.com\/wp-content\/uploads\/2026\/02\/ChatGPT-Image-Feb-24-2026-10_05_42-AM.png?resize=683%2C1024 683w, https:\/\/i0.wp.com\/northforest-equipement.com\/wp-content\/uploads\/2026\/02\/ChatGPT-Image-Feb-24-2026-10_05_42-AM.png?resize=768%2C1152 768w, https:\/\/i0.wp.com\/northforest-equipement.com\/wp-content\/uploads\/2026\/02\/ChatGPT-Image-Feb-24-2026-10_05_42-AM.png?resize=400%2C600 400w, https:\/\/i0.wp.com\/northforest-equipement.com\/wp-content\/uploads\/2026\/02\/ChatGPT-Image-Feb-24-2026-10_05_42-AM.png?w=1024 1024w\" sizes=\"(max-width: 279px) 100vw, 279px\" \/><figcaption id=\"caption-attachment-9291\" class=\"wp-caption-text\">Grappin \u00e0 bois robuste pour mini-pelle<\/figcaption><\/figure>\n","protected":false},"featured_media":9289,"comment_status":"closed","ping_status":"closed","template":"","meta":{"ocean_post_layout":"","ocean_both_sidebars_style":"","ocean_both_sidebars_content_width":0,"ocean_both_sidebars_sidebars_width":0,"ocean_sidebar":"0","ocean_second_sidebar":"0","ocean_disable_margins":"enable","ocean_add_body_class":"","ocean_shortcode_before_top_bar":"","ocean_shortcode_after_top_bar":"","ocean_shortcode_before_header":"","ocean_shortcode_after_header":"","ocean_has_shortcode":"","ocean_shortcode_after_title":"","ocean_shortcode_before_footer_widgets":"","ocean_shortcode_after_footer_widgets":"","ocean_shortcode_before_footer_bottom":"","ocean_shortcode_after_footer_bottom":"","ocean_display_top_bar":"default","ocean_display_header":"default","ocean_header_style":"","ocean_center_header_left_menu":"0","ocean_custom_header_template":"0","ocean_custom_logo":0,"ocean_custom_retina_logo":0,"ocean_custom_logo_max_width":0,"ocean_custom_logo_tablet_max_width":0,"ocean_custom_logo_mobile_max_width":0,"ocean_custom_logo_max_height":0,"ocean_custom_logo_tablet_max_height":0,"ocean_custom_logo_mobile_max_height":0,"ocean_header_custom_menu":"0","ocean_menu_typo_font_family":"0","ocean_menu_typo_font_subset":"","ocean_menu_typo_font_size":0,"ocean_menu_typo_font_size_tablet":0,"ocean_menu_typo_font_size_mobile":0,"ocean_menu_typo_font_size_unit":"px","ocean_menu_typo_font_weight":"","ocean_menu_typo_font_weight_tablet":"","ocean_menu_typo_font_weight_mobile":"","ocean_menu_typo_transform":"","ocean_menu_typo_transform_tablet":"","ocean_menu_typo_transform_mobile":"","ocean_menu_typo_line_height":0,"ocean_menu_typo_line_height_tablet":0,"ocean_menu_typo_line_height_mobile":0,"ocean_menu_typo_line_height_unit":"","ocean_menu_typo_spacing":0,"ocean_menu_typo_spacing_tablet":0,"ocean_menu_typo_spacing_mobile":0,"ocean_menu_typo_spacing_unit":"","ocean_menu_link_color":"","ocean_menu_link_color_hover":"","ocean_menu_link_color_active":"","ocean_menu_link_background":"","ocean_menu_link_hover_background":"","ocean_menu_link_active_background":"","ocean_menu_social_links_bg":"","ocean_menu_social_hover_links_bg":"","ocean_menu_social_links_color":"","ocean_menu_social_hover_links_color":"","ocean_disable_title":"on","ocean_disable_heading":"default","ocean_post_title":"","ocean_post_subheading":"","ocean_post_title_style":"","ocean_post_title_background_color":"","ocean_post_title_background":0,"ocean_post_title_bg_image_position":"","ocean_post_title_bg_image_attachment":"","ocean_post_title_bg_image_repeat":"","ocean_post_title_bg_image_size":"","ocean_post_title_height":0,"ocean_post_title_bg_overlay":0.5,"ocean_post_title_bg_overlay_color":"","ocean_disable_breadcrumbs":"default","ocean_breadcrumbs_color":"","ocean_breadcrumbs_separator_color":"","ocean_breadcrumbs_links_color":"","ocean_breadcrumbs_links_hover_color":"","ocean_display_footer_widgets":"default","ocean_display_footer_bottom":"default","ocean_custom_footer_template":"0"},"product_brand":[94],"product_cat":[174,175],"product_tag":[209],"class_list":{"0":"post-9464","1":"product","2":"type-product","3":"status-publish","4":"has-post-thumbnail","6":"product_brand-north-forest-power-equipement","7":"product_cat-accessoires","8":"product_cat-pelle","9":"product_tag-grappin-a-bois-nf-axes-de-30-mm","11":"entry","12":"has-media","14":"first","15":"instock","16":"taxable","17":"shipping-taxable","18":"purchasable","19":"product-type-simple","20":"has-product-nav","21":"col","22":"span_1_of_5","23":"owp-content-center","24":"item-entry","25":"owp-thumbs-layout-horizontal","26":"owp-btn-normal","27":"owp-tabs-layout-horizontal","29":"circle-sale"},"jetpack_sharing_enabled":true,"_links":{"self":[{"href":"http:\/\/northforest-equipement.com\/fr\/wp-json\/wp\/v2\/product\/9464","targetHints":{"allow":["GET"]}}],"collection":[{"href":"http:\/\/northforest-equipement.com\/fr\/wp-json\/wp\/v2\/product"}],"about":[{"href":"http:\/\/northforest-equipement.com\/fr\/wp-json\/wp\/v2\/types\/product"}],"replies":[{"embeddable":true,"href":"http:\/\/northforest-equipement.com\/fr\/wp-json\/wp\/v2\/comments?post=9464"}],"wp:featuredmedia":[{"embeddable":true,"href":"http:\/\/northforest-equipement.com\/fr\/wp-json\/wp\/v2\/media\/9289"}],"wp:attachment":[{"href":"http:\/\/northforest-equipement.com\/fr\/wp-json\/wp\/v2\/media?parent=9464"}],"wp:term":[{"taxonomy":"product_brand","embeddable":true,"href":"http:\/\/northforest-equipement.com\/fr\/wp-json\/wp\/v2\/product_brand?post=9464"},{"taxonomy":"product_cat","embeddable":true,"href":"http:\/\/northforest-equipement.com\/fr\/wp-json\/wp\/v2\/product_cat?post=9464"},{"taxonomy":"product_tag","embeddable":true,"href":"http:\/\/northforest-equipement.com\/fr\/wp-json\/wp\/v2\/product_tag?post=9464"}],"curies":[{"name":"wp","href":"https:\/\/api.w.org\/{rel}","templated":true}]}}