{"id":9453,"date":"2026-02-24T10:43:48","date_gmt":"2026-02-24T15:43:48","guid":{"rendered":"https:\/\/northforest-equipement.com\/produit\/ripper-axes-30-mm"},"modified":"2026-02-24T10:43:48","modified_gmt":"2026-02-24T15:43:48","slug":"ripper-axes-30-mm","status":"publish","type":"product","link":"http:\/\/northforest-equipement.com\/fr\/produit\/ripper-axes-30-mm","title":{"rendered":"Ripper axes 30 mm"},"content":{"rendered":"<h3 data-start=\"126\" data-end=\"174\"><strong data-start=\"130\" data-end=\"174\">Ripper \u2013 Dent de d\u00e9compactage de sol renforc\u00e9e<\/strong><\/h3>\n<p data-start=\"176\" data-end=\"444\">Con\u00e7u pour briser les sols compact\u00e9s et d\u00e9chirer les racines, ce ripper renforc\u00e9 facilite la pr\u00e9paration du terrain, plus rapidement et plus efficacement. Id\u00e9al pour l\u2019am\u00e9nagement paysager, la sylviculture, le creusement de tranch\u00e9es et les travaux de chantier, il aide \u00e0 retirer les mat\u00e9riaux tenaces tout en am\u00e9liorant les performances de creusement. <\/p>\n<h4 data-start=\"446\" data-end=\"469\"><strong data-start=\"451\" data-end=\"469\">Caract\u00e9ristiques<\/strong><\/h4>\n<ul data-start=\"471\" data-end=\"713\">\n<li data-start=\"471\" data-end=\"502\">\n<p data-start=\"473\" data-end=\"502\">Longueur totale : <strong data-start=\"489\" data-end=\"500\">17.7 in<\/strong><\/p>\n<\/li>\n<li data-start=\"503\" data-end=\"536\">\n<p data-start=\"505\" data-end=\"536\">Largeur : <strong data-start=\"512\" data-end=\"534\">2.0 \/ 6.7 x 7.1 in<\/strong><\/p>\n<\/li>\n<li data-start=\"537\" data-end=\"571\">\n<p data-start=\"539\" data-end=\"571\">Diam\u00e8tre des trous d\u2019axe : <strong data-start=\"558\" data-end=\"569\">1.18 in<\/strong><\/p>\n<\/li>\n<li data-start=\"572\" data-end=\"609\">\n<p data-start=\"574\" data-end=\"609\">Largeur de montage interne : <strong data-start=\"596\" data-end=\"607\">4.13 in<\/strong><\/p>\n<\/li>\n<li data-start=\"610\" data-end=\"647\">\n<p data-start=\"612\" data-end=\"647\">Largeur de montage externe : <strong data-start=\"634\" data-end=\"645\">7.09 in<\/strong><\/p>\n<\/li>\n<li data-start=\"648\" data-end=\"683\">\n<p data-start=\"650\" data-end=\"683\">Entraxe des axes : <strong data-start=\"670\" data-end=\"681\">5.12 in<\/strong><\/p>\n<\/li>\n<li data-start=\"684\" data-end=\"713\">\n<p data-start=\"686\" data-end=\"713\">Poids en service : <strong data-start=\"704\" data-end=\"713\">37 lb<\/strong><\/p>\n<\/li>\n<\/ul>\n","protected":false},"excerpt":{"rendered":"<p>Ripper \u2013 Dent de d\u00e9compactage de sol renforc\u00e9e<\/p>\n<p><img fetchpriority=\"high\" decoding=\"async\" class=\" wp-image-9296\" src=\"http:\/\/northforest-equipement.com\/wp-content\/uploads\/2026\/02\/ChatGPT-Image-Feb-24-2026-10_26_25-AM-1-200x300.png\" alt=\"NF-Ripper axes 30 mm ripper pour excavatrice Ripper excavatrice\" width=\"302\" height=\"453\" srcset=\"https:\/\/i0.wp.com\/northforest-equipement.com\/wp-content\/uploads\/2026\/02\/ChatGPT-Image-Feb-24-2026-10_26_25-AM-1.png?resize=200%2C300 200w, https:\/\/i0.wp.com\/northforest-equipement.com\/wp-content\/uploads\/2026\/02\/ChatGPT-Image-Feb-24-2026-10_26_25-AM-1.png?resize=683%2C1024 683w, https:\/\/i0.wp.com\/northforest-equipement.com\/wp-content\/uploads\/2026\/02\/ChatGPT-Image-Feb-24-2026-10_26_25-AM-1.png?resize=768%2C1152 768w, https:\/\/i0.wp.com\/northforest-equipement.com\/wp-content\/uploads\/2026\/02\/ChatGPT-Image-Feb-24-2026-10_26_25-AM-1.png?resize=400%2C600 400w, https:\/\/i0.wp.com\/northforest-equipement.com\/wp-content\/uploads\/2026\/02\/ChatGPT-Image-Feb-24-2026-10_26_25-AM-1.png?w=1024 1024w\" sizes=\"(max-width: 302px) 100vw, 302px\" \/><\/p>\n","protected":false},"featured_media":9294,"comment_status":"closed","ping_status":"closed","template":"","meta":{"ocean_post_layout":"","ocean_both_sidebars_style":"","ocean_both_sidebars_content_width":0,"ocean_both_sidebars_sidebars_width":0,"ocean_sidebar":"0","ocean_second_sidebar":"0","ocean_disable_margins":"enable","ocean_add_body_class":"","ocean_shortcode_before_top_bar":"","ocean_shortcode_after_top_bar":"","ocean_shortcode_before_header":"","ocean_shortcode_after_header":"","ocean_has_shortcode":"","ocean_shortcode_after_title":"","ocean_shortcode_before_footer_widgets":"","ocean_shortcode_after_footer_widgets":"","ocean_shortcode_before_footer_bottom":"","ocean_shortcode_after_footer_bottom":"","ocean_display_top_bar":"default","ocean_display_header":"default","ocean_header_style":"","ocean_center_header_left_menu":"0","ocean_custom_header_template":"0","ocean_custom_logo":0,"ocean_custom_retina_logo":0,"ocean_custom_logo_max_width":0,"ocean_custom_logo_tablet_max_width":0,"ocean_custom_logo_mobile_max_width":0,"ocean_custom_logo_max_height":0,"ocean_custom_logo_tablet_max_height":0,"ocean_custom_logo_mobile_max_height":0,"ocean_header_custom_menu":"0","ocean_menu_typo_font_family":"0","ocean_menu_typo_font_subset":"","ocean_menu_typo_font_size":0,"ocean_menu_typo_font_size_tablet":0,"ocean_menu_typo_font_size_mobile":0,"ocean_menu_typo_font_size_unit":"px","ocean_menu_typo_font_weight":"","ocean_menu_typo_font_weight_tablet":"","ocean_menu_typo_font_weight_mobile":"","ocean_menu_typo_transform":"","ocean_menu_typo_transform_tablet":"","ocean_menu_typo_transform_mobile":"","ocean_menu_typo_line_height":0,"ocean_menu_typo_line_height_tablet":0,"ocean_menu_typo_line_height_mobile":0,"ocean_menu_typo_line_height_unit":"","ocean_menu_typo_spacing":0,"ocean_menu_typo_spacing_tablet":0,"ocean_menu_typo_spacing_mobile":0,"ocean_menu_typo_spacing_unit":"","ocean_menu_link_color":"","ocean_menu_link_color_hover":"","ocean_menu_link_color_active":"","ocean_menu_link_background":"","ocean_menu_link_hover_background":"","ocean_menu_link_active_background":"","ocean_menu_social_links_bg":"","ocean_menu_social_hover_links_bg":"","ocean_menu_social_links_color":"","ocean_menu_social_hover_links_color":"","ocean_disable_title":"on","ocean_disable_heading":"default","ocean_post_title":"","ocean_post_subheading":"","ocean_post_title_style":"","ocean_post_title_background_color":"","ocean_post_title_background":0,"ocean_post_title_bg_image_position":"","ocean_post_title_bg_image_attachment":"","ocean_post_title_bg_image_repeat":"","ocean_post_title_bg_image_size":"","ocean_post_title_height":0,"ocean_post_title_bg_overlay":0.5,"ocean_post_title_bg_overlay_color":"","ocean_disable_breadcrumbs":"default","ocean_breadcrumbs_color":"","ocean_breadcrumbs_separator_color":"","ocean_breadcrumbs_links_color":"","ocean_breadcrumbs_links_hover_color":"","ocean_display_footer_widgets":"default","ocean_display_footer_bottom":"default","ocean_custom_footer_template":"0"},"product_brand":[87],"product_cat":[174,175],"product_tag":[208],"class_list":{"0":"post-9453","1":"product","2":"type-product","3":"status-publish","4":"has-post-thumbnail","6":"product_brand-rhinoceros","7":"product_cat-accessoires","8":"product_cat-pelle","9":"product_tag-nf-ripper-30-mm","11":"entry","12":"has-media","14":"first","15":"instock","16":"sale","17":"taxable","18":"shipping-taxable","19":"purchasable","20":"product-type-simple","21":"has-product-nav","22":"col","23":"span_1_of_5","24":"owp-content-center","25":"item-entry","26":"owp-thumbs-layout-horizontal","27":"owp-btn-normal","28":"owp-tabs-layout-horizontal","30":"circle-sale"},"jetpack_sharing_enabled":true,"_links":{"self":[{"href":"http:\/\/northforest-equipement.com\/fr\/wp-json\/wp\/v2\/product\/9453","targetHints":{"allow":["GET"]}}],"collection":[{"href":"http:\/\/northforest-equipement.com\/fr\/wp-json\/wp\/v2\/product"}],"about":[{"href":"http:\/\/northforest-equipement.com\/fr\/wp-json\/wp\/v2\/types\/product"}],"replies":[{"embeddable":true,"href":"http:\/\/northforest-equipement.com\/fr\/wp-json\/wp\/v2\/comments?post=9453"}],"wp:featuredmedia":[{"embeddable":true,"href":"http:\/\/northforest-equipement.com\/fr\/wp-json\/wp\/v2\/media\/9294"}],"wp:attachment":[{"href":"http:\/\/northforest-equipement.com\/fr\/wp-json\/wp\/v2\/media?parent=9453"}],"wp:term":[{"taxonomy":"product_brand","embeddable":true,"href":"http:\/\/northforest-equipement.com\/fr\/wp-json\/wp\/v2\/product_brand?post=9453"},{"taxonomy":"product_cat","embeddable":true,"href":"http:\/\/northforest-equipement.com\/fr\/wp-json\/wp\/v2\/product_cat?post=9453"},{"taxonomy":"product_tag","embeddable":true,"href":"http:\/\/northforest-equipement.com\/fr\/wp-json\/wp\/v2\/product_tag?post=9453"}],"curies":[{"name":"wp","href":"https:\/\/api.w.org\/{rel}","templated":true}]}}