{"id":8415,"date":"2020-07-08T09:10:27","date_gmt":"2020-07-08T14:10:27","guid":{"rendered":"https:\/\/northforest-equipement.com\/produit\/crochet-avec-pointe-de-rechange"},"modified":"2026-03-24T14:21:59","modified_gmt":"2026-03-24T19:21:59","slug":"crochet-avec-pointe-de-rechange","status":"publish","type":"product","link":"http:\/\/northforest-equipement.com\/fr\/produit\/crochet-avec-pointe-de-rechange","title":{"rendered":"Crochet avec pointe de rechange"},"content":{"rendered":"<p data-start=\"138\" data-end=\"245\">Crochet \u00e0 b\u00fbches robuste avec pointe rempla\u00e7able con\u00e7u pour manipuler et positionner les b\u00fbches en toute s\u00e9curit\u00e9 et efficacit\u00e9.<\/p>\n<h3 data-section-id=\"1yl5694\" data-start=\"247\" data-end=\"265\">Caract\u00e9ristiques<\/h3>\n<p data-start=\"267\" data-end=\"416\">\u2714 Construction durable en <strong data-start=\"277\" data-end=\"295\">crochet \u00e0 b\u00fbches en acier<\/strong><br data-start=\"308\" data-end=\"311\">\u2714 <strong data-start=\"313\" data-end=\"329\">Num\u00e9ro de pi\u00e8ce\u202f:<\/strong> NF-Pick \u00e0 B\u00fbche<br data-start=\"345\" data-end=\"348\">\u2714 Pointe en acier tremp\u00e9 rempla\u00e7able<br data-start=\"380\" data-end=\"383\">\u2714 Inclut <strong data-start=\"394\" data-end=\"416\">3 pointes de rechange<\/strong><\/p>\n<p>&nbsp;<\/p>\n","protected":false},"excerpt":{"rendered":"<figure id=\"attachment_9941\" aria-describedby=\"caption-attachment-9941\" style=\"width: 300px\" class=\"wp-caption alignnone\"><img fetchpriority=\"high\" decoding=\"async\" class=\"size-medium wp-image-9941\" src=\"http:\/\/northforest-equipement.com\/wp-content\/uploads\/2020\/07\/ChatGPT-Image-Mar-24-2026-03_18_38-PM-300x300.png\" alt=\"{%ALT_TEXT%}\" width=\"300\" height=\"300\" srcset=\"https:\/\/i0.wp.com\/northforest-equipement.com\/wp-content\/uploads\/2020\/07\/ChatGPT-Image-Mar-24-2026-03_18_38-PM.png?resize=300%2C300 300w, https:\/\/i0.wp.com\/northforest-equipement.com\/wp-content\/uploads\/2020\/07\/ChatGPT-Image-Mar-24-2026-03_18_38-PM.png?resize=150%2C150 150w, https:\/\/i0.wp.com\/northforest-equipement.com\/wp-content\/uploads\/2020\/07\/ChatGPT-Image-Mar-24-2026-03_18_38-PM.png?resize=768%2C768 768w, https:\/\/i0.wp.com\/northforest-equipement.com\/wp-content\/uploads\/2020\/07\/ChatGPT-Image-Mar-24-2026-03_18_38-PM.png?resize=600%2C600 600w, https:\/\/i0.wp.com\/northforest-equipement.com\/wp-content\/uploads\/2020\/07\/ChatGPT-Image-Mar-24-2026-03_18_38-PM.png?resize=400%2C400 400w, https:\/\/i0.wp.com\/northforest-equipement.com\/wp-content\/uploads\/2020\/07\/ChatGPT-Image-Mar-24-2026-03_18_38-PM.png?resize=100%2C100 100w, https:\/\/i0.wp.com\/northforest-equipement.com\/wp-content\/uploads\/2020\/07\/ChatGPT-Image-Mar-24-2026-03_18_38-PM.png?w=1024 1024w\" sizes=\"(max-width: 300px) 100vw, 300px\" \/><figcaption id=\"caption-attachment-9941\" class=\"wp-caption-text\">CROCHET \u00c0 B\u00dbCHES<br \/>Pick \u00e0 B\u00fbche<\/figcaption><\/figure>\n","protected":false},"featured_media":9942,"comment_status":"closed","ping_status":"closed","template":"","meta":{"ocean_post_layout":"","ocean_both_sidebars_style":"","ocean_both_sidebars_content_width":0,"ocean_both_sidebars_sidebars_width":0,"ocean_sidebar":"0","ocean_second_sidebar":"0","ocean_disable_margins":"enable","ocean_add_body_class":"","ocean_shortcode_before_top_bar":"","ocean_shortcode_after_top_bar":"","ocean_shortcode_before_header":"","ocean_shortcode_after_header":"","ocean_has_shortcode":"","ocean_shortcode_after_title":"","ocean_shortcode_before_footer_widgets":"","ocean_shortcode_after_footer_widgets":"","ocean_shortcode_before_footer_bottom":"","ocean_shortcode_after_footer_bottom":"","ocean_display_top_bar":"default","ocean_display_header":"default","ocean_header_style":"","ocean_center_header_left_menu":"0","ocean_custom_header_template":"0","ocean_custom_logo":0,"ocean_custom_retina_logo":0,"ocean_custom_logo_max_width":0,"ocean_custom_logo_tablet_max_width":0,"ocean_custom_logo_mobile_max_width":0,"ocean_custom_logo_max_height":0,"ocean_custom_logo_tablet_max_height":0,"ocean_custom_logo_mobile_max_height":0,"ocean_header_custom_menu":"0","ocean_menu_typo_font_family":"0","ocean_menu_typo_font_subset":"","ocean_menu_typo_font_size":0,"ocean_menu_typo_font_size_tablet":0,"ocean_menu_typo_font_size_mobile":0,"ocean_menu_typo_font_size_unit":"px","ocean_menu_typo_font_weight":"","ocean_menu_typo_font_weight_tablet":"","ocean_menu_typo_font_weight_mobile":"","ocean_menu_typo_transform":"","ocean_menu_typo_transform_tablet":"","ocean_menu_typo_transform_mobile":"","ocean_menu_typo_line_height":0,"ocean_menu_typo_line_height_tablet":0,"ocean_menu_typo_line_height_mobile":0,"ocean_menu_typo_line_height_unit":"","ocean_menu_typo_spacing":0,"ocean_menu_typo_spacing_tablet":0,"ocean_menu_typo_spacing_mobile":0,"ocean_menu_typo_spacing_unit":"","ocean_menu_link_color":"","ocean_menu_link_color_hover":"","ocean_menu_link_color_active":"","ocean_menu_link_background":"","ocean_menu_link_hover_background":"","ocean_menu_link_active_background":"","ocean_menu_social_links_bg":"","ocean_menu_social_hover_links_bg":"","ocean_menu_social_links_color":"","ocean_menu_social_hover_links_color":"","ocean_disable_title":"default","ocean_disable_heading":"default","ocean_post_title":"","ocean_post_subheading":"","ocean_post_title_style":"","ocean_post_title_background_color":"","ocean_post_title_background":0,"ocean_post_title_bg_image_position":"","ocean_post_title_bg_image_attachment":"","ocean_post_title_bg_image_repeat":"","ocean_post_title_bg_image_size":"","ocean_post_title_height":0,"ocean_post_title_bg_overlay":0.5,"ocean_post_title_bg_overlay_color":"","ocean_disable_breadcrumbs":"default","ocean_breadcrumbs_color":"","ocean_breadcrumbs_separator_color":"","ocean_breadcrumbs_links_color":"","ocean_breadcrumbs_links_hover_color":"","ocean_display_footer_widgets":"default","ocean_display_footer_bottom":"default","ocean_custom_footer_template":"0"},"product_brand":[],"product_cat":[184],"product_tag":[],"class_list":{"0":"post-8415","1":"product","2":"type-product","3":"status-publish","4":"has-post-thumbnail","6":"product_cat-outils-forestiers","7":"product_shipping_class-classe-0-10-lb","9":"entry","10":"has-media","12":"first","13":"instock","14":"taxable","15":"shipping-taxable","16":"purchasable","17":"product-type-simple","18":"has-product-nav","19":"col","20":"span_1_of_5","21":"owp-content-center","22":"item-entry","23":"owp-thumbs-layout-horizontal","24":"owp-btn-normal","25":"owp-tabs-layout-horizontal","27":"circle-sale"},"jetpack_sharing_enabled":true,"_links":{"self":[{"href":"http:\/\/northforest-equipement.com\/fr\/wp-json\/wp\/v2\/product\/8415","targetHints":{"allow":["GET"]}}],"collection":[{"href":"http:\/\/northforest-equipement.com\/fr\/wp-json\/wp\/v2\/product"}],"about":[{"href":"http:\/\/northforest-equipement.com\/fr\/wp-json\/wp\/v2\/types\/product"}],"replies":[{"embeddable":true,"href":"http:\/\/northforest-equipement.com\/fr\/wp-json\/wp\/v2\/comments?post=8415"}],"wp:featuredmedia":[{"embeddable":true,"href":"http:\/\/northforest-equipement.com\/fr\/wp-json\/wp\/v2\/media\/9942"}],"wp:attachment":[{"href":"http:\/\/northforest-equipement.com\/fr\/wp-json\/wp\/v2\/media?parent=8415"}],"wp:term":[{"taxonomy":"product_brand","embeddable":true,"href":"http:\/\/northforest-equipement.com\/fr\/wp-json\/wp\/v2\/product_brand?post=8415"},{"taxonomy":"product_cat","embeddable":true,"href":"http:\/\/northforest-equipement.com\/fr\/wp-json\/wp\/v2\/product_cat?post=8415"},{"taxonomy":"product_tag","embeddable":true,"href":"http:\/\/northforest-equipement.com\/fr\/wp-json\/wp\/v2\/product_tag?post=8415"}],"curies":[{"name":"wp","href":"https:\/\/api.w.org\/{rel}","templated":true}]}}