{"id":8406,"date":"2020-11-11T21:03:24","date_gmt":"2020-11-12T02:03:24","guid":{"rendered":"https:\/\/northforest-equipement.com\/produit\/nf-t29fhc"},"modified":"2026-05-02T06:39:47","modified_gmt":"2026-05-02T11:39:47","slug":"nf-t29fhc","status":"publish","type":"product","link":"http:\/\/northforest-equipement.com\/fr\/produit\/nf-t29fhc","title":{"rendered":"NF-T29FHC"},"content":{"rendered":"<h2 dir=\"auto\"><strong>Caract\u00e9ristiques principales et avantages<\/strong><\/h2>\n<ul dir=\"auto\">\n<li>\n<h4><strong>Moteur puissant et fiable<\/strong> Loncin de 16,5 CV avec un couple de 30 pi-lb, d\u00e9marrage \u00e9lectrique, filtre Quad-Clean et syst\u00e8me de recyclage d&rsquo;air chaud pour des performances fiables m\u00eame lors des rudes hivers canadiens (garantie Loncin de 3 ans).<\/h4>\n<\/li>\n<li>\n<h4><strong>Capacit\u00e9 de coupe impressionnante<\/strong> \u2014 Guide-cha\u00eene Stihl de 22 pouces avec syst\u00e8me hydraulique Parker \u00e0 6 000 tr\/min. Traite des billes jusqu\u2019\u00e0 <strong>20 pouces de diam\u00e8tre<\/strong> avec des coupes nettes et rapides. <\/h4>\n<\/li>\n<li>\n<h4><strong>Fendage ultra-rapide<\/strong> \u2014 Force de fendage de 29 tonnes avec un temps de cycle fulgurant de <strong>6 secondes<\/strong> (l\u2019un des plus rapides de sa cat\u00e9gorie). Cycle enti\u00e8rement automatique \u2014 il suffit de couper et il fend. <\/h4>\n<\/li>\n<li>\n<h4><strong>Fonctionnement sans effort<\/strong> \u2014 Les commandes enti\u00e8rement hydrauliques vous permettent de faire fonctionner toute la machine sans toucher le bois. Abaissement automatique de la scie avec un seul contr\u00f4leur (pas de cylindre maladroit), lubrification automatique de la cha\u00eene avec r\u00e9servoir visible et arr\u00eat de s\u00e9curit\u00e9 \u00e0 l\u2019ouverture du capot. <\/h4>\n<\/li>\n<li>\n<h4><strong>Alimentation et \u00e9vacuation haut de gamme<\/strong> \u2014 Convoyeur d\u2019alimentation \u00e0 cha\u00eene robuste avec verrouillage s\u00e9curis\u00e9 des billes. Convoyeur de sortie pliable de 18 pouces de large \u00d7 10,5 pi avec courroie en Kevlar et crampons en acier. Hauteur r\u00e9glable via un treuil de 1 300 lb.  <\/h4>\n<\/li>\n<li>\n<h4><strong>Con\u00e7u pour une utilisation r\u00e9elle<\/strong> \u2014 Prolongez la longueur des billes de 12 pi \u00e0 16 pi avec la table d\u2019alimentation Live-Deck en option. Cylindre de fendeuse \u00e0 retour rapide, syst\u00e8me d\u2019huile \u00e0 double filtration surdimensionn\u00e9 et syst\u00e8me hydraulique renforc\u00e9 pour des ann\u00e9es de service sans probl\u00e8me. <\/h4>\n<\/li>\n<li>\n<h4><strong>Transport et rangement faciles<\/strong> \u2014 Convoyeur pliable, attelage de 2 pouces, essieux de haute qualit\u00e9 et cric r\u00e9glable avec roue pivotante. Kit homologu\u00e9 pour la route disponible en option. <\/h4>\n<\/li>\n<li>\n<h4 dir=\"auto\" style=\"text-align: center;\">Pourquoi choisir le T29FHC ? Gagnez du temps, r\u00e9duisez l\u2019effort physique et transformez le bois de chauffage en profit plus rapidement que jamais. Con\u00e7u et soutenu ici m\u00eame au Canada pour nos conditions difficiles.  <\/h4>\n<\/li>\n<\/ul>\n<p>&nbsp;<\/p>\n<p>&nbsp;<\/p>\n","protected":false},"excerpt":{"rendered":"<h2 dir=\"auto\"><strong>Processeur de bois de chauffage North Forest T29FHC \u2013 Puissance et qualit\u00e9 professionnelles \u00e0 un prix abordable<\/strong><\/h2>\n<h4 dir=\"auto\">Transformez des heures de travail manuel acharn\u00e9 en quelques minutes de production facile et rentable. Le T29FHC est un processeur de bois de chauffage enti\u00e8rement hydraulique con\u00e7u pour les propri\u00e9taires fonciers, les petits producteurs et toute personne qui traite plus de 15 cordes par an. Il offre une puissance de coupe et de fendage s\u00e9rieuse tout en restant simple \u00e0 utiliser et facile \u00e0 entretenir.  <\/h4>\n<h5 dir=\"auto\">Les taxes provinciales et la livraison peuvent devoir \u00eatre ajout\u00e9es si elles ne sont pas indiqu\u00e9es sur votre commande en ligne. Veuillez nous appeler au centre pour un devis.<\/h5>\n<p>&nbsp;<\/p>\n<p>&nbsp;<\/p>\n","protected":false},"featured_media":5188,"comment_status":"closed","ping_status":"closed","template":"","meta":{"ocean_post_layout":"","ocean_both_sidebars_style":"","ocean_both_sidebars_content_width":0,"ocean_both_sidebars_sidebars_width":0,"ocean_sidebar":"0","ocean_second_sidebar":"0","ocean_disable_margins":"enable","ocean_add_body_class":"","ocean_shortcode_before_top_bar":"","ocean_shortcode_after_top_bar":"","ocean_shortcode_before_header":"","ocean_shortcode_after_header":"","ocean_has_shortcode":"","ocean_shortcode_after_title":"","ocean_shortcode_before_footer_widgets":"","ocean_shortcode_after_footer_widgets":"","ocean_shortcode_before_footer_bottom":"","ocean_shortcode_after_footer_bottom":"","ocean_display_top_bar":"default","ocean_display_header":"default","ocean_header_style":"","ocean_center_header_left_menu":"0","ocean_custom_header_template":"0","ocean_custom_logo":0,"ocean_custom_retina_logo":0,"ocean_custom_logo_max_width":0,"ocean_custom_logo_tablet_max_width":0,"ocean_custom_logo_mobile_max_width":0,"ocean_custom_logo_max_height":0,"ocean_custom_logo_tablet_max_height":0,"ocean_custom_logo_mobile_max_height":0,"ocean_header_custom_menu":"0","ocean_menu_typo_font_family":"0","ocean_menu_typo_font_subset":"","ocean_menu_typo_font_size":0,"ocean_menu_typo_font_size_tablet":0,"ocean_menu_typo_font_size_mobile":0,"ocean_menu_typo_font_size_unit":"px","ocean_menu_typo_font_weight":"","ocean_menu_typo_font_weight_tablet":"","ocean_menu_typo_font_weight_mobile":"","ocean_menu_typo_transform":"","ocean_menu_typo_transform_tablet":"","ocean_menu_typo_transform_mobile":"","ocean_menu_typo_line_height":0,"ocean_menu_typo_line_height_tablet":0,"ocean_menu_typo_line_height_mobile":0,"ocean_menu_typo_line_height_unit":"","ocean_menu_typo_spacing":0,"ocean_menu_typo_spacing_tablet":0,"ocean_menu_typo_spacing_mobile":0,"ocean_menu_typo_spacing_unit":"","ocean_menu_link_color":"","ocean_menu_link_color_hover":"","ocean_menu_link_color_active":"","ocean_menu_link_background":"","ocean_menu_link_hover_background":"","ocean_menu_link_active_background":"","ocean_menu_social_links_bg":"","ocean_menu_social_hover_links_bg":"","ocean_menu_social_links_color":"","ocean_menu_social_hover_links_color":"","ocean_disable_title":"default","ocean_disable_heading":"default","ocean_post_title":"","ocean_post_subheading":"","ocean_post_title_style":"","ocean_post_title_background_color":"","ocean_post_title_background":0,"ocean_post_title_bg_image_position":"","ocean_post_title_bg_image_attachment":"","ocean_post_title_bg_image_repeat":"","ocean_post_title_bg_image_size":"","ocean_post_title_height":0,"ocean_post_title_bg_overlay":0.5,"ocean_post_title_bg_overlay_color":"","ocean_disable_breadcrumbs":"default","ocean_breadcrumbs_color":"","ocean_breadcrumbs_separator_color":"","ocean_breadcrumbs_links_color":"","ocean_breadcrumbs_links_hover_color":"","ocean_display_footer_widgets":"default","ocean_display_footer_bottom":"default","ocean_custom_footer_template":"0"},"product_brand":[],"product_cat":[193],"product_tag":[195,194],"class_list":{"0":"post-8406","1":"product","2":"type-product","3":"status-publish","4":"has-post-thumbnail","6":"product_cat-processeur-de-bois","7":"product_tag-nft29fhc","8":"product_tag-t29fhc","9":"product_shipping_class-machinerie-lourde","11":"entry","12":"has-media","14":"first","15":"instock","16":"taxable","17":"shipping-taxable","18":"purchasable","19":"product-type-simple","20":"has-product-nav","21":"col","22":"span_1_of_5","23":"owp-content-center","24":"item-entry","25":"owp-thumbs-layout-horizontal","26":"owp-btn-normal","27":"owp-tabs-layout-horizontal","29":"circle-sale"},"jetpack_sharing_enabled":true,"_links":{"self":[{"href":"http:\/\/northforest-equipement.com\/fr\/wp-json\/wp\/v2\/product\/8406","targetHints":{"allow":["GET"]}}],"collection":[{"href":"http:\/\/northforest-equipement.com\/fr\/wp-json\/wp\/v2\/product"}],"about":[{"href":"http:\/\/northforest-equipement.com\/fr\/wp-json\/wp\/v2\/types\/product"}],"replies":[{"embeddable":true,"href":"http:\/\/northforest-equipement.com\/fr\/wp-json\/wp\/v2\/comments?post=8406"}],"wp:featuredmedia":[{"embeddable":true,"href":"http:\/\/northforest-equipement.com\/fr\/wp-json\/wp\/v2\/media\/5188"}],"wp:attachment":[{"href":"http:\/\/northforest-equipement.com\/fr\/wp-json\/wp\/v2\/media?parent=8406"}],"wp:term":[{"taxonomy":"product_brand","embeddable":true,"href":"http:\/\/northforest-equipement.com\/fr\/wp-json\/wp\/v2\/product_brand?post=8406"},{"taxonomy":"product_cat","embeddable":true,"href":"http:\/\/northforest-equipement.com\/fr\/wp-json\/wp\/v2\/product_cat?post=8406"},{"taxonomy":"product_tag","embeddable":true,"href":"http:\/\/northforest-equipement.com\/fr\/wp-json\/wp\/v2\/product_tag?post=8406"}],"curies":[{"name":"wp","href":"https:\/\/api.w.org\/{rel}","templated":true}]}}