{"id":10458,"date":"2026-04-16T13:22:54","date_gmt":"2026-04-16T18:22:54","guid":{"rendered":"https:\/\/northforest-equipement.com\/produit\/chariot-elevateur-electrique"},"modified":"2026-04-16T13:22:54","modified_gmt":"2026-04-16T18:22:54","slug":"chariot-elevateur-electrique","status":"publish","type":"product","link":"http:\/\/northforest-equipement.com\/fr\/produit\/chariot-elevateur-electrique","title":{"rendered":"Chariot \u00e9l\u00e9vateur \u00e9lectrique"},"content":{"rendered":"<h2 class=\"block-name\" title=\"D\u00e9tails du produit\">Sp\u00e9cifications principales<\/h2>\n<div class=\"product_detail_item\">\n<div class=\"product-details tableAdaptive\">\n<div class=\"tableBox\">\n<table width=\"1599\" data-sort=\"sortDisabled\">\n<thead>\n<tr class=\"firstRow\">\n<th colspan=\"3\" rowspan=\"1\">\n<h3>CPD30<\/h3>\n<\/th>\n<\/tr>\n<\/thead>\n<colgroup>\n<col data-offset-left=\"8.7421875\" data-offset-right=\"252.328125\" data-resize-pixel=\"243.5859375\" data-resize-percent=\"34.60027521306818\">\n<col data-offset-left=\"252.328125\" data-offset-right=\"456.6953125\" data-resize-pixel=\"204.3671875\" data-resize-percent=\"29.029430042613637\">\n<col data-offset-left=\"449.6953125\" data-offset-right=\"704.2265625\" data-resize-pixel=\"254.53125\" data-resize-percent=\"36.15500710227273\"><\/colgroup>\n<tbody>\n<tr class=\"firstRow\">\n<td align=\"center\" valign=\"middle\" height=\"7\">Hauteur de levage maximale (en fonctionnement)<\/td>\n<td align=\"center\" valign=\"middle\" height=\"7\">4 230 mm<\/td>\n<td align=\"center\" valign=\"middle\" height=\"7\">166,5 po<\/td>\n<\/tr>\n<tr>\n<td align=\"center\" valign=\"middle\" height=\"7\">Charge nominale<\/td>\n<td align=\"center\" valign=\"middle\" height=\"7\">3 000 kg<\/td>\n<td align=\"center\" valign=\"middle\" height=\"7\">6 614 lb<\/td>\n<\/tr>\n<tr>\n<td align=\"center\" valign=\"middle\" height=\"7\">Rayon de braquage minimal (int\u00e9rieur)<\/td>\n<td align=\"center\" valign=\"middle\" height=\"7\">2 610 mm<\/td>\n<td align=\"center\" valign=\"middle\" height=\"7\">103 po<\/td>\n<\/tr>\n<tr>\n<td align=\"center\" valign=\"middle\" height=\"7\">Longueur hors tout<\/td>\n<td align=\"center\" valign=\"middle\" height=\"7\">2 880 mm<\/td>\n<td align=\"center\" valign=\"middle\" height=\"7\">113,4 po<\/td>\n<\/tr>\n<tr>\n<td colspan=\"1\" rowspan=\"1\" align=\"center\" valign=\"middle\" height=\"7\">Poids op\u00e9rationnel<\/td>\n<td colspan=\"1\" rowspan=\"1\" align=\"center\" valign=\"middle\" height=\"7\">4 120 kg<\/td>\n<td align=\"center\" valign=\"middle\" height=\"7\">9 084 lb<\/td>\n<\/tr>\n<tr>\n<td colspan=\"1\" rowspan=\"1\" align=\"center\" valign=\"middle\" height=\"7\">Vitesse de d\u00e9placement max.<\/td>\n<td colspan=\"1\" rowspan=\"1\" align=\"center\" valign=\"middle\" height=\"7\">15 km\/h<\/td>\n<td align=\"center\" valign=\"middle\" height=\"7\">9,3 mph<\/td>\n<\/tr>\n<\/tbody>\n<\/table>\n<\/div>\n<\/div>\n<\/div>\n<div class=\"product_detail_item\">\n<div class=\"product-details tableAdaptive\">\n<div class=\"tableBox\"><\/div>\n<\/div>\n<\/div>\n","protected":false},"excerpt":{"rendered":"<h2 class=\"xinghao elli0\">CPD30<\/h2>\n<h4 class=\"title elli0\">Chariot \u00e9l\u00e9vateur \u00e9lectrique<\/h4>\n<div class=\"product_info\">\n<div class=\"second\">\n<h4>Le <a class=\"huazhi_inner_link\" href=\"https:\/\/www.rhinocerosequipment.com\/xn18-mini-excavator.html\">Rhinoceros<\/a> CPD30, un <a class=\"huazhi_inner_link\" href=\"https:\/\/www.rhinocerosequipment.com\/telehandler-0\/\">chariot \u00e9l\u00e9vateur \u00e9lectrique<\/a>, offre une efficacit\u00e9 accrue gr\u00e2ce \u00e0 son moteur synchrone \u00e0 aimants permanents, des performances fiables avec un contr\u00f4leur \u00e0 double processeur, des si\u00e8ges Toyota pour le confort, des phares \u00e0 DEL IP67 pour la durabilit\u00e9 et des options de batterie flexibles (205 Ah-460 Ah) avec divers chargeurs pour un fonctionnement rentable.<\/h4>\n<p>\u2022 Bo\u00eetier de direction \u00e0 faible couple<\/p>\n<p>\u2022 Commutateur de poign\u00e9e int\u00e9gr\u00e9<\/p>\n<p>\u2022 Si\u00e8ges Toyota<\/p>\n<p>\u2022 Rev\u00eatement par \u00e9lectrophor\u00e8se<\/p>\n<p>\u2022 Phares \u00e0 DEL class\u00e9s IP67<\/p>\n<p>\u2022 Options de batterie : 205 Ah, 280 Ah, 350 Ah, 460 Ah<\/p>\n<p>\u2022 Chargeurs : 100 A, 150 A, 200 A<\/p>\n<\/div>\n<\/div>\n","protected":false},"featured_media":10410,"comment_status":"closed","ping_status":"closed","template":"","meta":{"ocean_post_layout":"","ocean_both_sidebars_style":"","ocean_both_sidebars_content_width":0,"ocean_both_sidebars_sidebars_width":0,"ocean_sidebar":"0","ocean_second_sidebar":"0","ocean_disable_margins":"enable","ocean_add_body_class":"","ocean_shortcode_before_top_bar":"","ocean_shortcode_after_top_bar":"","ocean_shortcode_before_header":"","ocean_shortcode_after_header":"","ocean_has_shortcode":"","ocean_shortcode_after_title":"","ocean_shortcode_before_footer_widgets":"","ocean_shortcode_after_footer_widgets":"","ocean_shortcode_before_footer_bottom":"","ocean_shortcode_after_footer_bottom":"","ocean_display_top_bar":"default","ocean_display_header":"default","ocean_header_style":"","ocean_center_header_left_menu":"0","ocean_custom_header_template":"0","ocean_custom_logo":0,"ocean_custom_retina_logo":0,"ocean_custom_logo_max_width":0,"ocean_custom_logo_tablet_max_width":0,"ocean_custom_logo_mobile_max_width":0,"ocean_custom_logo_max_height":0,"ocean_custom_logo_tablet_max_height":0,"ocean_custom_logo_mobile_max_height":0,"ocean_header_custom_menu":"0","ocean_menu_typo_font_family":"0","ocean_menu_typo_font_subset":"","ocean_menu_typo_font_size":0,"ocean_menu_typo_font_size_tablet":0,"ocean_menu_typo_font_size_mobile":0,"ocean_menu_typo_font_size_unit":"px","ocean_menu_typo_font_weight":"","ocean_menu_typo_font_weight_tablet":"","ocean_menu_typo_font_weight_mobile":"","ocean_menu_typo_transform":"","ocean_menu_typo_transform_tablet":"","ocean_menu_typo_transform_mobile":"","ocean_menu_typo_line_height":0,"ocean_menu_typo_line_height_tablet":0,"ocean_menu_typo_line_height_mobile":0,"ocean_menu_typo_line_height_unit":"","ocean_menu_typo_spacing":0,"ocean_menu_typo_spacing_tablet":0,"ocean_menu_typo_spacing_mobile":0,"ocean_menu_typo_spacing_unit":"","ocean_menu_link_color":"","ocean_menu_link_color_hover":"","ocean_menu_link_color_active":"","ocean_menu_link_background":"","ocean_menu_link_hover_background":"","ocean_menu_link_active_background":"","ocean_menu_social_links_bg":"","ocean_menu_social_hover_links_bg":"","ocean_menu_social_links_color":"","ocean_menu_social_hover_links_color":"","ocean_disable_title":"on","ocean_disable_heading":"on","ocean_post_title":"","ocean_post_subheading":"","ocean_post_title_style":"","ocean_post_title_background_color":"","ocean_post_title_background":0,"ocean_post_title_bg_image_position":"","ocean_post_title_bg_image_attachment":"","ocean_post_title_bg_image_repeat":"","ocean_post_title_bg_image_size":"","ocean_post_title_height":0,"ocean_post_title_bg_overlay":0.5,"ocean_post_title_bg_overlay_color":"","ocean_disable_breadcrumbs":"default","ocean_breadcrumbs_color":"","ocean_breadcrumbs_separator_color":"","ocean_breadcrumbs_links_color":"","ocean_breadcrumbs_links_hover_color":"","ocean_display_footer_widgets":"default","ocean_display_footer_bottom":"default","ocean_custom_footer_template":"0"},"product_brand":[],"product_cat":[274],"product_tag":[275],"class_list":{"0":"post-10458","1":"product","2":"type-product","3":"status-publish","4":"has-post-thumbnail","6":"product_cat-chariot-elevateur","7":"product_tag-cpd30ev","9":"entry","10":"has-media","12":"first","13":"instock","14":"taxable","15":"shipping-taxable","16":"purchasable","17":"product-type-simple","18":"has-product-nav","19":"col","20":"span_1_of_5","21":"owp-content-center","22":"item-entry","23":"owp-thumbs-layout-horizontal","24":"owp-btn-normal","25":"owp-tabs-layout-horizontal","27":"circle-sale"},"jetpack_sharing_enabled":true,"_links":{"self":[{"href":"http:\/\/northforest-equipement.com\/fr\/wp-json\/wp\/v2\/product\/10458","targetHints":{"allow":["GET"]}}],"collection":[{"href":"http:\/\/northforest-equipement.com\/fr\/wp-json\/wp\/v2\/product"}],"about":[{"href":"http:\/\/northforest-equipement.com\/fr\/wp-json\/wp\/v2\/types\/product"}],"replies":[{"embeddable":true,"href":"http:\/\/northforest-equipement.com\/fr\/wp-json\/wp\/v2\/comments?post=10458"}],"wp:featuredmedia":[{"embeddable":true,"href":"http:\/\/northforest-equipement.com\/fr\/wp-json\/wp\/v2\/media\/10410"}],"wp:attachment":[{"href":"http:\/\/northforest-equipement.com\/fr\/wp-json\/wp\/v2\/media?parent=10458"}],"wp:term":[{"taxonomy":"product_brand","embeddable":true,"href":"http:\/\/northforest-equipement.com\/fr\/wp-json\/wp\/v2\/product_brand?post=10458"},{"taxonomy":"product_cat","embeddable":true,"href":"http:\/\/northforest-equipement.com\/fr\/wp-json\/wp\/v2\/product_cat?post=10458"},{"taxonomy":"product_tag","embeddable":true,"href":"http:\/\/northforest-equipement.com\/fr\/wp-json\/wp\/v2\/product_tag?post=10458"}],"curies":[{"name":"wp","href":"https:\/\/api.w.org\/{rel}","templated":true}]}}